{"id":2003775,"date":"2023-09-13T04:35:49","date_gmt":"2023-09-13T02:35:49","guid":{"rendered":"https:\/\/de.tilta.com\/shop\/placa-de-montaje-con-soporte-en-l-para-sony-zv-e10-negro\/"},"modified":"2025-12-05T13:35:17","modified_gmt":"2025-12-05T12:35:17","slug":"l-bracket-mounting-plate-for-sony-zv-e10-black","status":"publish","type":"product","link":"https:\/\/eu.tilta.com\/es\/shop\/l-bracket-mounting-plate-for-sony-zv-e10-black\/","title":{"rendered":"Placa de montaje con soporte en L para Sony ZV-E10 &#8211; Negro"},"content":{"rendered":"<div class=\"overview-text\">\n<p><em>Presentamos la placa de montaje con soporte en L para Sony ZV-E10: la opci\u00f3n m\u00e1s ligera y compacta para mejorar la funcionalidad de tu c\u00e1mara para la producci\u00f3n de v\u00eddeo.  <\/em><\/p>\n<p>Este dise\u00f1o de soporte en L recuerda al de una media jaula y admite muchos accesorios manteniendo un tama\u00f1o compacto mediante m\u00faltiples puntos de montaje, incluidas roscas de 1\/4\u2033-20 y un receptor de zapata fr\u00eda en la placa inferior.<\/p>\n<p>El soporte lleva integrado un agarre de silicona que hace que el sistema sea m\u00e1s c\u00f3modo y seguro de manejar gracias a su textura antideslizante.<\/p>\n<p>Gracias a su forma de soporte en L, esta jaula te permite mantener un acceso ininterrumpido a los puertos de la c\u00e1mara, los botones de usuario y el compartimento de la bater\u00eda sin necesidad de desmontarla.<\/p>\n<p>El Punto de Fijaci\u00f3n de Seguridad incluido sirve como segundo punto de contacto entre el Soporte y la C\u00e1mara, garantizando que \u00e9sta no gire durante su uso.<\/p>\n<p><em>Eleva tu c\u00e1mara con la Placa de montaje con soporte L para Sony ZV-E10 y libera el verdadero potencial de tu c\u00e1mara.<\/em><\/p>\n<\/div>\n","protected":false},"excerpt":{"rendered":"<p>Presentamos la placa de montaje con soporte en L para Sony ZV-E10: la opci\u00f3n m\u00e1s ligera y compacta para mejorar la funcionalidad de tu c\u00e1mara para la producci\u00f3n de v\u00eddeo. Este dise\u00f1o de soporte en L recuerda al de una [&hellip;]<\/p>\n","protected":false},"featured_media":2003776,"comment_status":"closed","ping_status":"closed","template":"","meta":[],"product_cat":[2841],"product_tag":[],"acf":[],"gallery_images":[1946179,1946178,1948888,1948889],"_links":{"self":[{"href":"https:\/\/eu.tilta.com\/es\/wp-json\/wp\/v2\/product\/2003775"}],"collection":[{"href":"https:\/\/eu.tilta.com\/es\/wp-json\/wp\/v2\/product"}],"about":[{"href":"https:\/\/eu.tilta.com\/es\/wp-json\/wp\/v2\/types\/product"}],"replies":[{"embeddable":true,"href":"https:\/\/eu.tilta.com\/es\/wp-json\/wp\/v2\/comments?post=2003775"}],"wp:featuredmedia":[{"embeddable":true,"href":"https:\/\/eu.tilta.com\/es\/wp-json\/wp\/v2\/media\/2003776"}],"wp:attachment":[{"href":"https:\/\/eu.tilta.com\/es\/wp-json\/wp\/v2\/media?parent=2003775"}],"wp:term":[{"taxonomy":"product_cat","embeddable":true,"href":"https:\/\/eu.tilta.com\/es\/wp-json\/wp\/v2\/product_cat?post=2003775"},{"taxonomy":"product_tag","embeddable":true,"href":"https:\/\/eu.tilta.com\/es\/wp-json\/wp\/v2\/product_tag?post=2003775"}],"curies":[{"name":"wp","href":"https:\/\/api.w.org\/{rel}","templated":true}]}}