{"id":2003794,"date":"2023-09-07T11:09:07","date_gmt":"2023-09-07T09:09:07","guid":{"rendered":"https:\/\/de.tilta.com\/shop\/jaula-de-camara-para-el-kit-basico-fujifilm-x-s20-negro\/"},"modified":"2025-12-05T13:35:17","modified_gmt":"2025-12-05T12:35:17","slug":"camera-cage-for-fujifilm-x-s20-basic-kit-black","status":"publish","type":"product","link":"https:\/\/eu.tilta.com\/es\/shop\/camera-cage-for-fujifilm-x-s20-basic-kit-black\/","title":{"rendered":"Jaula de c\u00e1mara para el kit b\u00e1sico Fujifilm X-S20 &#8211; Negro"},"content":{"rendered":"<div class=\"overview-text\">\n<p><em>Presentamos el Kit B\u00e1sico de Jaula de C\u00e1mara para Fujifilm X-S20, el equipo de c\u00e1mara compacta definitivo para mejorar la funcionalidad de tu sistema con unos pocos accesorios estrat\u00e9gicos.  <\/em><\/p>\n<p>Esta jaula protege el cuerpo de tu c\u00e1mara con su armaz\u00f3n de aleaci\u00f3n de aluminio y cuenta con m\u00faltiples opciones para montar diversos accesorios.<\/p>\n<p>Los puntos de montaje incluyen varios receptores de zapata fr\u00eda, ra\u00edl OTAN para asas laterales, ranuras para correas de hombro, roscas de 3\/8\u2033-16 y 1\/4\u2033-20 con puntos de fijaci\u00f3n.<\/p>\n<p>La jaula incorpora una conexi\u00f3n ARCA-Swiss en la placa inferior que permite a los usuarios pasar r\u00e1pidamente de tr\u00edpodes basados en ARCA a cardanes como el DJI Ronin RS3 Pro.<\/p>\n<p>El accesorio de ra\u00edl OTAN incluido y el asa superior ergon\u00f3mica OTAN mejoran las opciones de manejo y funcionamiento, lo que resulta muy \u00fatil cuando se dispara en \u00e1ngulos bajos.<\/p>\n<p>El Asa superior aumenta las opciones de montaje con roscas adicionales de 1\/4\u2033-20 y un Receptor de <a href=\"https:\/\/de.tilta.com\/shop\/tiltaing-adjustable-cold-shoe-accessory-mounting-bracket\/\">zapata<\/a> fr\u00eda adicional, perfecto para un monitor externo mediante un accesorio como nuestro <a href=\"https:\/\/de.tilta.com\/shop\/tiltaing-adjustable-cold-shoe-accessory-mounting-bracket\/\">Soporte para monitor de zapata<\/a> fr\u00eda.<\/p>\n<p>La jaula presenta un dise\u00f1o ajustado que utiliza m\u00faltiples puntos de contacto mediante tornillos de seguridad laterales. Esto reduce enormemente el riesgo de que la jaula gire dentro de ella.<\/p>\n<p>Con la jaula para c\u00e1mara completa se incluye una abrazadera para cables basada en un tornillo de mariposa que permite a los usuarios fijar mejor los cables esenciales.<\/p>\n<\/div>\n","protected":false},"excerpt":{"rendered":"<p>Presentamos el Kit B\u00e1sico de Jaula de C\u00e1mara para Fujifilm X-S20, el equipo de c\u00e1mara compacta definitivo para mejorar la funcionalidad de tu sistema con unos pocos accesorios estrat\u00e9gicos. Esta jaula protege el cuerpo de tu c\u00e1mara con su armaz\u00f3n [&hellip;]<\/p>\n","protected":false},"featured_media":2003798,"comment_status":"closed","ping_status":"closed","template":"","meta":[],"product_cat":[2839],"product_tag":[],"acf":[],"gallery_images":[1947947,1947946,1947869],"_links":{"self":[{"href":"https:\/\/eu.tilta.com\/es\/wp-json\/wp\/v2\/product\/2003794"}],"collection":[{"href":"https:\/\/eu.tilta.com\/es\/wp-json\/wp\/v2\/product"}],"about":[{"href":"https:\/\/eu.tilta.com\/es\/wp-json\/wp\/v2\/types\/product"}],"replies":[{"embeddable":true,"href":"https:\/\/eu.tilta.com\/es\/wp-json\/wp\/v2\/comments?post=2003794"}],"wp:featuredmedia":[{"embeddable":true,"href":"https:\/\/eu.tilta.com\/es\/wp-json\/wp\/v2\/media\/2003798"}],"wp:attachment":[{"href":"https:\/\/eu.tilta.com\/es\/wp-json\/wp\/v2\/media?parent=2003794"}],"wp:term":[{"taxonomy":"product_cat","embeddable":true,"href":"https:\/\/eu.tilta.com\/es\/wp-json\/wp\/v2\/product_cat?post=2003794"},{"taxonomy":"product_tag","embeddable":true,"href":"https:\/\/eu.tilta.com\/es\/wp-json\/wp\/v2\/product_tag?post=2003794"}],"curies":[{"name":"wp","href":"https:\/\/api.w.org\/{rel}","templated":true}]}}