{"id":2003841,"date":"2023-08-30T11:55:34","date_gmt":"2023-08-30T09:55:34","guid":{"rendered":"https:\/\/de.tilta.com\/shop\/abrazadera-de-cable-hdmi-y-usb-c-para-nikon-z8\/"},"modified":"2026-02-16T09:03:16","modified_gmt":"2026-02-16T08:03:16","slug":"hdmi-and-usb-c-cable-clamp-for-nikon-z8","status":"publish","type":"product","link":"https:\/\/eu.tilta.com\/es\/shop\/hdmi-and-usb-c-cable-clamp-for-nikon-z8\/","title":{"rendered":"Abrazadera de cable HDMI y USB-C para Nikon Z8"},"content":{"rendered":"<div class=\"overview-text\">\n<p><em>Te presentamos la abrazadera para cables HDMI y USB-C para Nikon Z8, el accesorio ligero ideal para proporcionar una mayor seguridad a los cables de tu Nikon Z8.<\/em><\/p>\n<p>Esta moderna abrazadera para cables se integra f\u00e1cilmente en <a href=\"https:\/\/de.tilta.com\/shop\/full-camera-cage-for-nikon-z8-black\/\">la Jaula para C\u00e1mara Completa de la Nikon Z8<\/a> mediante un punto de fijaci\u00f3n espec\u00edfico que utiliza una peque\u00f1a ranura de montaje, adem\u00e1s de un tornillo de mariposa, para fijar la abrazadera y evitar que el accesorio gire durante su uso.<\/p>\n<p>Esta abrazadera proporciona mayor seguridad a los cables y permite a los usuarios asegurar varios cables, incluidos HDMI y USB-C, mediante un \u00fanico accesorio.<\/p>\n<p>Los tornillos de mariposa permiten fijar o quitar los cables r\u00e1pidamente y garantizan que no se necesiten herramientas espec\u00edficas para utilizar este accesorio.<\/p>\n<\/div>\n","protected":false},"excerpt":{"rendered":"<p>Te presentamos la abrazadera para cables HDMI y USB-C para Nikon Z8, el accesorio ligero ideal para proporcionar una mayor seguridad a los cables de tu Nikon Z8. Esta moderna abrazadera para cables se integra f\u00e1cilmente en la Jaula para [&hellip;]<\/p>\n","protected":false},"featured_media":2003842,"comment_status":"closed","ping_status":"closed","template":"","meta":[],"product_cat":[4448,2837],"product_tag":[],"acf":[],"gallery_images":[2003843,2003844,2003845,2003846],"_links":{"self":[{"href":"https:\/\/eu.tilta.com\/es\/wp-json\/wp\/v2\/product\/2003841"}],"collection":[{"href":"https:\/\/eu.tilta.com\/es\/wp-json\/wp\/v2\/product"}],"about":[{"href":"https:\/\/eu.tilta.com\/es\/wp-json\/wp\/v2\/types\/product"}],"replies":[{"embeddable":true,"href":"https:\/\/eu.tilta.com\/es\/wp-json\/wp\/v2\/comments?post=2003841"}],"wp:featuredmedia":[{"embeddable":true,"href":"https:\/\/eu.tilta.com\/es\/wp-json\/wp\/v2\/media\/2003842"}],"wp:attachment":[{"href":"https:\/\/eu.tilta.com\/es\/wp-json\/wp\/v2\/media?parent=2003841"}],"wp:term":[{"taxonomy":"product_cat","embeddable":true,"href":"https:\/\/eu.tilta.com\/es\/wp-json\/wp\/v2\/product_cat?post=2003841"},{"taxonomy":"product_tag","embeddable":true,"href":"https:\/\/eu.tilta.com\/es\/wp-json\/wp\/v2\/product_tag?post=2003841"}],"curies":[{"name":"wp","href":"https:\/\/api.w.org\/{rel}","templated":true}]}}