{"id":2003860,"date":"2023-08-25T10:38:45","date_gmt":"2023-08-25T08:38:45","guid":{"rendered":"https:\/\/de.tilta.com\/shop\/jaula-para-nikon-z8-kit-ligero\/"},"modified":"2025-12-05T13:35:31","modified_gmt":"2025-12-05T12:35:31","slug":"camera-cage-for-nikon-z8-lightweight-kit","status":"publish","type":"product","link":"https:\/\/eu.tilta.com\/es\/shop\/camera-cage-for-nikon-z8-lightweight-kit\/","title":{"rendered":"Jaula para Nikon Z8 Kit Ligero"},"content":{"rendered":"<p><em>Presentamos el Kit de Jaula Ligera de C\u00e1mara para Nikon Z8, la soluci\u00f3n ligera perfecta para mejorar la funcionalidad de tu c\u00e1mara en un entorno de producci\u00f3n de v\u00eddeo o fotograf\u00eda.<\/em><\/p>\n<p>La jaula Full Cage protege tu c\u00e1mara mediante su armaz\u00f3n de aleaci\u00f3n de aluminio y dispone de opciones flexibles para montar accesorios, como un receptor de zapata fr\u00eda, un ra\u00edl NATO y roscas de 3\/8\u2033-16 y 1\/4\u2033-20 con puntos de fijaci\u00f3n.<\/p>\n<p>La jaula cuenta con una placa inferior ARCA-Swiss integrada que permite a los usuarios cambiar r\u00e1pidamente entre tr\u00edpodes y cardanes compatibles, como el DJI Ronin RS3 Pro.<\/p>\n<p>La jaula presenta un dise\u00f1o seguro y ajustado a la forma que utiliza dos puntos de contacto y cuenta con una abrazadera para cables basada en un tornillo de mariposa que permite a los usuarios sujetar mejor los cables esenciales.<\/p>\n<p>El accesorio de ra\u00edl OTAN y el asa superior con base OTAN incluidos ofrecen opciones adicionales de manejo y funcionamiento, especialmente \u00fatiles cuando se realizan disparos desde \u00e1ngulos bajos.<\/p>\n<p>El Asa superior ampl\u00eda las opciones de montaje al proporcionar roscas adicionales de 1\/4\u2033-20 y un Receptor de <a href=\"https:\/\/de.tilta.com\/shop\/tiltaing-adjustable-cold-shoe-accessory-mounting-bracket\/\">zapata<\/a> fr\u00eda adicional, ideal para un monitor externo mediante nuestro <a href=\"https:\/\/de.tilta.com\/shop\/tiltaing-adjustable-cold-shoe-accessory-mounting-bracket\/\">Soporte para monitor de zapata<\/a> fr\u00eda.<\/p>\n","protected":false},"excerpt":{"rendered":"<p>Presentamos el Kit de Jaula Ligera de C\u00e1mara para Nikon Z8, la soluci\u00f3n ligera perfecta para mejorar la funcionalidad de tu c\u00e1mara en un entorno de producci\u00f3n de v\u00eddeo o fotograf\u00eda. La jaula Full Cage protege tu c\u00e1mara mediante su [&hellip;]<\/p>\n","protected":false},"featured_media":2003861,"comment_status":"closed","ping_status":"closed","template":"","meta":[],"product_cat":[2837],"product_tag":[],"acf":[],"gallery_images":[2003862,2003863,2003799,2003801,2003803],"_links":{"self":[{"href":"https:\/\/eu.tilta.com\/es\/wp-json\/wp\/v2\/product\/2003860"}],"collection":[{"href":"https:\/\/eu.tilta.com\/es\/wp-json\/wp\/v2\/product"}],"about":[{"href":"https:\/\/eu.tilta.com\/es\/wp-json\/wp\/v2\/types\/product"}],"replies":[{"embeddable":true,"href":"https:\/\/eu.tilta.com\/es\/wp-json\/wp\/v2\/comments?post=2003860"}],"wp:featuredmedia":[{"embeddable":true,"href":"https:\/\/eu.tilta.com\/es\/wp-json\/wp\/v2\/media\/2003861"}],"wp:attachment":[{"href":"https:\/\/eu.tilta.com\/es\/wp-json\/wp\/v2\/media?parent=2003860"}],"wp:term":[{"taxonomy":"product_cat","embeddable":true,"href":"https:\/\/eu.tilta.com\/es\/wp-json\/wp\/v2\/product_cat?post=2003860"},{"taxonomy":"product_tag","embeddable":true,"href":"https:\/\/eu.tilta.com\/es\/wp-json\/wp\/v2\/product_tag?post=2003860"}],"curies":[{"name":"wp","href":"https:\/\/api.w.org\/{rel}","templated":true}]}}