{"id":2003868,"date":"2023-08-18T09:56:40","date_gmt":"2023-08-18T07:56:40","guid":{"rendered":"https:\/\/de.tilta.com\/shop\/sistema-de-refrigeracion-para-sony-a6700-negro\/"},"modified":"2025-12-05T13:35:19","modified_gmt":"2025-12-05T12:35:19","slug":"cooling-system-for-sony-a6700-black","status":"publish","type":"product","link":"https:\/\/eu.tilta.com\/es\/shop\/cooling-system-for-sony-a6700-black\/","title":{"rendered":"Sistema de refrigeraci\u00f3n para Sony a6700 &#8211; Negro"},"content":{"rendered":"<div class=\"overview-text\">\n<p>El Sistema de Refrigeraci\u00f3n para Sony a6700 es el accesorio perfecto para los usuarios que desean disparar durante periodos de tiempo m\u00e1s largos en entornos con temperaturas m\u00e1s elevadas.<\/p>\n<p>El sistema se monta sin problemas en la <a href=\"https:\/\/de.tilta.com\/shop\/full-camera-cage-for-sony-a6700\/\">Jaula de c\u00e1mara completa para Sony a6700<\/a> mediante un \u00fanico tornillo de cabeza plana, lo que hace que el proceso de instalaci\u00f3n sea f\u00e1cil y seguro.<\/p>\n<p>Este m\u00f3dulo de refrigeraci\u00f3n puede alimentarse c\u00f3modamente mediante USB-C, lo que ofrece a los usuarios muchas opciones para alimentarlo.<\/p>\n<p>El sistema tambi\u00e9n cuenta con un ventilador ajustable, que te permite cambiar la velocidad para situaciones de disparo variables, lo que resulta especialmente \u00fatil al capturar audio.<\/p>\n<\/div>\n","protected":false},"excerpt":{"rendered":"<p>El Sistema de Refrigeraci\u00f3n para Sony a6700 es el accesorio perfecto para los usuarios que desean disparar durante periodos de tiempo m\u00e1s largos en entornos con temperaturas m\u00e1s elevadas. El sistema se monta sin problemas en la Jaula de c\u00e1mara [&hellip;]<\/p>\n","protected":false},"featured_media":2003869,"comment_status":"closed","ping_status":"closed","template":"","meta":[],"product_cat":[2836],"product_tag":[],"acf":[],"gallery_images":[1947466,1947467,1947465],"_links":{"self":[{"href":"https:\/\/eu.tilta.com\/es\/wp-json\/wp\/v2\/product\/2003868"}],"collection":[{"href":"https:\/\/eu.tilta.com\/es\/wp-json\/wp\/v2\/product"}],"about":[{"href":"https:\/\/eu.tilta.com\/es\/wp-json\/wp\/v2\/types\/product"}],"replies":[{"embeddable":true,"href":"https:\/\/eu.tilta.com\/es\/wp-json\/wp\/v2\/comments?post=2003868"}],"wp:featuredmedia":[{"embeddable":true,"href":"https:\/\/eu.tilta.com\/es\/wp-json\/wp\/v2\/media\/2003869"}],"wp:attachment":[{"href":"https:\/\/eu.tilta.com\/es\/wp-json\/wp\/v2\/media?parent=2003868"}],"wp:term":[{"taxonomy":"product_cat","embeddable":true,"href":"https:\/\/eu.tilta.com\/es\/wp-json\/wp\/v2\/product_cat?post=2003868"},{"taxonomy":"product_tag","embeddable":true,"href":"https:\/\/eu.tilta.com\/es\/wp-json\/wp\/v2\/product_tag?post=2003868"}],"curies":[{"name":"wp","href":"https:\/\/api.w.org\/{rel}","templated":true}]}}