{"id":2003873,"date":"2023-08-17T19:55:43","date_gmt":"2023-08-17T17:55:43","guid":{"rendered":"https:\/\/de.tilta.com\/shop\/jaula-de-camara-para-sony-a6700-kit-ligero\/"},"modified":"2025-12-05T13:35:31","modified_gmt":"2025-12-05T12:35:31","slug":"camera-cage-for-sony-a6700-lightweight-kit","status":"publish","type":"product","link":"https:\/\/eu.tilta.com\/es\/shop\/camera-cage-for-sony-a6700-lightweight-kit\/","title":{"rendered":"Jaula de c\u00e1mara para Sony a6700 Kit ligero"},"content":{"rendered":"<p><em>Te presentamos la Jaula de c\u00e1mara para el kit ligero Sony a6700, una fant\u00e1stica opci\u00f3n compacta para ampliar la funcionalidad de tu c\u00e1mara en un entorno de producci\u00f3n de v\u00eddeo._<\/em><\/p>\n<p>Esta jaula proporciona un blindaje protector a tu c\u00e1mara y cuenta con amplias opciones para montar accesorios adicionales, como receptores de zapata fr\u00eda, ra\u00edl NATO y roscas 1\/4_-20 con puntos de fijaci\u00f3n.<\/p>\n<p>La jaula cuenta con una placa inferior ARCA-Swiss extra\u00edble que permite transiciones r\u00e1pidas porque las cabezas de tr\u00edpode y cardanes como el <a href=\"https:\/\/de.tilta.com\/product-category\/ecosystem-for-dji-ronin\/\">DJI Ronin RS2 y RS3 Pro<\/a>.<\/p>\n<p>Esta Placa ARCA permite ser montada en el lateral de la jaula de la c\u00e1mara para acomodar_ configuraciones de disparo tanto horizontales como verticales.<\/p>\n<p>La jaula presenta un dise\u00f1o seguro y ajustado que utiliza dos puntos de contacto y es compatible con el Sony ECM-W2BT.<\/p>\n<p>El ra\u00edl NATO y el asa superior NATO incluidos ofrecen opciones de disparo y manejo m\u00e1s flexibles, especialmente \u00fatiles para conseguir disparos desde \u00e1ngulos bajos.<\/p>\n<p>El asa superior tambi\u00e9n mejora las opciones de montaje con roscas adicionales de 1\/4_-20 y un receptor de zapata fr\u00eda, perfecto para un monitor externo.<\/p>\n<p>Tambi\u00e9n se incluye en este kit el <a href=\"https:\/\/de.tilta.com\/shop\/cooling-system-for-sony-a6700-black\/\">sistema de refrigeraci\u00f3n<\/a>, que permite a los usuarios grabar durante m\u00e1s tiempo sin sobrecalentarse, se fija c\u00f3modamente mediante tornillos de mariposa, se alimenta a trav\u00e9s de USB-C y cuenta con velocidades de ventilador ajustables.<\/p>\n","protected":false},"excerpt":{"rendered":"<p>Te presentamos la Jaula de c\u00e1mara para el kit ligero Sony a6700, una fant\u00e1stica opci\u00f3n compacta para ampliar la funcionalidad de tu c\u00e1mara en un entorno de producci\u00f3n de v\u00eddeo._ Esta jaula proporciona un blindaje protector a tu c\u00e1mara y [&hellip;]<\/p>\n","protected":false},"featured_media":2003874,"comment_status":"closed","ping_status":"closed","template":"","meta":[],"product_cat":[2836],"product_tag":[],"acf":[],"gallery_images":[2003875,2003876,2003877,2003878],"_links":{"self":[{"href":"https:\/\/eu.tilta.com\/es\/wp-json\/wp\/v2\/product\/2003873"}],"collection":[{"href":"https:\/\/eu.tilta.com\/es\/wp-json\/wp\/v2\/product"}],"about":[{"href":"https:\/\/eu.tilta.com\/es\/wp-json\/wp\/v2\/types\/product"}],"replies":[{"embeddable":true,"href":"https:\/\/eu.tilta.com\/es\/wp-json\/wp\/v2\/comments?post=2003873"}],"wp:featuredmedia":[{"embeddable":true,"href":"https:\/\/eu.tilta.com\/es\/wp-json\/wp\/v2\/media\/2003874"}],"wp:attachment":[{"href":"https:\/\/eu.tilta.com\/es\/wp-json\/wp\/v2\/media?parent=2003873"}],"wp:term":[{"taxonomy":"product_cat","embeddable":true,"href":"https:\/\/eu.tilta.com\/es\/wp-json\/wp\/v2\/product_cat?post=2003873"},{"taxonomy":"product_tag","embeddable":true,"href":"https:\/\/eu.tilta.com\/es\/wp-json\/wp\/v2\/product_tag?post=2003873"}],"curies":[{"name":"wp","href":"https:\/\/api.w.org\/{rel}","templated":true}]}}