{"id":2003899,"date":"2023-08-17T10:37:39","date_gmt":"2023-08-17T08:37:39","guid":{"rendered":"https:\/\/de.tilta.com\/shop\/jaula-de-camara-completa-para-sony-a6700\/"},"modified":"2025-12-05T13:35:31","modified_gmt":"2025-12-05T12:35:31","slug":"full-camera-cage-for-sony-a6700","status":"publish","type":"product","link":"https:\/\/eu.tilta.com\/es\/shop\/full-camera-cage-for-sony-a6700\/","title":{"rendered":"Jaula de c\u00e1mara completa para Sony a6700"},"content":{"rendered":"<p><em>Presentamos la Jaula de c\u00e1mara completa para Sony a6700, una opci\u00f3n fant\u00e1stica para ampliar la funcionalidad de tu c\u00e1mara en un entorno de producci\u00f3n de v\u00eddeo.  <\/em><\/p>\n<p>Esta jaula proporciona un blindaje protector a tu c\u00e1mara y cuenta con amplias opciones para montar accesorios adicionales, como receptores de zapata fr\u00eda, ra\u00edl NATO y roscas de 1\/4\u2033-20 con puntos de fijaci\u00f3n.<\/p>\n<p>La jaula cuenta con una placa inferior ARCA-Swiss extra\u00edble que permite realizar transiciones r\u00e1pidas entre cabezas de tr\u00edpode y cardanes como el <a href=\"https:\/\/de.tilta.com\/product-category\/ecosystem-for-dji-ronin\/\">DJI Ronin RS2 y RS3 Pro<\/a>.<\/p>\n<p>Esta Placa ARCA puede montarse en el lateral de la jaula de la c\u00e1mara para adaptarse a configuraciones de disparo tanto horizontales como verticales.<\/p>\n<p>La jaula presenta un dise\u00f1o seguro y ajustado que utiliza dos puntos de contacto y es compatible con el Sony ECM-W2BT.<\/p>\n","protected":false},"excerpt":{"rendered":"<p>Presentamos la Jaula de c\u00e1mara completa para Sony a6700, una opci\u00f3n fant\u00e1stica para ampliar la funcionalidad de tu c\u00e1mara en un entorno de producci\u00f3n de v\u00eddeo. Esta jaula proporciona un blindaje protector a tu c\u00e1mara y cuenta con amplias opciones [&hellip;]<\/p>\n","protected":false},"featured_media":2003900,"comment_status":"closed","ping_status":"closed","template":"","meta":[],"product_cat":[2836],"product_tag":[],"acf":[],"gallery_images":[1948485,1948486,1947405,1947406],"_links":{"self":[{"href":"https:\/\/eu.tilta.com\/es\/wp-json\/wp\/v2\/product\/2003899"}],"collection":[{"href":"https:\/\/eu.tilta.com\/es\/wp-json\/wp\/v2\/product"}],"about":[{"href":"https:\/\/eu.tilta.com\/es\/wp-json\/wp\/v2\/types\/product"}],"replies":[{"embeddable":true,"href":"https:\/\/eu.tilta.com\/es\/wp-json\/wp\/v2\/comments?post=2003899"}],"wp:featuredmedia":[{"embeddable":true,"href":"https:\/\/eu.tilta.com\/es\/wp-json\/wp\/v2\/media\/2003900"}],"wp:attachment":[{"href":"https:\/\/eu.tilta.com\/es\/wp-json\/wp\/v2\/media?parent=2003899"}],"wp:term":[{"taxonomy":"product_cat","embeddable":true,"href":"https:\/\/eu.tilta.com\/es\/wp-json\/wp\/v2\/product_cat?post=2003899"},{"taxonomy":"product_tag","embeddable":true,"href":"https:\/\/eu.tilta.com\/es\/wp-json\/wp\/v2\/product_tag?post=2003899"}],"curies":[{"name":"wp","href":"https:\/\/api.w.org\/{rel}","templated":true}]}}