{"id":2003978,"date":"2023-08-07T09:54:41","date_gmt":"2023-08-07T07:54:41","guid":{"rendered":"https:\/\/de.tilta.com\/shop\/placa-base-de-montaje-con-empunadura-para-sony-zv-1-zv-1f-zv-1m2-negro\/"},"modified":"2025-12-05T13:35:24","modified_gmt":"2025-12-05T12:35:24","slug":"mounting-baseplate-with-grip-for-sony-zv-1-zv-1f-zv-1m2-black","status":"publish","type":"product","link":"https:\/\/eu.tilta.com\/es\/shop\/mounting-baseplate-with-grip-for-sony-zv-1-zv-1f-zv-1m2-black\/","title":{"rendered":"Placa base de montaje con empu\u00f1adura para Sony ZV-1 \/ ZV-1F \/ ZV-1M2- Negro"},"content":{"rendered":"<div class=\"overview-text\">\n<p><em>Presentamos la Placa base de montaje con empu\u00f1adura para Sony ZV-1, ZV-1F y ZV-1M2, \u00a1un c\u00f3modo y ligero accesorio para ampliar las posibilidades de montaje de tu c\u00e1mara!  <\/em><\/p>\n<p>Estas placas base presentan un dise\u00f1o exclusivo que permite ajustar la posici\u00f3n del tornillo de montaje de la c\u00e1mara para adaptarse a diferentes cuerpos de c\u00e1mara.<\/p>\n<p>Esta placa base incorpora m\u00faltiples roscas de 1\/4\u2033-20 en la placa inferior y en la empu\u00f1adura derecha, lo que te permite disparar en vertical u horizontal.<\/p>\n<p>Estas roscas de 1\/4\u2033-20, adem\u00e1s de un receptor de zapata fr\u00eda en la placa inferior, tambi\u00e9n se pueden utilizar para montar diversos accesorios, como luces de a bordo o micr\u00f3fonos externos.<\/p>\n<p>La empu\u00f1adura integrada crea una experiencia de manejo m\u00e1s c\u00f3moda y se integra perfectamente en el cuerpo de la c\u00e1mara para ofrecer un aspecto cohesionado.<\/p>\n<\/div>\n","protected":false},"excerpt":{"rendered":"<p>Presentamos la Placa base de montaje con empu\u00f1adura para Sony ZV-1, ZV-1F y ZV-1M2, \u00a1un c\u00f3modo y ligero accesorio para ampliar las posibilidades de montaje de tu c\u00e1mara! Estas placas base presentan un dise\u00f1o exclusivo que permite ajustar la posici\u00f3n [&hellip;]<\/p>\n","protected":false},"featured_media":2003980,"comment_status":"closed","ping_status":"closed","template":"","meta":[],"product_cat":[2835],"product_tag":[],"acf":[],"gallery_images":[1944929,1944928,1944930,1944927],"_links":{"self":[{"href":"https:\/\/eu.tilta.com\/es\/wp-json\/wp\/v2\/product\/2003978"}],"collection":[{"href":"https:\/\/eu.tilta.com\/es\/wp-json\/wp\/v2\/product"}],"about":[{"href":"https:\/\/eu.tilta.com\/es\/wp-json\/wp\/v2\/types\/product"}],"replies":[{"embeddable":true,"href":"https:\/\/eu.tilta.com\/es\/wp-json\/wp\/v2\/comments?post=2003978"}],"wp:featuredmedia":[{"embeddable":true,"href":"https:\/\/eu.tilta.com\/es\/wp-json\/wp\/v2\/media\/2003980"}],"wp:attachment":[{"href":"https:\/\/eu.tilta.com\/es\/wp-json\/wp\/v2\/media?parent=2003978"}],"wp:term":[{"taxonomy":"product_cat","embeddable":true,"href":"https:\/\/eu.tilta.com\/es\/wp-json\/wp\/v2\/product_cat?post=2003978"},{"taxonomy":"product_tag","embeddable":true,"href":"https:\/\/eu.tilta.com\/es\/wp-json\/wp\/v2\/product_tag?post=2003978"}],"curies":[{"name":"wp","href":"https:\/\/api.w.org\/{rel}","templated":true}]}}