{"id":2003979,"date":"2023-08-04T19:43:05","date_gmt":"2023-08-04T17:43:05","guid":{"rendered":"https:\/\/de.tilta.com\/shop\/brazo-extendido-para-rs3-mini\/"},"modified":"2025-12-05T13:35:24","modified_gmt":"2025-12-05T12:35:24","slug":"extended-arm-for-rs3-mini","status":"publish","type":"product","link":"https:\/\/eu.tilta.com\/es\/shop\/extended-arm-for-rs3-mini\/","title":{"rendered":"Brazo extendido para RS3 Mini"},"content":{"rendered":"<p><em>Presentamos el Brazo Extendido para RS3 Mini, \u00a1un peque\u00f1o accesorio con un gran impacto en la capacidad de tu card\u00e1n ligero!<\/em><\/p>\n<p>Este brazo extendido sustituye al que se incluye con el RS3 Mini y permite que tu card\u00e1n se adapte m\u00e1s f\u00e1cilmente a dispositivos de distintos tama\u00f1os.<\/p>\n<p>El brazo vertical se ha ampliado 20 mm, lo que rebaja de forma efectiva el centro de gravedad de la carga \u00fatil del card\u00e1n y permite a los usuarios equilibrar f\u00e1cilmente c\u00e1maras m\u00e1s grandes de las que el card\u00e1n podr\u00eda soportar normalmente, siempre que est\u00e9n dentro del l\u00edmite de peso del card\u00e1n.<\/p>\n<p>La placa base giratoria permite a los usuarios la m\u00e1xima flexibilidad a la hora de montar el soporte de su c\u00e1mara o tel\u00e9fono en varias orientaciones, y la funci\u00f3n de liberaci\u00f3n r\u00e1pida facilita el paso del RS3 Mini a otros sistemas de soporte.<\/p>\n","protected":false},"excerpt":{"rendered":"<p>Presentamos el Brazo Extendido para RS3 Mini, \u00a1un peque\u00f1o accesorio con un gran impacto en la capacidad de tu card\u00e1n ligero! Este brazo extendido sustituye al que se incluye con el RS3 Mini y permite que tu card\u00e1n se adapte [&hellip;]<\/p>\n","protected":false},"featured_media":2003985,"comment_status":"closed","ping_status":"closed","template":"","meta":[],"product_cat":[3010],"product_tag":[],"acf":[],"gallery_images":[2003986,2003987,2003988,2003989,2003990,2003991],"_links":{"self":[{"href":"https:\/\/eu.tilta.com\/es\/wp-json\/wp\/v2\/product\/2003979"}],"collection":[{"href":"https:\/\/eu.tilta.com\/es\/wp-json\/wp\/v2\/product"}],"about":[{"href":"https:\/\/eu.tilta.com\/es\/wp-json\/wp\/v2\/types\/product"}],"replies":[{"embeddable":true,"href":"https:\/\/eu.tilta.com\/es\/wp-json\/wp\/v2\/comments?post=2003979"}],"wp:featuredmedia":[{"embeddable":true,"href":"https:\/\/eu.tilta.com\/es\/wp-json\/wp\/v2\/media\/2003985"}],"wp:attachment":[{"href":"https:\/\/eu.tilta.com\/es\/wp-json\/wp\/v2\/media?parent=2003979"}],"wp:term":[{"taxonomy":"product_cat","embeddable":true,"href":"https:\/\/eu.tilta.com\/es\/wp-json\/wp\/v2\/product_cat?post=2003979"},{"taxonomy":"product_tag","embeddable":true,"href":"https:\/\/eu.tilta.com\/es\/wp-json\/wp\/v2\/product_tag?post=2003979"}],"curies":[{"name":"wp","href":"https:\/\/api.w.org\/{rel}","templated":true}]}}