{"id":2004019,"date":"2023-08-04T09:57:28","date_gmt":"2023-08-04T07:57:28","guid":{"rendered":"https:\/\/de.tilta.com\/shop\/adaptador-de-varilla-dji-de-15-mm-a-12-mm-tilta-20-cm-negro\/"},"modified":"2026-02-16T09:00:56","modified_gmt":"2026-02-16T08:00:56","slug":"tilta-15mm-to-12mm-dji-rod-adapter-20cm-black","status":"publish","type":"product","link":"https:\/\/eu.tilta.com\/es\/shop\/tilta-15mm-to-12mm-dji-rod-adapter-20cm-black\/","title":{"rendered":"Adaptador de varilla DJI de 15 mm a 12 mm Tilta (20 cm) &#8211; Negro"},"content":{"rendered":"<p><em>Te presentamos el adaptador de varilla DJI de 15 mm a 12 mm Tilta, \u00a1la soluci\u00f3n perfecta para utilizar tu motor DJI RS Focus con una montura de varilla de 15 mm m\u00e1s tradicional!<\/em><\/p>\n<p>Este accesorio presenta un di\u00e1metro de 15 mm en un extremo y un di\u00e1metro de 12 mm en el otro, lo que permite a los usuarios montarlos en los portaca\u00f1as de 15 mm que se encuentran en las placas base ligeras tradicionales o mediante nuestros <a href=\"https:\/\/de.tilta.com\/search-results?q=rod+holders\">portaca\u00f1as de un solo lado<\/a>.<\/p>\n<p>Esto crea una conexi\u00f3n m\u00e1s segura y limita la posibilidad de que el motor de enfoque se separe del objetivo, lo que resulta especialmente \u00fatil cuando se utiliza un objetivo m\u00e1s r\u00edgido o un adaptador de objetivo.<\/p>\n<p>El interior del extremo de 15 mm presenta roscas de 11 mm que te permiten ampliar la longitud de ese extremo si es necesario.<\/p>\n","protected":false},"excerpt":{"rendered":"<p>Te presentamos el adaptador de varilla DJI de 15 mm a 12 mm Tilta, \u00a1la soluci\u00f3n perfecta para utilizar tu motor DJI RS Focus con una montura de varilla de 15 mm m\u00e1s tradicional! Este accesorio presenta un di\u00e1metro de [&hellip;]<\/p>\n","protected":false},"featured_media":2004023,"comment_status":"closed","ping_status":"closed","template":"","meta":[],"product_cat":[4448,3010,2881],"product_tag":[],"acf":[],"gallery_images":[1946418,1946417,1946420,1946419,1946421],"_links":{"self":[{"href":"https:\/\/eu.tilta.com\/es\/wp-json\/wp\/v2\/product\/2004019"}],"collection":[{"href":"https:\/\/eu.tilta.com\/es\/wp-json\/wp\/v2\/product"}],"about":[{"href":"https:\/\/eu.tilta.com\/es\/wp-json\/wp\/v2\/types\/product"}],"replies":[{"embeddable":true,"href":"https:\/\/eu.tilta.com\/es\/wp-json\/wp\/v2\/comments?post=2004019"}],"wp:featuredmedia":[{"embeddable":true,"href":"https:\/\/eu.tilta.com\/es\/wp-json\/wp\/v2\/media\/2004023"}],"wp:attachment":[{"href":"https:\/\/eu.tilta.com\/es\/wp-json\/wp\/v2\/media?parent=2004019"}],"wp:term":[{"taxonomy":"product_cat","embeddable":true,"href":"https:\/\/eu.tilta.com\/es\/wp-json\/wp\/v2\/product_cat?post=2004019"},{"taxonomy":"product_tag","embeddable":true,"href":"https:\/\/eu.tilta.com\/es\/wp-json\/wp\/v2\/product_tag?post=2004019"}],"curies":[{"name":"wp","href":"https:\/\/api.w.org\/{rel}","templated":true}]}}