{"id":2004036,"date":"2023-08-04T16:56:54","date_gmt":"2023-08-04T14:56:54","guid":{"rendered":"https:\/\/de.tilta.com\/shop\/jaula-de-camara-para-el-kit-basico-red-komodo-x-negro\/"},"modified":"2025-12-05T13:35:26","modified_gmt":"2025-12-05T12:35:26","slug":"camera-cage-for-red-komodo-x-basic-kit-black","status":"publish","type":"product","link":"https:\/\/eu.tilta.com\/es\/shop\/camera-cage-for-red-komodo-x-basic-kit-black\/","title":{"rendered":"Jaula de c\u00e1mara para el kit b\u00e1sico RED KOMODO-X &#8211; Negro"},"content":{"rendered":"<div class=\"overview-text\">\n<p><em>Presentamos el sistema de jaula de c\u00e1mara definitivo para la RED Komodo-X. Mejora tu experiencia cinematogr\u00e1fica con nuestra vanguardista jaula para c\u00e1mara, dise\u00f1ada exclusivamente para la nueva generaci\u00f3n de Komodo.  <\/em><\/p>\n<p>Construido para salvaguardar tu c\u00e1mara de cine compacta, nuestro sistema protege tu c\u00e1mara en una jaula completa segura y duradera, que es la base de este kit.<\/p>\n<p>Dise\u00f1ada pensando en la versatilidad, la jaula cuenta con una serie de puntos de montaje estrat\u00e9gicos, como ra\u00edles NATO, un receptor de zapata fr\u00eda, rosetas Arri y roscas de 1\/4\u2033-20 y 3\/8\u2033-16 con puntos de fijaci\u00f3n.<\/p>\n<p>Incluido con la Jaula Completa, nuestro nuevo Soporte Adaptador de Objetivos emplea un sofisticado dise\u00f1o basado en abrazaderas, que proporciona m\u00faltiples puntos de contacto para mejorar la estabilidad.<\/p>\n<p>Este enfoque no s\u00f3lo aumenta la seguridad de tus adaptadores de objetivos, como nuestro <a href=\"https:\/\/de.tilta.com\/shop\/tiltaing-canon-rf-mount-to-pl-mount-adapter-with-adjustable-back-focus\/\">Adaptador de Montura RF a Montura PL de Canon<\/a>, sino que tambi\u00e9n refuerza tu confianza al utilizar objetivos m\u00e1s grandes.<\/p>\n<p>Experimenta un nuevo nivel de comodidad con nuestra asa superior plegable, \u00fanica en su clase, que permite a los usuarios apartar la mayor parte del asa, proporcionando un acceso sin obst\u00e1culos a la pantalla superior de tu c\u00e1mara.<\/p>\n<p>Esta empu\u00f1adura tambi\u00e9n dispone de m\u00faltiples puntos de contacto con la jaula, sin dejar de ser compatible con el monitor DSMC3 RED TOUCH de 7,0\u2033.<\/p>\n<p>Esta empu\u00f1adura proporciona puntos de montaje adicionales para accesorios como otro receptor de zapata fr\u00eda, un portaca\u00f1as de 15 mm, roscas de 1\/4\u2033-20 y 3\/8\u2033-16 con puntos de fijaci\u00f3n.<\/p>\n<p>Este kit incluye un Asa de Madera Izquierda tallada en madera de nogal negro y con un dise\u00f1o ergon\u00f3mico que proporciona la m\u00e1xima comodidad al manejar un aparejo de distintos tama\u00f1os.<\/p>\n<p>La empu\u00f1adura basada en la OTAN tambi\u00e9n es giratoria, lo que permite a los usuarios encontrar la posici\u00f3n de manejo perfecta y volver a colocarla r\u00e1pidamente cuando sea necesario.<\/p>\n<p>Completa el kit nuestra placa base LWS de 15 mm, que admite varillas dobles de 15 mm y accesorios basados en varillas, como sistemas de seguimiento de enfoque o cajas de mate.<\/p>\n<p>Esta placa base tiene una placa inferior compatible con nuestras colas de milano est\u00e1ndar Tilta y puede mejorarse para soportar barras de 19 mm y montarse en colas de milano est\u00e1ndar Arri mediante nuestra <a href=\"https:\/\/de.tilta.com\/shop\/19mm-tilta-studio-multi-functional-baseplate-tt-c06-d\/\">placa base adaptadora de 19 mm<\/a>. (opcional)<\/p>\n<p><em>Eleva tu potencial creativo, protege tu equipo y da rienda suelta a toda tu visi\u00f3n con un sistema completo que integra a la perfecci\u00f3n protecci\u00f3n, versatilidad e innovaci\u00f3n.<\/em><\/p>\n<\/div>\n","protected":false},"excerpt":{"rendered":"<p>Presentamos el sistema de jaula de c\u00e1mara definitivo para la RED Komodo-X. Mejora tu experiencia cinematogr\u00e1fica con nuestra vanguardista jaula para c\u00e1mara, dise\u00f1ada exclusivamente para la nueva generaci\u00f3n de Komodo. Construido para salvaguardar tu c\u00e1mara de cine compacta, nuestro sistema [&hellip;]<\/p>\n","protected":false},"featured_media":2004037,"comment_status":"closed","ping_status":"closed","template":"","meta":[],"product_cat":[2746],"product_tag":[],"acf":[],"gallery_images":[2004038,2004039,2003968,2003969,2003970,2003971],"_links":{"self":[{"href":"https:\/\/eu.tilta.com\/es\/wp-json\/wp\/v2\/product\/2004036"}],"collection":[{"href":"https:\/\/eu.tilta.com\/es\/wp-json\/wp\/v2\/product"}],"about":[{"href":"https:\/\/eu.tilta.com\/es\/wp-json\/wp\/v2\/types\/product"}],"replies":[{"embeddable":true,"href":"https:\/\/eu.tilta.com\/es\/wp-json\/wp\/v2\/comments?post=2004036"}],"wp:featuredmedia":[{"embeddable":true,"href":"https:\/\/eu.tilta.com\/es\/wp-json\/wp\/v2\/media\/2004037"}],"wp:attachment":[{"href":"https:\/\/eu.tilta.com\/es\/wp-json\/wp\/v2\/media?parent=2004036"}],"wp:term":[{"taxonomy":"product_cat","embeddable":true,"href":"https:\/\/eu.tilta.com\/es\/wp-json\/wp\/v2\/product_cat?post=2004036"},{"taxonomy":"product_tag","embeddable":true,"href":"https:\/\/eu.tilta.com\/es\/wp-json\/wp\/v2\/product_tag?post=2004036"}],"curies":[{"name":"wp","href":"https:\/\/api.w.org\/{rel}","templated":true}]}}