{"id":2004044,"date":"2023-08-04T16:54:11","date_gmt":"2023-08-04T14:54:11","guid":{"rendered":"https:\/\/de.tilta.com\/shop\/asa-superior-plegable-para-red-komodo-x-negro\/"},"modified":"2025-12-05T13:35:26","modified_gmt":"2025-12-05T12:35:26","slug":"foldable-top-handle-for-red-komodo-x-black","status":"publish","type":"product","link":"https:\/\/eu.tilta.com\/es\/shop\/foldable-top-handle-for-red-komodo-x-black\/","title":{"rendered":"Asa superior plegable para RED KOMODO-X &#8211; Negro"},"content":{"rendered":"<div class=\"overview-text\">\n<p>Experimenta un nuevo nivel de comodidad con nuestra asa superior plegable, \u00fanica en su clase, que permite a los usuarios apartar la mayor parte del asa, proporcionando un acceso sin obst\u00e1culos a la pantalla superior de tu c\u00e1mara.<\/p>\n<p>Esta empu\u00f1adura tambi\u00e9n presenta m\u00faltiples puntos de contacto con la jaula, lo que crea una conexi\u00f3n m\u00e1s segura que las empu\u00f1aduras superiores Komodo tradicionales y permite a los usuarios sentirse m\u00e1s seguros cuando construyen aparejos m\u00e1s pesados con objetivos m\u00e1s grandes.<\/p>\n<p>Esta empu\u00f1adura proporciona puntos de montaje para accesorios como un receptor de zapata fr\u00eda, un portaca\u00f1as de 15 mm, roscas de 1\/4\u2033-20 y 3\/8\u2033-16 con puntos de fijaci\u00f3n.<\/p>\n<p>Esto hace que sea f\u00e1cil y c\u00f3modo montar accesorios como monitores externos, visores electr\u00f3nicos o brazos articulados.<\/p>\n<p>Este asa superior es totalmente compatible con el monitor DSMC3 RED TOUCH de 7,0\u2033.<\/p>\n<\/div>\n","protected":false},"excerpt":{"rendered":"<p>Experimenta un nuevo nivel de comodidad con nuestra asa superior plegable, \u00fanica en su clase, que permite a los usuarios apartar la mayor parte del asa, proporcionando un acceso sin obst\u00e1culos a la pantalla superior de tu c\u00e1mara. Esta empu\u00f1adura [&hellip;]<\/p>\n","protected":false},"featured_media":2004045,"comment_status":"closed","ping_status":"closed","template":"","meta":[],"product_cat":[2746],"product_tag":[],"acf":[],"gallery_images":[2004046,2004047,2004048,2004049],"_links":{"self":[{"href":"https:\/\/eu.tilta.com\/es\/wp-json\/wp\/v2\/product\/2004044"}],"collection":[{"href":"https:\/\/eu.tilta.com\/es\/wp-json\/wp\/v2\/product"}],"about":[{"href":"https:\/\/eu.tilta.com\/es\/wp-json\/wp\/v2\/types\/product"}],"replies":[{"embeddable":true,"href":"https:\/\/eu.tilta.com\/es\/wp-json\/wp\/v2\/comments?post=2004044"}],"wp:featuredmedia":[{"embeddable":true,"href":"https:\/\/eu.tilta.com\/es\/wp-json\/wp\/v2\/media\/2004045"}],"wp:attachment":[{"href":"https:\/\/eu.tilta.com\/es\/wp-json\/wp\/v2\/media?parent=2004044"}],"wp:term":[{"taxonomy":"product_cat","embeddable":true,"href":"https:\/\/eu.tilta.com\/es\/wp-json\/wp\/v2\/product_cat?post=2004044"},{"taxonomy":"product_tag","embeddable":true,"href":"https:\/\/eu.tilta.com\/es\/wp-json\/wp\/v2\/product_tag?post=2004044"}],"curies":[{"name":"wp","href":"https:\/\/api.w.org\/{rel}","templated":true}]}}