{"id":2004050,"date":"2023-08-04T16:51:59","date_gmt":"2023-08-04T14:51:59","guid":{"rendered":"https:\/\/de.tilta.com\/shop\/jaula-de-camara-completa-para-red-komodo-x-negro\/"},"modified":"2025-12-05T13:35:27","modified_gmt":"2025-12-05T12:35:27","slug":"full-camera-cage-for-red-komodo-x-black","status":"publish","type":"product","link":"https:\/\/eu.tilta.com\/es\/shop\/full-camera-cage-for-red-komodo-x-black\/","title":{"rendered":"Jaula de c\u00e1mara completa para RED KOMODO-X &#8211; Negro"},"content":{"rendered":"<div class=\"overview-text\">\n<p><em>Presentamos el sistema de jaula de c\u00e1mara definitivo para la RED Komodo-X. Mejora tu experiencia cinematogr\u00e1fica con nuestra vanguardista jaula para c\u00e1mara, dise\u00f1ada exclusivamente para la nueva generaci\u00f3n de Komodo.<\/em><\/p>\n<p>Construida para salvaguardar tu c\u00e1mara de cine compacta, nuestra jaula para c\u00e1mara protege tu c\u00e1mara en una carcasa exterior duradera y modular, que permite a los usuarios utilizar s\u00f3lo los elementos de la jaula que necesitan para una construcci\u00f3n espec\u00edfica.<\/p>\n<p>Dise\u00f1ada pensando en la versatilidad, esta jaula cuenta con una serie de puntos de montaje estrat\u00e9gicos, como ra\u00edles NATO, un receptor de zapata fr\u00eda, rosetas Arri y roscas de 1\/4\u2033-20 y 3\/8\u2033-16 con puntos de fijaci\u00f3n.<\/p>\n<p>Estas opciones se adaptan f\u00e1cilmente a accesorios como asas laterales basadas en la OTAN, monitores externos, asas superiores y mucho m\u00e1s.<\/p>\n<p>La placa inferior de esta jaula tiene roscas de 1\/4\u2033-20 y 3\/8\u2033-16, lo que facilita su adaptaci\u00f3n a diversos sistemas de soporte, y es compatible con nuestra <a href=\"https:\/\/de.tilta.com\/shop\/15mm-lws-baseplate-for-red-komodo\/\">placa base LWS de 15 mm para RED Komodo<\/a> mediante la placa de liberaci\u00f3n r\u00e1pida incluida.<\/p>\n<p>Incluido con la Jaula Completa, nuestro nuevo Soporte Adaptador de Objetivos emplea un sofisticado dise\u00f1o basado en abrazaderas, que proporciona m\u00faltiples puntos de contacto para mejorar la estabilidad.<\/p>\n<p>Este enfoque no s\u00f3lo aumenta la seguridad de tus adaptadores de objetivos, como nuestro <a href=\"https:\/\/de.tilta.com\/shop\/tiltaing-canon-rf-mount-to-pl-mount-adapter-with-adjustable-back-focus\/\">Adaptador de Montura RF a Montura PL de Canon<\/a>, sino que tambi\u00e9n refuerza tu confianza al utilizar objetivos m\u00e1s grandes.<\/p>\n<\/div>\n","protected":false},"excerpt":{"rendered":"<p>Presentamos el sistema de jaula de c\u00e1mara definitivo para la RED Komodo-X. Mejora tu experiencia cinematogr\u00e1fica con nuestra vanguardista jaula para c\u00e1mara, dise\u00f1ada exclusivamente para la nueva generaci\u00f3n de Komodo. Construida para salvaguardar tu c\u00e1mara de cine compacta, nuestra jaula [&hellip;]<\/p>\n","protected":false},"featured_media":2004051,"comment_status":"closed","ping_status":"closed","template":"","meta":[],"product_cat":[2746],"product_tag":[],"acf":[],"gallery_images":[2004052,2004053,2003968,2003969,2003970,2003971],"_links":{"self":[{"href":"https:\/\/eu.tilta.com\/es\/wp-json\/wp\/v2\/product\/2004050"}],"collection":[{"href":"https:\/\/eu.tilta.com\/es\/wp-json\/wp\/v2\/product"}],"about":[{"href":"https:\/\/eu.tilta.com\/es\/wp-json\/wp\/v2\/types\/product"}],"replies":[{"embeddable":true,"href":"https:\/\/eu.tilta.com\/es\/wp-json\/wp\/v2\/comments?post=2004050"}],"wp:featuredmedia":[{"embeddable":true,"href":"https:\/\/eu.tilta.com\/es\/wp-json\/wp\/v2\/media\/2004051"}],"wp:attachment":[{"href":"https:\/\/eu.tilta.com\/es\/wp-json\/wp\/v2\/media?parent=2004050"}],"wp:term":[{"taxonomy":"product_cat","embeddable":true,"href":"https:\/\/eu.tilta.com\/es\/wp-json\/wp\/v2\/product_cat?post=2004050"},{"taxonomy":"product_tag","embeddable":true,"href":"https:\/\/eu.tilta.com\/es\/wp-json\/wp\/v2\/product_tag?post=2004050"}],"curies":[{"name":"wp","href":"https:\/\/api.w.org\/{rel}","templated":true}]}}