{"id":2004076,"date":"2023-08-02T11:30:43","date_gmt":"2023-08-02T09:30:43","guid":{"rendered":"https:\/\/de.tilta.com\/shop\/soporte-de-montaje-multifuncional-tilta-para-otan-negro\/"},"modified":"2026-02-16T09:00:56","modified_gmt":"2026-02-16T08:00:56","slug":"tilta-multi-functional-nato-mounting-bracket-black","status":"publish","type":"product","link":"https:\/\/eu.tilta.com\/es\/shop\/tilta-multi-functional-nato-mounting-bracket-black\/","title":{"rendered":"Soporte de montaje multifuncional Tilta para OTAN &#8211; Negro"},"content":{"rendered":"<p><em>Presentamos el soporte de montaje multifuncional Tilta para la OTAN, \u00a1uno de nuestros componentes de montaje de accesorios m\u00e1s compactos hasta la fecha!<\/em><\/p>\n<p>Este soporte de montaje, incre\u00edblemente peque\u00f1o, cuenta con una gran variedad de opciones para montar accesorios, como varios receptores de zapata fr\u00eda, roscas de 1\/4&#8243;-20 y 3\/8&#8243;-16 con pasadores de fijaci\u00f3n.<\/p>\n<p>Los tres receptores de zapata fr\u00eda presentan un montaje unidireccional, lo que significa que los accesorios de zapata fr\u00eda permanecen m\u00e1s seguros y es menos probable que se desconecten accidentalmente.<\/p>\n<p>Este soporte se conecta mediante una conexi\u00f3n OTAN que permite ajustar y bloquear f\u00e1cilmente su posici\u00f3n en los ra\u00edles OTAN integrados que se encuentran en la mayor\u00eda de nuestras jaulas para c\u00e1maras o mediante nuestros <a href=\"https:\/\/de.tilta.com\/product-category\/accessories\/nato-rails\/\">accesorios<\/a> externos m\u00e1s universales para <a href=\"https:\/\/de.tilta.com\/product-category\/accessories\/nato-rails\/\">ra\u00edles OTAN<\/a>.<\/p>\n<p>Con un peso de s\u00f3lo 53 g, este accesorio est\u00e1 fabricado con una aleaci\u00f3n de aluminio y puede soportar una carga \u00fatil de hasta 4,4 lb.<\/p>\n","protected":false},"excerpt":{"rendered":"<p>Presentamos el soporte de montaje multifuncional Tilta para la OTAN, \u00a1uno de nuestros componentes de montaje de accesorios m\u00e1s compactos hasta la fecha! Este soporte de montaje, incre\u00edblemente peque\u00f1o, cuenta con una gran variedad de opciones para montar accesorios, como [&hellip;]<\/p>\n","protected":false},"featured_media":2004077,"comment_status":"closed","ping_status":"closed","template":"","meta":[],"product_cat":[2749,2973,2732],"product_tag":[],"acf":[],"gallery_images":[2004078,2004079,2004080,2004081,2004082,2004083,2004084],"_links":{"self":[{"href":"https:\/\/eu.tilta.com\/es\/wp-json\/wp\/v2\/product\/2004076"}],"collection":[{"href":"https:\/\/eu.tilta.com\/es\/wp-json\/wp\/v2\/product"}],"about":[{"href":"https:\/\/eu.tilta.com\/es\/wp-json\/wp\/v2\/types\/product"}],"replies":[{"embeddable":true,"href":"https:\/\/eu.tilta.com\/es\/wp-json\/wp\/v2\/comments?post=2004076"}],"wp:featuredmedia":[{"embeddable":true,"href":"https:\/\/eu.tilta.com\/es\/wp-json\/wp\/v2\/media\/2004077"}],"wp:attachment":[{"href":"https:\/\/eu.tilta.com\/es\/wp-json\/wp\/v2\/media?parent=2004076"}],"wp:term":[{"taxonomy":"product_cat","embeddable":true,"href":"https:\/\/eu.tilta.com\/es\/wp-json\/wp\/v2\/product_cat?post=2004076"},{"taxonomy":"product_tag","embeddable":true,"href":"https:\/\/eu.tilta.com\/es\/wp-json\/wp\/v2\/product_tag?post=2004076"}],"curies":[{"name":"wp","href":"https:\/\/api.w.org\/{rel}","templated":true}]}}