{"id":2004088,"date":"2023-08-02T11:29:03","date_gmt":"2023-08-02T09:29:03","guid":{"rendered":"https:\/\/de.tilta.com\/shop\/soporte-de-montaje-de-zapata-fria-multifuncional-tilta-negro\/"},"modified":"2025-12-05T13:35:28","modified_gmt":"2025-12-05T12:35:28","slug":"tilta-multi-functional-cold-shoe-mounting-bracket-black","status":"publish","type":"product","link":"https:\/\/eu.tilta.com\/es\/shop\/tilta-multi-functional-cold-shoe-mounting-bracket-black\/","title":{"rendered":"Soporte de montaje de zapata fr\u00eda multifuncional Tilta &#8211; Negro"},"content":{"rendered":"<p><em>Presentamos el soporte de montaje de zapata fr\u00eda multifunci\u00f3n Tilta, \u00a1uno de nuestros componentes de montaje de accesorios m\u00e1s compactos hasta la fecha!<\/em><\/p>\n<p>Este soporte de montaje, incre\u00edblemente peque\u00f1o, cuenta con una gran variedad de opciones para montar accesorios, como varios receptores de zapata fr\u00eda, roscas de 1\/4\u2033-20 y 3\/8\u2033-16 con pasadores de fijaci\u00f3n.<\/p>\n<p>Los tres receptores de zapata fr\u00eda presentan un montaje unidireccional, lo que significa que los accesorios de zapata fr\u00eda permanecen m\u00e1s seguros y es menos probable que se desconecten accidentalmente.<\/p>\n<p>Este soporte se conecta mediante una conexi\u00f3n de zapata fr\u00eda que permite fijarlo f\u00e1cilmente a la mayor\u00eda de las jaulas de nuestras c\u00e1maras o mediante la rosca de 1\/4&#8243;-20 que se encuentra en la parte inferior.<\/p>\n<p>Con un peso de s\u00f3lo 39 g, este accesorio est\u00e1 fabricado con una aleaci\u00f3n de aluminio y puede soportar una carga \u00fatil de hasta 4,4 lb.<\/p>\n","protected":false},"excerpt":{"rendered":"<p>Presentamos el soporte de montaje de zapata fr\u00eda multifunci\u00f3n Tilta, \u00a1uno de nuestros componentes de montaje de accesorios m\u00e1s compactos hasta la fecha! Este soporte de montaje, incre\u00edblemente peque\u00f1o, cuenta con una gran variedad de opciones para montar accesorios, como [&hellip;]<\/p>\n","protected":false},"featured_media":2004089,"comment_status":"closed","ping_status":"closed","template":"","meta":[],"product_cat":[2749,2843,2844,2834,2842,2790,2973,2732],"product_tag":[],"acf":[],"gallery_images":[2004090,2004091,2004092,2004093,2004094,2004095,2004096],"_links":{"self":[{"href":"https:\/\/eu.tilta.com\/es\/wp-json\/wp\/v2\/product\/2004088"}],"collection":[{"href":"https:\/\/eu.tilta.com\/es\/wp-json\/wp\/v2\/product"}],"about":[{"href":"https:\/\/eu.tilta.com\/es\/wp-json\/wp\/v2\/types\/product"}],"replies":[{"embeddable":true,"href":"https:\/\/eu.tilta.com\/es\/wp-json\/wp\/v2\/comments?post=2004088"}],"wp:featuredmedia":[{"embeddable":true,"href":"https:\/\/eu.tilta.com\/es\/wp-json\/wp\/v2\/media\/2004089"}],"wp:attachment":[{"href":"https:\/\/eu.tilta.com\/es\/wp-json\/wp\/v2\/media?parent=2004088"}],"wp:term":[{"taxonomy":"product_cat","embeddable":true,"href":"https:\/\/eu.tilta.com\/es\/wp-json\/wp\/v2\/product_cat?post=2004088"},{"taxonomy":"product_tag","embeddable":true,"href":"https:\/\/eu.tilta.com\/es\/wp-json\/wp\/v2\/product_tag?post=2004088"}],"curies":[{"name":"wp","href":"https:\/\/api.w.org\/{rel}","templated":true}]}}