{"id":2004199,"date":"2023-07-21T09:41:11","date_gmt":"2023-07-21T07:41:11","guid":{"rendered":"https:\/\/de.tilta.com\/shop\/soporte-expandido-para-zapata-fria-tilta-negro\/"},"modified":"2025-12-05T13:35:28","modified_gmt":"2025-12-05T12:35:28","slug":"tilta-cold-shoe-expanded-bracket-black","status":"publish","type":"product","link":"https:\/\/eu.tilta.com\/es\/shop\/tilta-cold-shoe-expanded-bracket-black\/","title":{"rendered":"Soporte expandido para zapata fr\u00eda Tilta &#8211; Negro"},"content":{"rendered":"<p>Este soporte expansor de zapata fr\u00eda es la opci\u00f3n ideal para ampliar enormemente la funcionalidad de cualquier receptor de zapata fr\u00eda est\u00e1ndar.<\/p>\n<p>Este soporte se conecta igual que cualquier accesorio est\u00e1ndar de zapata fr\u00eda, lo que significa que es compatible con la mayor\u00eda de las jaulas y cuerpos de c\u00e1mara que incorporan este tipo de conexi\u00f3n.<\/p>\n<p>Este accesorio cuenta con m\u00faltiples puntos de montaje para accesorios como receptores de zapata fr\u00eda adicionales, un ra\u00edl OTAN integrado y roscas de 1\/4&#8243;-20 con pasadores de fijaci\u00f3n.<\/p>\n<p>Los receptores duales de zapata fr\u00eda presentan un dise\u00f1o actualizado que permite montar los accesorios s\u00f3lo desde una direcci\u00f3n para proporcionar una conexi\u00f3n m\u00e1s segura y limitar cualquier desconexi\u00f3n accidental.<\/p>\n<p>&nbsp;<\/p>\n<p>&nbsp;<\/p>\n","protected":false},"excerpt":{"rendered":"<p>Este soporte expansor de zapata fr\u00eda es la opci\u00f3n ideal para ampliar enormemente la funcionalidad de cualquier receptor de zapata fr\u00eda est\u00e1ndar. Este soporte se conecta igual que cualquier accesorio est\u00e1ndar de zapata fr\u00eda, lo que significa que es compatible [&hellip;]<\/p>\n","protected":false},"featured_media":2004200,"comment_status":"closed","ping_status":"closed","template":"","meta":[],"product_cat":[2973,2784],"product_tag":[],"acf":[],"gallery_images":[2004201,2004202,2004203,2004204,2004205,2004206],"_links":{"self":[{"href":"https:\/\/eu.tilta.com\/es\/wp-json\/wp\/v2\/product\/2004199"}],"collection":[{"href":"https:\/\/eu.tilta.com\/es\/wp-json\/wp\/v2\/product"}],"about":[{"href":"https:\/\/eu.tilta.com\/es\/wp-json\/wp\/v2\/types\/product"}],"replies":[{"embeddable":true,"href":"https:\/\/eu.tilta.com\/es\/wp-json\/wp\/v2\/comments?post=2004199"}],"wp:featuredmedia":[{"embeddable":true,"href":"https:\/\/eu.tilta.com\/es\/wp-json\/wp\/v2\/media\/2004200"}],"wp:attachment":[{"href":"https:\/\/eu.tilta.com\/es\/wp-json\/wp\/v2\/media?parent=2004199"}],"wp:term":[{"taxonomy":"product_cat","embeddable":true,"href":"https:\/\/eu.tilta.com\/es\/wp-json\/wp\/v2\/product_cat?post=2004199"},{"taxonomy":"product_tag","embeddable":true,"href":"https:\/\/eu.tilta.com\/es\/wp-json\/wp\/v2\/product_tag?post=2004199"}],"curies":[{"name":"wp","href":"https:\/\/api.w.org\/{rel}","templated":true}]}}