{"id":2004220,"date":"2023-07-14T10:08:17","date_gmt":"2023-07-14T08:08:17","guid":{"rendered":"https:\/\/de.tilta.com\/shop\/jaula-de-camara-para-el-kit-sony-fx3-fx30-v2-pro\/"},"modified":"2025-12-05T13:35:54","modified_gmt":"2025-12-05T12:35:54","slug":"camera-cage-for-sony-fx3-fx30-v2-pro-kit","status":"publish","type":"product","link":"https:\/\/eu.tilta.com\/es\/shop\/camera-cage-for-sony-fx3-fx30-v2-pro-kit\/","title":{"rendered":"Jaula de c\u00e1mara para el kit Sony FX3\/FX30 V2 Pro"},"content":{"rendered":"<p><em>\u00a1Da rienda suelta a la potencia de tu FX3 o FX30 con el nuevo y mejorado kit de jaula de c\u00e1mara profesional para Sony FX3\/FX30!<\/em><\/p>\n<p>Esta Jaula Completa presenta muchas formas de montar diversos accesorios, como roscas de 1\/4&#8243;-20 y 3\/8&#8243;-16 con varios puntos de ubicaci\u00f3n, dos receptores de zapata fr\u00eda, un ra\u00edl NATO para asas superiores y puntos de montaje para un portaca\u00f1as simple.<\/p>\n<p>Este nuevo dise\u00f1o es incre\u00edblemente modular, lo que permite retirar o a\u00f1adir diferentes lados de la jaula para adaptarse a distintos escenarios de disparo.<\/p>\n<p>Esto es especialmente \u00fatil en situaciones en las que el peso es una preocupaci\u00f3n, como cuando se utiliza un card\u00e1n o cuando se emplean accesorios como el asa superior XLR, con la que esta jaula es totalmente compatible.<\/p>\n<p>Hablando de cardanes, la placa inferior incorpora una placa de liberaci\u00f3n r\u00e1pida ARCA, perfecta para pasar r\u00e1pidamente de un tr\u00edpode a un card\u00e1n DJI. Ten en cuenta que esta jaula utiliza la Norma DJI__ para ARCA. No se garantiza la compatibilidad con otras normas.<\/p>\n<p>La abrazadera para cables de nuevo dise\u00f1o se integra f\u00e1cilmente en la jaula completa y proporciona una mayor seguridad a los cables, que pueden fijarse f\u00e1cilmente mediante un tornillo de mariposa.<\/p>\n<p>La jaula incorpora ahora tres tornillos de montaje individuales que aumentan enormemente la conexi\u00f3n entre el cuerpo de la c\u00e1mara y la jaula.<\/p>\n<p>Esto garantiza que cualquier accesorio montado a trav\u00e9s de la jaula, como los motores de seguimiento de enfoque inal\u00e1mbricos, limitar\u00e1 la torsi\u00f3n frontal de la c\u00e1mara dentro de la propia jaula.<\/p>\n<p>En este Kit Pro se incluye la empu\u00f1adura superior ergon\u00f3mica Xeno, que se monta mediante ra\u00edl OTAN y ofrece un mejor manejo y funcionamiento gracias a su nuevo dise\u00f1o con mayor holgura.<\/p>\n<p>Esta empu\u00f1adura cuenta con diversos puntos de montaje, como roscas de 1\/4&#8243;-20 y un receptor de zapata fr\u00eda, perfecto para montar un monitor externo.<\/p>\n<p>Tambi\u00e9n se incluye la empu\u00f1adura de potencia avanzada, que se conecta a la jaula mediante el ra\u00edl NATO y alimenta los accesorios, adem\u00e1s de permitir el control de parada de carrera mediante el cable incluido.<\/p>\n<p>La rotaci\u00f3n ajustable y la correa de mano adicional proporcionan una comodidad y flexibilidad excepcionales al manejar las Sony FX3 y FX30.<\/p>\n<p>Completa el kit nuestra placa base universal LWS de 15 mm, que admite varillas dobles de 15 mm y accesorios basados en varillas, como sistemas de seguimiento de enfoque o cajas de mate.<\/p>\n<p>Esta placa base utiliza un receptor ARCA est\u00e1ndar de DJI para una transici\u00f3n perfecta a los cardanes de la serie Ronin, mientras que la placa inferior es compatible con nuestras colas de milano est\u00e1ndar Tilta y dispone de roscas de 1\/4&#8243;-20 y 3\/8&#8243;-16.<\/p>\n<p><em>P\u00e1sate al Kit V2 Pro para las Sony FX3 y FX30, y descubre un mundo de posibilidades para tus proyectos cinematogr\u00e1ficos.<\/em><\/p>\n","protected":false},"excerpt":{"rendered":"<p>\u00a1Da rienda suelta a la potencia de tu FX3 o FX30 con el nuevo y mejorado kit de jaula de c\u00e1mara profesional para Sony FX3\/FX30! Esta Jaula Completa presenta muchas formas de montar diversos accesorios, como roscas de 1\/4&#8243;-20 y [&hellip;]<\/p>\n","protected":false},"featured_media":2004226,"comment_status":"closed","ping_status":"closed","template":"","meta":[],"product_cat":[2734],"product_tag":[],"acf":[],"gallery_images":[1946048,1946049,1945455,1945456,1945454],"_links":{"self":[{"href":"https:\/\/eu.tilta.com\/es\/wp-json\/wp\/v2\/product\/2004220"}],"collection":[{"href":"https:\/\/eu.tilta.com\/es\/wp-json\/wp\/v2\/product"}],"about":[{"href":"https:\/\/eu.tilta.com\/es\/wp-json\/wp\/v2\/types\/product"}],"replies":[{"embeddable":true,"href":"https:\/\/eu.tilta.com\/es\/wp-json\/wp\/v2\/comments?post=2004220"}],"wp:featuredmedia":[{"embeddable":true,"href":"https:\/\/eu.tilta.com\/es\/wp-json\/wp\/v2\/media\/2004226"}],"wp:attachment":[{"href":"https:\/\/eu.tilta.com\/es\/wp-json\/wp\/v2\/media?parent=2004220"}],"wp:term":[{"taxonomy":"product_cat","embeddable":true,"href":"https:\/\/eu.tilta.com\/es\/wp-json\/wp\/v2\/product_cat?post=2004220"},{"taxonomy":"product_tag","embeddable":true,"href":"https:\/\/eu.tilta.com\/es\/wp-json\/wp\/v2\/product_tag?post=2004220"}],"curies":[{"name":"wp","href":"https:\/\/api.w.org\/{rel}","templated":true}]}}