{"id":2004308,"date":"2023-07-20T12:33:17","date_gmt":"2023-07-20T10:33:17","guid":{"rendered":"https:\/\/de.tilta.com\/shop\/sistema-de-refrigeracion-para-sony-zv-e1-negro\/"},"modified":"2026-03-28T13:49:54","modified_gmt":"2026-03-28T12:49:54","slug":"cooling-system-for-sony-zv-e1-black","status":"publish","type":"product","link":"https:\/\/eu.tilta.com\/es\/shop\/cooling-system-for-sony-zv-e1-black\/","title":{"rendered":"Sistema de refrigeraci\u00f3n para Sony ZV-E1 &#8211; Negro"},"content":{"rendered":"<p>El Sistema de Refrigeraci\u00f3n actualizado para la Sony ZV-E1 es el accesorio perfecto para los usuarios que desean disparar durante periodos de tiempo m\u00e1s largos en entornos con temperaturas m\u00e1s elevadas.<\/p>\n<p>El sistema se monta sin problemas en la Jaula de C\u00e1mara Completa para Sony ZV-E1 mediante dos tornillos de mariposa, lo que hace que el proceso de instalaci\u00f3n sea r\u00e1pido y eficaz.<\/p>\n<p>Este m\u00f3dulo de refrigeraci\u00f3n puede alimentarse c\u00f3modamente mediante USB-C, lo que ofrece a los usuarios muchas opciones para alimentarlo.<\/p>\n<p>El sistema tambi\u00e9n cuenta con un ventilador ajustable, que te permite cambiar la velocidad para situaciones de disparo variables, lo que resulta especialmente \u00fatil al capturar audio.<\/p>\n<p>&nbsp;<\/p>\n","protected":false},"excerpt":{"rendered":"<p>El Sistema de Refrigeraci\u00f3n actualizado para la Sony ZV-E1 es el accesorio perfecto para los usuarios que desean disparar durante periodos de tiempo m\u00e1s largos en entornos con temperaturas m\u00e1s elevadas. El sistema se monta sin problemas en la Jaula [&hellip;]<\/p>\n","protected":false},"featured_media":2004309,"comment_status":"closed","ping_status":"closed","template":"","meta":[],"product_cat":[2745],"product_tag":[],"acf":[],"gallery_images":[2004310,2004311,2004312,2004313,2004314,2004315],"_links":{"self":[{"href":"https:\/\/eu.tilta.com\/es\/wp-json\/wp\/v2\/product\/2004308"}],"collection":[{"href":"https:\/\/eu.tilta.com\/es\/wp-json\/wp\/v2\/product"}],"about":[{"href":"https:\/\/eu.tilta.com\/es\/wp-json\/wp\/v2\/types\/product"}],"replies":[{"embeddable":true,"href":"https:\/\/eu.tilta.com\/es\/wp-json\/wp\/v2\/comments?post=2004308"}],"wp:featuredmedia":[{"embeddable":true,"href":"https:\/\/eu.tilta.com\/es\/wp-json\/wp\/v2\/media\/2004309"}],"wp:attachment":[{"href":"https:\/\/eu.tilta.com\/es\/wp-json\/wp\/v2\/media?parent=2004308"}],"wp:term":[{"taxonomy":"product_cat","embeddable":true,"href":"https:\/\/eu.tilta.com\/es\/wp-json\/wp\/v2\/product_cat?post=2004308"},{"taxonomy":"product_tag","embeddable":true,"href":"https:\/\/eu.tilta.com\/es\/wp-json\/wp\/v2\/product_tag?post=2004308"}],"curies":[{"name":"wp","href":"https:\/\/api.w.org\/{rel}","templated":true}]}}