{"id":2004386,"date":"2023-07-13T11:03:13","date_gmt":"2023-07-13T09:03:13","guid":{"rendered":"https:\/\/de.tilta.com\/shop\/jaula-de-camara-completa-para-sony-fx3-fx30-v2\/"},"modified":"2026-05-07T15:17:24","modified_gmt":"2026-05-07T13:17:24","slug":"full-camera-cage-for-sony-fx3-fx30-v2","status":"publish","type":"product","link":"https:\/\/eu.tilta.com\/es\/shop\/full-camera-cage-for-sony-fx3-fx30-v2\/","title":{"rendered":"Jaula de c\u00e1mara completa para Sony FX3\/FX30 V2"},"content":{"rendered":"<p><em>\u00a1Libera la potencia de tu FX3 o FX30 con la nueva y mejorada Jaula de C\u00e1mara Completa para Sony FX3\/FX30 V2!  <\/em><\/p>\n<p>Esta Jaula Completa presenta muchas formas de montar diversos accesorios, como roscas de 1\/4&#8243;-20 y 3\/8&#8243;-16 con varios puntos de ubicaci\u00f3n, dos receptores de zapata fr\u00eda, un Ra\u00edl NATO para Asas Superiores y puntos de montaje para un Portaca\u00f1as Simple.<\/p>\n<p>Este nuevo dise\u00f1o es incre\u00edblemente modular, lo que permite retirar o a\u00f1adir diferentes lados de la jaula para adaptarse a distintos escenarios de disparo.<\/p>\n<p>Esto es especialmente \u00fatil en situaciones en las que el peso es una preocupaci\u00f3n, como cuando se utiliza un card\u00e1n o cuando se emplean accesorios como el asa superior XLR, con la que esta jaula es totalmente compatible.<\/p>\n<p>Hablando de cardanes, la placa inferior incorpora una placa de liberaci\u00f3n r\u00e1pida ARCA, perfecta para pasar r\u00e1pidamente de un tr\u00edpode a un card\u00e1n DJI.<\/p>\n<p>Ten en cuenta que esta jaula utiliza el Est\u00e1ndar de DJI para ARCA. No se garantiza la compatibilidad con otras normas.<\/p>\n<p>La abrazadera para cables de nuevo dise\u00f1o se integra f\u00e1cilmente en la jaula completa y proporciona una mayor seguridad a los cables, que pueden fijarse f\u00e1cilmente mediante un tornillo de mariposa.<\/p>\n<p>La jaula incorpora ahora tres tornillos de montaje individuales que aumentan enormemente la conexi\u00f3n entre el cuerpo de la c\u00e1mara y la jaula.<\/p>\n<p>Esto garantiza que cualquier accesorio montado a trav\u00e9s de la jaula, como los motores de seguimiento de enfoque inal\u00e1mbricos, limitar\u00e1 la torsi\u00f3n frontal de la c\u00e1mara dentro de la propia jaula.<\/p>\n<p><strong>NOTA: Esta jaula s\u00f3lo es compatible con la <span style=\"text-decoration: underline;\">placa base Tilta Modular 15mm LWS Tipo III<\/span> y NO con la placa base Tipo IV.  <\/strong><\/p>\n","protected":false},"excerpt":{"rendered":"<p>\u00a1Libera la potencia de tu FX3 o FX30 con la nueva y mejorada Jaula de C\u00e1mara Completa para Sony FX3\/FX30 V2! Esta Jaula Completa presenta muchas formas de montar diversos accesorios, como roscas de 1\/4&#8243;-20 y 3\/8&#8243;-16 con varios puntos [&hellip;]<\/p>\n","protected":false},"featured_media":2004394,"comment_status":"closed","ping_status":"closed","template":"","meta":[],"product_cat":[2734],"product_tag":[],"acf":[],"gallery_images":[1946072,1946074,1945201,1945203,1945202],"_links":{"self":[{"href":"https:\/\/eu.tilta.com\/es\/wp-json\/wp\/v2\/product\/2004386"}],"collection":[{"href":"https:\/\/eu.tilta.com\/es\/wp-json\/wp\/v2\/product"}],"about":[{"href":"https:\/\/eu.tilta.com\/es\/wp-json\/wp\/v2\/types\/product"}],"replies":[{"embeddable":true,"href":"https:\/\/eu.tilta.com\/es\/wp-json\/wp\/v2\/comments?post=2004386"}],"wp:featuredmedia":[{"embeddable":true,"href":"https:\/\/eu.tilta.com\/es\/wp-json\/wp\/v2\/media\/2004394"}],"wp:attachment":[{"href":"https:\/\/eu.tilta.com\/es\/wp-json\/wp\/v2\/media?parent=2004386"}],"wp:term":[{"taxonomy":"product_cat","embeddable":true,"href":"https:\/\/eu.tilta.com\/es\/wp-json\/wp\/v2\/product_cat?post=2004386"},{"taxonomy":"product_tag","embeddable":true,"href":"https:\/\/eu.tilta.com\/es\/wp-json\/wp\/v2\/product_tag?post=2004386"}],"curies":[{"name":"wp","href":"https:\/\/api.w.org\/{rel}","templated":true}]}}