{"id":2004582,"date":"2023-06-15T09:38:19","date_gmt":"2023-06-15T07:38:19","guid":{"rendered":"https:\/\/de.tilta.com\/shop\/media-jaula-de-camara-para-sony-zv-e1\/"},"modified":"2025-12-05T13:35:55","modified_gmt":"2025-12-05T12:35:55","slug":"half-camera-cage-for-sony-zv-e1","status":"publish","type":"product","link":"https:\/\/eu.tilta.com\/es\/shop\/half-camera-cage-for-sony-zv-e1\/","title":{"rendered":"Media jaula de c\u00e1mara para Sony ZV-E1"},"content":{"rendered":"<p><em>Presentamos la Media Jaula de C\u00e1mara para Sony ZV-E1: \u00a1la opci\u00f3n ligera definitiva para ampliar las capacidades de v\u00eddeo de tu c\u00e1mara manteniendo un formato reducido!<\/em><\/p>\n<p>Dise\u00f1ada para ser compacta pero lo m\u00e1s c\u00f3moda posible, esta jaula para c\u00e1mara te permite llevar tu videograf\u00eda a nuevas cotas.<\/p>\n<p>Esta media jaula admite una amplia gama de accesorios externos al tiempo que mantiene un tama\u00f1o reducido mediante m\u00faltiples opciones de montaje, como un receptor de zapata fr\u00eda, un ra\u00edl NATO, roscas M3 para soporte de objetivo y roscas de \u00bc&#8221;-20 con puntos de fijaci\u00f3n.<\/p>\n<p>Experimenta transiciones fluidas entre configuraciones de disparo horizontales y verticales con la placa de liberaci\u00f3n r\u00e1pida desmontable ARCA, que puede montarse tanto en la parte inferior como en el lateral de la jaula.<\/p>\n<p>Compatible con el micr\u00f3fono inal\u00e1mbrico Sony ECM-W2BT, esta jaula para c\u00e1mara ofrece una integraci\u00f3n perfecta con tu configuraci\u00f3n de audio.<\/p>\n<p>Gracias a su forma de soporte en L, esta jaula te permite mantener un acceso ininterrumpido a los puertos de la c\u00e1mara, los botones de usuario y el compartimento de la bater\u00eda sin necesidad de desmontarla.<\/p>\n<p><em>Eleva tu juego videogr\u00e1fico con la Media Jaula de C\u00e1mara para Sony ZV-E1 y libera el verdadero potencial de tu c\u00e1mara.<\/em><\/p>\n","protected":false},"excerpt":{"rendered":"<p>Presentamos la Media Jaula de C\u00e1mara para Sony ZV-E1: \u00a1la opci\u00f3n ligera definitiva para ampliar las capacidades de v\u00eddeo de tu c\u00e1mara manteniendo un formato reducido! Dise\u00f1ada para ser compacta pero lo m\u00e1s c\u00f3moda posible, esta jaula para c\u00e1mara te [&hellip;]<\/p>\n","protected":false},"featured_media":2004596,"comment_status":"closed","ping_status":"closed","template":"","meta":[],"product_cat":[2745],"product_tag":[],"acf":[],"gallery_images":[1944632,1944631,1944567,1944568,1944569],"_links":{"self":[{"href":"https:\/\/eu.tilta.com\/es\/wp-json\/wp\/v2\/product\/2004582"}],"collection":[{"href":"https:\/\/eu.tilta.com\/es\/wp-json\/wp\/v2\/product"}],"about":[{"href":"https:\/\/eu.tilta.com\/es\/wp-json\/wp\/v2\/types\/product"}],"replies":[{"embeddable":true,"href":"https:\/\/eu.tilta.com\/es\/wp-json\/wp\/v2\/comments?post=2004582"}],"wp:featuredmedia":[{"embeddable":true,"href":"https:\/\/eu.tilta.com\/es\/wp-json\/wp\/v2\/media\/2004596"}],"wp:attachment":[{"href":"https:\/\/eu.tilta.com\/es\/wp-json\/wp\/v2\/media?parent=2004582"}],"wp:term":[{"taxonomy":"product_cat","embeddable":true,"href":"https:\/\/eu.tilta.com\/es\/wp-json\/wp\/v2\/product_cat?post=2004582"},{"taxonomy":"product_tag","embeddable":true,"href":"https:\/\/eu.tilta.com\/es\/wp-json\/wp\/v2\/product_tag?post=2004582"}],"curies":[{"name":"wp","href":"https:\/\/api.w.org\/{rel}","templated":true}]}}