{"id":2004651,"date":"2023-06-13T11:12:16","date_gmt":"2023-06-13T09:12:16","guid":{"rendered":"https:\/\/de.tilta.com\/shop\/soporte-para-telefono-tilta-arca-negro\/"},"modified":"2025-12-05T13:35:42","modified_gmt":"2025-12-05T12:35:42","slug":"tilta-arca-phone-mounting-bracket-black","status":"publish","type":"product","link":"https:\/\/eu.tilta.com\/es\/shop\/tilta-arca-phone-mounting-bracket-black\/","title":{"rendered":"Soporte para tel\u00e9fono Tilta ARCA &#8211; Negro"},"content":{"rendered":"<p><em>\u00a1El soporte de montaje para tel\u00e9fono Tilta ARCA es el soporte ligero perfecto para montar un smartphone en tu card\u00e1n o sistema de soporte!<\/em><\/p>\n<p>Este soporte se fija a tu smartphone mediante una abrazadera universal y utiliza una placa de liberaci\u00f3n r\u00e1pida ARCA en la parte inferior que te permite montar c\u00f3modamente el sistema en cardanes basados en ARCA, como el DJI RS3 Mini.<\/p>\n<p>El receptor de zapata fr\u00eda de la parte superior de este soporte te permite montar peque\u00f1os accesorios basados en zapata fr\u00eda, como micr\u00f3fonos externos.<\/p>\n<p><strong>NOTA: Este soporte de montaje utiliza la norma ARCA de DJI. No se garantiza la compatibilidad con ARCA.  <\/strong><\/p>\n<p>&nbsp;<\/p>\n<p>&nbsp;<\/p>\n","protected":false},"excerpt":{"rendered":"<p>\u00a1El soporte de montaje para tel\u00e9fono Tilta ARCA es el soporte ligero perfecto para montar un smartphone en tu card\u00e1n o sistema de soporte! Este soporte se fija a tu smartphone mediante una abrazadera universal y utiliza una placa de [&hellip;]<\/p>\n","protected":false},"featured_media":2004653,"comment_status":"closed","ping_status":"closed","template":"","meta":[],"product_cat":[3010,2973,2959,2904],"product_tag":[],"acf":[],"gallery_images":[2004654,2004655,2004656,2004657,2004658,2004659,2004660],"_links":{"self":[{"href":"https:\/\/eu.tilta.com\/es\/wp-json\/wp\/v2\/product\/2004651"}],"collection":[{"href":"https:\/\/eu.tilta.com\/es\/wp-json\/wp\/v2\/product"}],"about":[{"href":"https:\/\/eu.tilta.com\/es\/wp-json\/wp\/v2\/types\/product"}],"replies":[{"embeddable":true,"href":"https:\/\/eu.tilta.com\/es\/wp-json\/wp\/v2\/comments?post=2004651"}],"wp:featuredmedia":[{"embeddable":true,"href":"https:\/\/eu.tilta.com\/es\/wp-json\/wp\/v2\/media\/2004653"}],"wp:attachment":[{"href":"https:\/\/eu.tilta.com\/es\/wp-json\/wp\/v2\/media?parent=2004651"}],"wp:term":[{"taxonomy":"product_cat","embeddable":true,"href":"https:\/\/eu.tilta.com\/es\/wp-json\/wp\/v2\/product_cat?post=2004651"},{"taxonomy":"product_tag","embeddable":true,"href":"https:\/\/eu.tilta.com\/es\/wp-json\/wp\/v2\/product_tag?post=2004651"}],"curies":[{"name":"wp","href":"https:\/\/api.w.org\/{rel}","templated":true}]}}