{"id":2004719,"date":"2023-05-08T20:24:36","date_gmt":"2023-05-08T18:24:36","guid":{"rendered":"https:\/\/de.tilta.com\/shop\/placa-base-de-liberacion-rapida-tilta-universal-arca-negra\/"},"modified":"2026-02-21T18:45:27","modified_gmt":"2026-02-21T17:45:27","slug":"tilta-universal-arca-quick-release-baseplate-black","status":"publish","type":"product","link":"https:\/\/eu.tilta.com\/es\/shop\/tilta-universal-arca-quick-release-baseplate-black\/","title":{"rendered":"Placa base de liberaci\u00f3n r\u00e1pida Tilta Universal ARCA &#8211; Negra"},"content":{"rendered":"<p><em>La placa base de liberaci\u00f3n r\u00e1pida Tilta Universal ARCA es una opci\u00f3n ligera y c\u00f3moda para montar con seguridad tu c\u00e1mara en una amplia gama de sistemas de soporte.  <\/em><\/p>\n<p>Con compatibilidad est\u00e1ndar ARCA, esta placa base est\u00e1 dise\u00f1ada espec\u00edficamente para funcionar sin problemas con las placas de liberaci\u00f3n r\u00e1pida ARCA de 38 mm.<\/p>\n<p>Esta placa base cuenta con una palanca de bloqueo ajustable que permite una mayor compatibilidad con los est\u00e1ndares de varias marcas para placas de liberaci\u00f3n r\u00e1pida, jaulas de c\u00e1mara, soportes en L, etc.<\/p>\n<p>La parte inferior de esta placa base tiene varias roscas de 1\/4&#8243;-20 y una rosca de 3\/8&#8243;-16, lo que facilita su fijaci\u00f3n a diversos sistemas.<\/p>\n<p><em>La placa base de liberaci\u00f3n r\u00e1pida Tilta Universal ARCA ofrece una soluci\u00f3n fiable, c\u00f3moda y adaptable para montar tu c\u00e1mara en diversos sistemas de soporte.  <\/em><\/p>\n","protected":false},"excerpt":{"rendered":"<p>La placa base de liberaci\u00f3n r\u00e1pida Tilta Universal ARCA es una opci\u00f3n ligera y c\u00f3moda para montar con seguridad tu c\u00e1mara en una amplia gama de sistemas de soporte. Con compatibilidad est\u00e1ndar ARCA, esta placa base est\u00e1 dise\u00f1ada espec\u00edficamente para [&hellip;]<\/p>\n","protected":false},"featured_media":2004736,"comment_status":"closed","ping_status":"closed","template":"","meta":[],"product_cat":[3297,2877,2864,2732],"product_tag":[],"acf":[],"gallery_images":[2004737,2004738,2004739,2004740],"_links":{"self":[{"href":"https:\/\/eu.tilta.com\/es\/wp-json\/wp\/v2\/product\/2004719"}],"collection":[{"href":"https:\/\/eu.tilta.com\/es\/wp-json\/wp\/v2\/product"}],"about":[{"href":"https:\/\/eu.tilta.com\/es\/wp-json\/wp\/v2\/types\/product"}],"replies":[{"embeddable":true,"href":"https:\/\/eu.tilta.com\/es\/wp-json\/wp\/v2\/comments?post=2004719"}],"wp:featuredmedia":[{"embeddable":true,"href":"https:\/\/eu.tilta.com\/es\/wp-json\/wp\/v2\/media\/2004736"}],"wp:attachment":[{"href":"https:\/\/eu.tilta.com\/es\/wp-json\/wp\/v2\/media?parent=2004719"}],"wp:term":[{"taxonomy":"product_cat","embeddable":true,"href":"https:\/\/eu.tilta.com\/es\/wp-json\/wp\/v2\/product_cat?post=2004719"},{"taxonomy":"product_tag","embeddable":true,"href":"https:\/\/eu.tilta.com\/es\/wp-json\/wp\/v2\/product_tag?post=2004719"}],"curies":[{"name":"wp","href":"https:\/\/api.w.org\/{rel}","templated":true}]}}