{"id":2004741,"date":"2023-06-13T09:53:27","date_gmt":"2023-06-13T07:53:27","guid":{"rendered":"https:\/\/de.tilta.com\/shop\/abrazadera-de-montaje-de-accesorios-tilta-negra\/"},"modified":"2025-12-05T13:35:44","modified_gmt":"2025-12-05T12:35:44","slug":"tilta-accessory-mounting-clamp-black","status":"publish","type":"product","link":"https:\/\/eu.tilta.com\/es\/shop\/tilta-accessory-mounting-clamp-black\/","title":{"rendered":"Abrazadera de montaje de accesorios Tilta &#8211; Negra"},"content":{"rendered":"<p><em>La abrazadera de montaje de accesorios Tilta es una abrazadera de accesorios vers\u00e1til, dise\u00f1ada para sujetarse con seguridad a diversas piezas, lo que te da libertad para montar una amplia gama de accesorios con facilidad.<\/em><\/p>\n<p>Con roscas de 1\/4&#8243;-20 y 3\/8&#8243;-16 con puntos de fijaci\u00f3n, esta pinza abre un mundo de oportunidades para montar accesorios como brazos articulados, monitores externos, micr\u00f3fonos de brazo, luces LED, transmisores de v\u00eddeo inal\u00e1mbricos y peque\u00f1as placas de bater\u00eda.<\/p>\n<p>Con su empu\u00f1adura de silicona antideslizante, puedes confiar en que tu equipo se mantendr\u00e1 firmemente en su sitio, incluso durante las tomas y los movimientos din\u00e1micos.<\/p>\n<p>La pinza para montaje de accesorios Tilta se abre hasta 30 mm y se aprieta hasta 13 mm, con una capacidad m\u00e1xima de peso de 3 kg.<\/p>\n<p>Sin limitarse a las opciones de montaje convencionales, esta pinza es perfecta para fijar accesorios a cardanes, soportes o incluso como forma \u00fanica de montar una peque\u00f1a c\u00e1mara de acci\u00f3n.<\/p>\n<p><em>Tanto si eres cineasta, fot\u00f3grafo o creador de contenidos, la pinza de montaje de accesorios Tilta te abre un mundo de posibilidades creativas.<\/em><\/p>\n","protected":false},"excerpt":{"rendered":"<p>La abrazadera de montaje de accesorios Tilta es una abrazadera de accesorios vers\u00e1til, dise\u00f1ada para sujetarse con seguridad a diversas piezas, lo que te da libertad para montar una amplia gama de accesorios con facilidad. Con roscas de 1\/4&#8243;-20 y [&hellip;]<\/p>\n","protected":false},"featured_media":2004746,"comment_status":"closed","ping_status":"closed","template":"","meta":[],"product_cat":[2749,2748,2732],"product_tag":[],"acf":[],"gallery_images":[2004749,2004750,2004752,2004754,2004756,2004757],"_links":{"self":[{"href":"https:\/\/eu.tilta.com\/es\/wp-json\/wp\/v2\/product\/2004741"}],"collection":[{"href":"https:\/\/eu.tilta.com\/es\/wp-json\/wp\/v2\/product"}],"about":[{"href":"https:\/\/eu.tilta.com\/es\/wp-json\/wp\/v2\/types\/product"}],"replies":[{"embeddable":true,"href":"https:\/\/eu.tilta.com\/es\/wp-json\/wp\/v2\/comments?post=2004741"}],"wp:featuredmedia":[{"embeddable":true,"href":"https:\/\/eu.tilta.com\/es\/wp-json\/wp\/v2\/media\/2004746"}],"wp:attachment":[{"href":"https:\/\/eu.tilta.com\/es\/wp-json\/wp\/v2\/media?parent=2004741"}],"wp:term":[{"taxonomy":"product_cat","embeddable":true,"href":"https:\/\/eu.tilta.com\/es\/wp-json\/wp\/v2\/product_cat?post=2004741"},{"taxonomy":"product_tag","embeddable":true,"href":"https:\/\/eu.tilta.com\/es\/wp-json\/wp\/v2\/product_tag?post=2004741"}],"curies":[{"name":"wp","href":"https:\/\/api.w.org\/{rel}","templated":true}]}}