{"id":2004797,"date":"2023-06-08T14:24:54","date_gmt":"2023-06-08T12:24:54","guid":{"rendered":"https:\/\/de.tilta.com\/shop\/jaula-de-camara-para-el-kit-basico-dji-ronin-4d-flex\/"},"modified":"2025-12-05T13:35:45","modified_gmt":"2025-12-05T12:35:45","slug":"camera-cage-for-dji-ronin-4d-flex","status":"publish","type":"product","link":"https:\/\/eu.tilta.com\/es\/shop\/camera-cage-for-dji-ronin-4d-flex\/","title":{"rendered":"Jaula de c\u00e1mara para el kit b\u00e1sico DJI Ronin 4D Flex"},"content":{"rendered":"<p><em>La jaula de c\u00e1mara Tilta para el DJI Ronin 4D Flex es la opci\u00f3n perfecta para llevar tu 4D Flex al siguiente nivel.<\/em><\/p>\n<p>Esta jaula de c\u00e1mara ampl\u00eda tus opciones de montaje de la 4D al permitirte construir el sistema en una configuraci\u00f3n de estudio m\u00e1s tradicional, lo que te proporciona una versatilidad y un control inigualables.<\/p>\n<p>Dise\u00f1ada pensando en objetivos m\u00e1s grandes, como los objetivos zoom, la Jaula para C\u00e1mara Tilta viene equipada con una placa base LWS de 15 mm y varillas de 15 mm, que se adaptan f\u00e1cilmente a los sistemas de enfoque de seguimiento manual o a los motores inal\u00e1mbricos de control del objetivo.<\/p>\n<p>La jaula ofrece una variedad de opciones de montaje, incluidos los aliviadores de zapata fr\u00eda, el ra\u00edl OTAN y las roscas de 1\/4&#8243;-20 con pasadores de fijaci\u00f3n.<\/p>\n<p>El sistema de montaje de liberaci\u00f3n r\u00e1pida garantiza transiciones r\u00e1pidas entre configuraciones, ahorr\u00e1ndote un tiempo valioso en el plat\u00f3.<\/p>\n<p>Adem\u00e1s, la jaula incorpora puntos de montaje adicionales al cuerpo de la c\u00e1mara que proporcionan una mayor seguridad para tu c\u00e1mara y accesorios.<\/p>\n<p>Al igual que nuestras otras Jaulas para C\u00e1mara, est\u00e1 dise\u00f1ada para integrarse perfectamente con multitud de nuestros accesorios y sistemas de soporte, abriendo nuevas posibilidades de personalizaci\u00f3n.<\/p>\n<p>Comb\u00ednalo con sistemas de apoyo como el Flotador Tilta para mejorar la estabilizaci\u00f3n o explora nuestros otros sistemas para ampliar tus horizontes creativos.<\/p>\n<p><em>Eleva tu experiencia DJI Ronin 4D Flex con la Jaula para C\u00e1mara Tilta: \u00a1la herramienta definitiva para ampliar enormemente la funcionalidad en un entorno de estudio!  <\/em><\/p>\n","protected":false},"excerpt":{"rendered":"<p>La jaula de c\u00e1mara Tilta para el DJI Ronin 4D Flex es la opci\u00f3n perfecta para llevar tu 4D Flex al siguiente nivel. Esta jaula de c\u00e1mara ampl\u00eda tus opciones de montaje de la 4D al permitirte construir el sistema [&hellip;]<\/p>\n","protected":false},"featured_media":2004798,"comment_status":"closed","ping_status":"closed","template":"","meta":[],"product_cat":[3013],"product_tag":[],"acf":[],"gallery_images":[2004799,2004800,2004801,2004665,2004666],"_links":{"self":[{"href":"https:\/\/eu.tilta.com\/es\/wp-json\/wp\/v2\/product\/2004797"}],"collection":[{"href":"https:\/\/eu.tilta.com\/es\/wp-json\/wp\/v2\/product"}],"about":[{"href":"https:\/\/eu.tilta.com\/es\/wp-json\/wp\/v2\/types\/product"}],"replies":[{"embeddable":true,"href":"https:\/\/eu.tilta.com\/es\/wp-json\/wp\/v2\/comments?post=2004797"}],"wp:featuredmedia":[{"embeddable":true,"href":"https:\/\/eu.tilta.com\/es\/wp-json\/wp\/v2\/media\/2004798"}],"wp:attachment":[{"href":"https:\/\/eu.tilta.com\/es\/wp-json\/wp\/v2\/media?parent=2004797"}],"wp:term":[{"taxonomy":"product_cat","embeddable":true,"href":"https:\/\/eu.tilta.com\/es\/wp-json\/wp\/v2\/product_cat?post=2004797"},{"taxonomy":"product_tag","embeddable":true,"href":"https:\/\/eu.tilta.com\/es\/wp-json\/wp\/v2\/product_tag?post=2004797"}],"curies":[{"name":"wp","href":"https:\/\/api.w.org\/{rel}","templated":true}]}}