{"id":2004824,"date":"2023-05-08T11:09:12","date_gmt":"2023-05-08T09:09:12","guid":{"rendered":"https:\/\/de.tilta.com\/shop\/placa-de-montaje-multifuncional-tilta-para-otan-negra\/"},"modified":"2026-03-25T17:06:56","modified_gmt":"2026-03-25T16:06:56","slug":"tilta-multi-functional-nato-mounting-plate-black","status":"publish","type":"product","link":"https:\/\/eu.tilta.com\/es\/shop\/tilta-multi-functional-nato-mounting-plate-black\/","title":{"rendered":"Placa de montaje multifuncional Tilta para NATO &#8211; Negra"},"content":{"rendered":"<p><em>Esta placa de montaje NATO multifuncional es el accesorio compacto perfecto para ampliar las opciones de montaje de la jaula de tu c\u00e1mara.  <\/em><\/p>\n<p>Esta placa se integra perfectamente en la jaula de tu c\u00e1mara, ofreciendo una serie de opciones de montaje, como NATO, zapata fr\u00eda y una rosca de 1\/4&#8243;-20 con puntos de localizaci\u00f3n Arri.<\/p>\n<p>La inclusi\u00f3n de pasadores de seguridad en el ra\u00edl NATO garantiza que tus accesorios permanezcan firmemente en su posici\u00f3n, proporcionando una capa adicional de seguridad y tranquilidad.<\/p>\n<p>Para garantizar la compatibilidad universal, esta placa de montaje se conecta mediante dos tornillos de 1\/4&#8243;-20 con un paso de 25 mm, lo que evita la rotaci\u00f3n involuntaria.<\/p>\n<p><em>Con la placa de montaje multifuncional Tilta para NATO, dispondr\u00e1s de un accesorio compacto y fiable que mejora sin esfuerzo las capacidades de montaje de la jaula de tu c\u00e1mara. <\/em><\/p>\n<p>&nbsp;<\/p>\n","protected":false},"excerpt":{"rendered":"<p>Esta placa de montaje NATO multifuncional es el accesorio compacto perfecto para ampliar las opciones de montaje de la jaula de tu c\u00e1mara. Esta placa se integra perfectamente en la jaula de tu c\u00e1mara, ofreciendo una serie de opciones de [&hellip;]<\/p>\n","protected":false},"featured_media":2004825,"comment_status":"closed","ping_status":"closed","template":"","meta":[],"product_cat":[3014,2992,2784],"product_tag":[],"acf":[],"gallery_images":[2004826,2004827,2004828],"_links":{"self":[{"href":"https:\/\/eu.tilta.com\/es\/wp-json\/wp\/v2\/product\/2004824"}],"collection":[{"href":"https:\/\/eu.tilta.com\/es\/wp-json\/wp\/v2\/product"}],"about":[{"href":"https:\/\/eu.tilta.com\/es\/wp-json\/wp\/v2\/types\/product"}],"replies":[{"embeddable":true,"href":"https:\/\/eu.tilta.com\/es\/wp-json\/wp\/v2\/comments?post=2004824"}],"wp:featuredmedia":[{"embeddable":true,"href":"https:\/\/eu.tilta.com\/es\/wp-json\/wp\/v2\/media\/2004825"}],"wp:attachment":[{"href":"https:\/\/eu.tilta.com\/es\/wp-json\/wp\/v2\/media?parent=2004824"}],"wp:term":[{"taxonomy":"product_cat","embeddable":true,"href":"https:\/\/eu.tilta.com\/es\/wp-json\/wp\/v2\/product_cat?post=2004824"},{"taxonomy":"product_tag","embeddable":true,"href":"https:\/\/eu.tilta.com\/es\/wp-json\/wp\/v2\/product_tag?post=2004824"}],"curies":[{"name":"wp","href":"https:\/\/api.w.org\/{rel}","templated":true}]}}