{"id":2004848,"date":"2023-05-08T10:34:00","date_gmt":"2023-05-08T08:34:00","guid":{"rendered":"https:\/\/de.tilta.com\/shop\/soporte-giratorio-para-telefono-tilta-negro\/"},"modified":"2026-02-11T06:58:35","modified_gmt":"2026-02-11T05:58:35","slug":"tilta-rotatable-phone-mounting-bracket-black","status":"publish","type":"product","link":"https:\/\/eu.tilta.com\/es\/shop\/tilta-rotatable-phone-mounting-bracket-black\/","title":{"rendered":"Soporte giratorio para tel\u00e9fono Tilta &#8211; Negro"},"content":{"rendered":"<p><em>El Soporte giratorio para tel\u00e9fono Tilta es el accesorio perfecto para integrar perfectamente tu smartphone con tu c\u00e1mara o sistema de soporte.<\/em><\/p>\n<p>Dise\u00f1ado pensando en la versatilidad, este soporte de montaje ofrece una flexibilidad excepcional con un rango de inclinaci\u00f3n de 180 grados y la posibilidad de girar 360 grados.<\/p>\n<p>Este soporte sujeta firmemente tu smartphone mediante una abrazadera ajustable que admite dispositivos de entre 60 mm y 90 mm de ancho.<\/p>\n<p>Este soporte tambi\u00e9n incorpora un acolchado de silicona que no s\u00f3lo protege tu dispositivo de ara\u00f1azos, sino que mejora la fuerza de agarre de la abrazadera, lo que se traduce en una conexi\u00f3n m\u00e1s segura.<\/p>\n<p>Cuenta con puntos de montaje adicionales tanto para zapata fr\u00eda como para accesorios basados en 1\/4&#8243;-20, lo que te permite acoplar una gran variedad de accesorios y soportes compatibles.<\/p>\n<p>El soporte giratorio para tel\u00e9fono Tilta es el compa\u00f1ero ideal para cualquier fot\u00f3grafo o vide\u00f3grafo que desee ampliar la funcionalidad de su equipo a trav\u00e9s de su smartphone.<\/p>\n<p><em>Actualiza tu flujo de trabajo creativo y abre nuevas posibilidades con esta soluci\u00f3n de montaje duradera, ajustable y repleta de funciones.<\/em><\/p>\n","protected":false},"excerpt":{"rendered":"<p>El Soporte giratorio para tel\u00e9fono Tilta es el accesorio perfecto para integrar perfectamente tu smartphone con tu c\u00e1mara o sistema de soporte. Dise\u00f1ado pensando en la versatilidad, este soporte de montaje ofrece una flexibilidad excepcional con un rango de inclinaci\u00f3n [&hellip;]<\/p>\n","protected":false},"featured_media":2004849,"comment_status":"closed","ping_status":"closed","template":"","meta":[],"product_cat":[2843,2844,2834,2842,2747,2790,2973,2959,2904],"product_tag":[],"acf":[],"gallery_images":[1942359,1942360,1942704],"_links":{"self":[{"href":"https:\/\/eu.tilta.com\/es\/wp-json\/wp\/v2\/product\/2004848"}],"collection":[{"href":"https:\/\/eu.tilta.com\/es\/wp-json\/wp\/v2\/product"}],"about":[{"href":"https:\/\/eu.tilta.com\/es\/wp-json\/wp\/v2\/types\/product"}],"replies":[{"embeddable":true,"href":"https:\/\/eu.tilta.com\/es\/wp-json\/wp\/v2\/comments?post=2004848"}],"wp:featuredmedia":[{"embeddable":true,"href":"https:\/\/eu.tilta.com\/es\/wp-json\/wp\/v2\/media\/2004849"}],"wp:attachment":[{"href":"https:\/\/eu.tilta.com\/es\/wp-json\/wp\/v2\/media?parent=2004848"}],"wp:term":[{"taxonomy":"product_cat","embeddable":true,"href":"https:\/\/eu.tilta.com\/es\/wp-json\/wp\/v2\/product_cat?post=2004848"},{"taxonomy":"product_tag","embeddable":true,"href":"https:\/\/eu.tilta.com\/es\/wp-json\/wp\/v2\/product_tag?post=2004848"}],"curies":[{"name":"wp","href":"https:\/\/api.w.org\/{rel}","templated":true}]}}