{"id":2004861,"date":"2023-05-08T10:04:26","date_gmt":"2023-05-08T08:04:26","guid":{"rendered":"https:\/\/de.tilta.com\/shop\/pinza-universal-para-cables-tilta-negra\/"},"modified":"2026-01-09T16:32:24","modified_gmt":"2026-01-09T15:32:24","slug":"tilta-universal-cable-clamp-black","status":"publish","type":"product","link":"https:\/\/eu.tilta.com\/es\/shop\/tilta-universal-cable-clamp-black\/","title":{"rendered":"Pinza universal para cables Tilta &#8211; Negra"},"content":{"rendered":"<p><em>La abrazadera de cables universal Tilta es la soluci\u00f3n ligera perfecta para una gesti\u00f3n de cables limpia y organizada en la jaula de tu c\u00e1mara.  <\/em><\/p>\n<p>Esta abrazadera compacta puede sujetar varios cables en su sitio con un dise\u00f1o de liberaci\u00f3n r\u00e1pida que facilita su desbloqueo cuando es necesario.<\/p>\n<p>La pinza se conecta a casi cualquier jaula de c\u00e1mara mediante un tornillo de 1\/4&#8243;-20 con un pasador de fijaci\u00f3n retr\u00e1ctil para evitar la rotaci\u00f3n cuando hay puntos de fijaci\u00f3n disponibles.<\/p>\n<p>Con un peso de s\u00f3lo 16 gramos, este accesorio a\u00f1ade un peso m\u00ednimo a tu configuraci\u00f3n y es muy viable en cardanes o construcciones ligeras.<\/p>\n<p><em>\u00a1Agiliza la construcci\u00f3n de tu c\u00e1mara con este accesorio ligero y eficaz!<\/em><\/p>\n","protected":false},"excerpt":{"rendered":"<p>La abrazadera de cables universal Tilta es la soluci\u00f3n ligera perfecta para una gesti\u00f3n de cables limpia y organizada en la jaula de tu c\u00e1mara. Esta abrazadera compacta puede sujetar varios cables en su sitio con un dise\u00f1o de liberaci\u00f3n [&hellip;]<\/p>\n","protected":false},"featured_media":2004862,"comment_status":"closed","ping_status":"closed","template":"","meta":[],"product_cat":[2750,2748,2934],"product_tag":[],"acf":[],"gallery_images":[2004863,2004864,2004865,2004866],"_links":{"self":[{"href":"https:\/\/eu.tilta.com\/es\/wp-json\/wp\/v2\/product\/2004861"}],"collection":[{"href":"https:\/\/eu.tilta.com\/es\/wp-json\/wp\/v2\/product"}],"about":[{"href":"https:\/\/eu.tilta.com\/es\/wp-json\/wp\/v2\/types\/product"}],"replies":[{"embeddable":true,"href":"https:\/\/eu.tilta.com\/es\/wp-json\/wp\/v2\/comments?post=2004861"}],"wp:featuredmedia":[{"embeddable":true,"href":"https:\/\/eu.tilta.com\/es\/wp-json\/wp\/v2\/media\/2004862"}],"wp:attachment":[{"href":"https:\/\/eu.tilta.com\/es\/wp-json\/wp\/v2\/media?parent=2004861"}],"wp:term":[{"taxonomy":"product_cat","embeddable":true,"href":"https:\/\/eu.tilta.com\/es\/wp-json\/wp\/v2\/product_cat?post=2004861"},{"taxonomy":"product_tag","embeddable":true,"href":"https:\/\/eu.tilta.com\/es\/wp-json\/wp\/v2\/product_tag?post=2004861"}],"curies":[{"name":"wp","href":"https:\/\/api.w.org\/{rel}","templated":true}]}}