{"id":2004877,"date":"2023-05-08T09:42:51","date_gmt":"2023-05-08T07:42:51","guid":{"rendered":"https:\/\/de.tilta.com\/shop\/placa-de-montaje-de-accesorios-ajustable-tilta-negra\/"},"modified":"2026-05-07T15:24:26","modified_gmt":"2026-05-07T13:24:26","slug":"tilta-adjustable-accessory-mounting-plate-black","status":"publish","type":"product","link":"https:\/\/eu.tilta.com\/es\/shop\/tilta-adjustable-accessory-mounting-plate-black\/","title":{"rendered":"Placa de montaje de accesorios ajustable Tilta &#8211; Negra"},"content":{"rendered":"<p><em>La placa de montaje de accesorios ajustable Tilta es una nueva soluci\u00f3n vers\u00e1til para montar accesorios de forma flexible y segura. Esta placa accesoria ofrece una amplia gama de opciones de montaje y configuraciones ajustables para satisfacer diversas necesidades.<\/em><\/p>\n<p>La placa se conecta mediante un soporte giratorio de 1\/4&#8243;-20 que utiliza pasadores de fijaci\u00f3n para evitar la rotaci\u00f3n. La posici\u00f3n de este soporte puede ajustarse mediante una conexi\u00f3n de ra\u00edl OTAN que utiliza pasadores de seguridad en ambos extremos para mayor seguridad.<\/p>\n<p>La placa de montaje principal dispone de m\u00faltiples roscas de 1\/4&#8243;-20 y 3\/8&#8243;-16, con puntos de fijaci\u00f3n, que proporcionan una serie de opciones para alojar diferentes accesorios.<\/p>\n<p>Este accesorio puede utilizarse en lugar de una jaula o puede ampliar los puntos de montaje de una jaula, permiti\u00e9ndote fijar f\u00e1cilmente a tu c\u00e1mara brazos articulados, monitores externos, transmisores de v\u00eddeo inal\u00e1mbricos y mucho m\u00e1s, todo ello con la flexibilidad de poder girar r\u00e1pidamente todo el lugar de montaje cuando sea necesario.<\/p>\n<p><em>\u00a1Lleva tu creatividad a nuevas cotas y libera todo el potencial de tu equipo con nuestra innovadora soluci\u00f3n de montaje!<\/em><\/p>\n","protected":false},"excerpt":{"rendered":"<p>La placa de montaje de accesorios ajustable Tilta es una nueva soluci\u00f3n vers\u00e1til para montar accesorios de forma flexible y segura. Esta placa accesoria ofrece una amplia gama de opciones de montaje y configuraciones ajustables para satisfacer diversas necesidades. La [&hellip;]<\/p>\n","protected":false},"featured_media":2004878,"comment_status":"closed","ping_status":"closed","template":"","meta":[],"product_cat":[2749,2843,2844,2834,2842,2747,2790,3014,2748],"product_tag":[],"acf":[],"gallery_images":[2004879,2004880,2004881],"_links":{"self":[{"href":"https:\/\/eu.tilta.com\/es\/wp-json\/wp\/v2\/product\/2004877"}],"collection":[{"href":"https:\/\/eu.tilta.com\/es\/wp-json\/wp\/v2\/product"}],"about":[{"href":"https:\/\/eu.tilta.com\/es\/wp-json\/wp\/v2\/types\/product"}],"replies":[{"embeddable":true,"href":"https:\/\/eu.tilta.com\/es\/wp-json\/wp\/v2\/comments?post=2004877"}],"wp:featuredmedia":[{"embeddable":true,"href":"https:\/\/eu.tilta.com\/es\/wp-json\/wp\/v2\/media\/2004878"}],"wp:attachment":[{"href":"https:\/\/eu.tilta.com\/es\/wp-json\/wp\/v2\/media?parent=2004877"}],"wp:term":[{"taxonomy":"product_cat","embeddable":true,"href":"https:\/\/eu.tilta.com\/es\/wp-json\/wp\/v2\/product_cat?post=2004877"},{"taxonomy":"product_tag","embeddable":true,"href":"https:\/\/eu.tilta.com\/es\/wp-json\/wp\/v2\/product_tag?post=2004877"}],"curies":[{"name":"wp","href":"https:\/\/api.w.org\/{rel}","templated":true}]}}