{"id":2004893,"date":"2023-03-15T09:07:15","date_gmt":"2023-03-15T08:07:15","guid":{"rendered":"https:\/\/de.tilta.com\/shop\/cable-de-alimentacion-de-bateria-ficticia-lp-e6-a-usb-c-pd-de-canon\/"},"modified":"2025-12-05T13:35:51","modified_gmt":"2025-12-05T12:35:51","slug":"canon-lp-e6-dummy-battery-to-usb-c-pd-power-cable","status":"publish","type":"product","link":"https:\/\/eu.tilta.com\/es\/shop\/canon-lp-e6-dummy-battery-to-usb-c-pd-power-cable\/","title":{"rendered":"Cable de alimentaci\u00f3n de bater\u00eda ficticia LP-E6 a USB-C PD de Canon"},"content":{"rendered":"<p>Este cable de alimentaci\u00f3n de bater\u00eda ficticia LP-E6 a USB-C PD de Canon te permite alimentar c\u00e1maras y accesorios basados en LP-E6 a trav\u00e9s de cualquier puerto USB-C PD.<\/p>\n<p>Es la soluci\u00f3n perfecta para alimentar accesorios como monitores externos o sistemas de c\u00e1maras como algunas DSLR de Canon a trav\u00e9s de nuestra <a href=\"https:\/\/de.tilta.com\/shop\/tiltaing-smart-v-mount-battery-plate-black\/\">Placa para Bater\u00eda de Montaje en V Inteligente<\/a>, la <a href=\"https:\/\/de.tilta.com\/shop\/tiltaing-smart-v-mount-battery-baseplate-arca-black\/\">Placa Base para Bater\u00eda de Montaje en V Inteligente<\/a> o el <a href=\"https:\/\/de.tilta.com\/shop\/tilta-left-side-pd-handle-with-run-stop-type-viii-black\/\">Asa PD Lateral Izquierda con Marcha\/Paro Tipo VIII<\/a>.<\/p>\n<p>Este cable es una opci\u00f3n perfecta para los usuarios que alimentan su Canon R5C mediante nuestro Mango PD, ya que este cable adicional te permitir\u00e1 alimentar tu c\u00e1mara mediante USB-C PD sin necesidad de una bater\u00eda interna LP-E6 para encenderla.<\/p>\n<p>Este cable regula el voltaje para proporcionar el mismo voltaje que una bater\u00eda LP-E6 normal.<\/p>\n","protected":false},"excerpt":{"rendered":"<p>Este cable de alimentaci\u00f3n de bater\u00eda ficticia LP-E6 a USB-C PD de Canon te permite alimentar c\u00e1maras y accesorios basados en LP-E6 a trav\u00e9s de cualquier puerto USB-C PD. Es la soluci\u00f3n perfecta para alimentar accesorios como monitores externos o [&hellip;]<\/p>\n","protected":false},"featured_media":2004894,"comment_status":"closed","ping_status":"closed","template":"","meta":[],"product_cat":[2740,2892],"product_tag":[],"acf":[],"gallery_images":[],"_links":{"self":[{"href":"https:\/\/eu.tilta.com\/es\/wp-json\/wp\/v2\/product\/2004893"}],"collection":[{"href":"https:\/\/eu.tilta.com\/es\/wp-json\/wp\/v2\/product"}],"about":[{"href":"https:\/\/eu.tilta.com\/es\/wp-json\/wp\/v2\/types\/product"}],"replies":[{"embeddable":true,"href":"https:\/\/eu.tilta.com\/es\/wp-json\/wp\/v2\/comments?post=2004893"}],"wp:featuredmedia":[{"embeddable":true,"href":"https:\/\/eu.tilta.com\/es\/wp-json\/wp\/v2\/media\/2004894"}],"wp:attachment":[{"href":"https:\/\/eu.tilta.com\/es\/wp-json\/wp\/v2\/media?parent=2004893"}],"wp:term":[{"taxonomy":"product_cat","embeddable":true,"href":"https:\/\/eu.tilta.com\/es\/wp-json\/wp\/v2\/product_cat?post=2004893"},{"taxonomy":"product_tag","embeddable":true,"href":"https:\/\/eu.tilta.com\/es\/wp-json\/wp\/v2\/product_tag?post=2004893"}],"curies":[{"name":"wp","href":"https:\/\/api.w.org\/{rel}","templated":true}]}}