{"id":2004914,"date":"2023-03-15T09:58:35","date_gmt":"2023-03-15T08:58:35","guid":{"rendered":"https:\/\/de.tilta.com\/shop\/cable-de-alimentacion-en-espiral-de-4-clavijas-macho-a-8-clavijas-hembra\/"},"modified":"2025-12-05T13:36:02","modified_gmt":"2025-12-05T12:36:02","slug":"4-pin-male-to-8-pin-female-coiled-power-cable","status":"publish","type":"product","link":"https:\/\/eu.tilta.com\/es\/shop\/4-pin-male-to-8-pin-female-coiled-power-cable\/","title":{"rendered":"Cable de alimentaci\u00f3n en espiral de 4 clavijas macho a 8 clavijas hembra"},"content":{"rendered":"<p>Este cable de alimentaci\u00f3n en espiral de 4 patillas macho a 8 patillas hembra te permite alimentar una Arri Alexa 35 a trav\u00e9s de nuestro m\u00f3dulo de distribuci\u00f3n de corriente de 24 V para DJI Ronin 2.<\/p>\n<p>Este cable sirve para sustituir al incluido en el kit.<\/p>\n","protected":false},"excerpt":{"rendered":"<p>Este cable de alimentaci\u00f3n en espiral de 4 patillas macho a 8 patillas hembra te permite alimentar una Arri Alexa 35 a trav\u00e9s de nuestro m\u00f3dulo de distribuci\u00f3n de corriente de 24 V para DJI Ronin 2. Este cable sirve [&hellip;]<\/p>\n","protected":false},"featured_media":2004915,"comment_status":"closed","ping_status":"closed","template":"","meta":[],"product_cat":[2891],"product_tag":[],"acf":[],"gallery_images":[1940234],"_links":{"self":[{"href":"https:\/\/eu.tilta.com\/es\/wp-json\/wp\/v2\/product\/2004914"}],"collection":[{"href":"https:\/\/eu.tilta.com\/es\/wp-json\/wp\/v2\/product"}],"about":[{"href":"https:\/\/eu.tilta.com\/es\/wp-json\/wp\/v2\/types\/product"}],"replies":[{"embeddable":true,"href":"https:\/\/eu.tilta.com\/es\/wp-json\/wp\/v2\/comments?post=2004914"}],"wp:featuredmedia":[{"embeddable":true,"href":"https:\/\/eu.tilta.com\/es\/wp-json\/wp\/v2\/media\/2004915"}],"wp:attachment":[{"href":"https:\/\/eu.tilta.com\/es\/wp-json\/wp\/v2\/media?parent=2004914"}],"wp:term":[{"taxonomy":"product_cat","embeddable":true,"href":"https:\/\/eu.tilta.com\/es\/wp-json\/wp\/v2\/product_cat?post=2004914"},{"taxonomy":"product_tag","embeddable":true,"href":"https:\/\/eu.tilta.com\/es\/wp-json\/wp\/v2\/product_tag?post=2004914"}],"curies":[{"name":"wp","href":"https:\/\/api.w.org\/{rel}","templated":true}]}}