{"id":2004917,"date":"2023-03-15T09:52:00","date_gmt":"2023-03-15T08:52:00","guid":{"rendered":"https:\/\/de.tilta.com\/shop\/cable-de-alimentacion-de-4-clavijas-macho-en-angulo-recto-a-4-clavijas-hembra-30-cm\/"},"modified":"2025-12-05T13:36:03","modified_gmt":"2025-12-05T12:36:03","slug":"4-pin-right-angle-male-to-4-pin-female-power-cable-30cm","status":"publish","type":"product","link":"https:\/\/eu.tilta.com\/es\/shop\/4-pin-right-angle-male-to-4-pin-female-power-cable-30cm\/","title":{"rendered":"Cable de alimentaci\u00f3n de 4 clavijas macho en \u00e1ngulo recto a 4 clavijas hembra (30 cm)"},"content":{"rendered":"<p>Este cable de alimentaci\u00f3n de 4 patillas macho en \u00e1ngulo recto a 4 patillas hembra te permite alimentar nuestro m\u00f3dulo de distribuci\u00f3n de corriente de 24 V para el DJI Ronin 2 a trav\u00e9s del Ronin 2.<\/p>\n<p>Este cable sirve para sustituir al incluido en el kit.<\/p>\n","protected":false},"excerpt":{"rendered":"<p>Este cable de alimentaci\u00f3n de 4 patillas macho en \u00e1ngulo recto a 4 patillas hembra te permite alimentar nuestro m\u00f3dulo de distribuci\u00f3n de corriente de 24 V para el DJI Ronin 2 a trav\u00e9s del Ronin 2. Este cable sirve [&hellip;]<\/p>\n","protected":false},"featured_media":2004918,"comment_status":"closed","ping_status":"closed","template":"","meta":[],"product_cat":[2891],"product_tag":[],"acf":[],"gallery_images":[1940233],"_links":{"self":[{"href":"https:\/\/eu.tilta.com\/es\/wp-json\/wp\/v2\/product\/2004917"}],"collection":[{"href":"https:\/\/eu.tilta.com\/es\/wp-json\/wp\/v2\/product"}],"about":[{"href":"https:\/\/eu.tilta.com\/es\/wp-json\/wp\/v2\/types\/product"}],"replies":[{"embeddable":true,"href":"https:\/\/eu.tilta.com\/es\/wp-json\/wp\/v2\/comments?post=2004917"}],"wp:featuredmedia":[{"embeddable":true,"href":"https:\/\/eu.tilta.com\/es\/wp-json\/wp\/v2\/media\/2004918"}],"wp:attachment":[{"href":"https:\/\/eu.tilta.com\/es\/wp-json\/wp\/v2\/media?parent=2004917"}],"wp:term":[{"taxonomy":"product_cat","embeddable":true,"href":"https:\/\/eu.tilta.com\/es\/wp-json\/wp\/v2\/product_cat?post=2004917"},{"taxonomy":"product_tag","embeddable":true,"href":"https:\/\/eu.tilta.com\/es\/wp-json\/wp\/v2\/product_tag?post=2004917"}],"curies":[{"name":"wp","href":"https:\/\/api.w.org\/{rel}","templated":true}]}}