{"id":2004920,"date":"2023-03-15T09:27:17","date_gmt":"2023-03-15T08:27:17","guid":{"rendered":"https:\/\/de.tilta.com\/shop\/placa-base-tilta-universal-15mm-lws\/"},"modified":"2025-12-05T13:36:19","modified_gmt":"2025-12-05T12:36:19","slug":"tilta-universal-15mm-lws-baseplate","status":"publish","type":"product","link":"https:\/\/eu.tilta.com\/es\/shop\/tilta-universal-15mm-lws-baseplate\/","title":{"rendered":"Placa base Tilta Universal 15mm LWS"},"content":{"rendered":"<p>Esta Placa Base Modular LWS de 15 mm es un nuevo est\u00e1ndar universal que se puede adaptar para acomodar diversos cuerpos de c\u00e1mara con alturas de sensor \u00fanicas en relaci\u00f3n con la posici\u00f3n de la varilla.<\/p>\n<p>Esta placa base proporciona una base fiable y estable para tu c\u00e1mara, permiti\u00e9ndote montar diversos accesorios basados en varillas, como motores de seguimiento de enfoque o cajas de mate.<\/p>\n<p>El dise\u00f1o modular te permite montar adaptadores de placa base LWS de tipo I, II o III, que incorporan receptores ARCA y son directamente compatibles con muchas de nuestras jaulas para c\u00e1maras.<\/p>\n<p>Esto permite a los usuarios cambiar entre un card\u00e1n de la serie DJI Ronin y esta placa base r\u00e1pidamente y sin esfuerzo.<\/p>\n<p>Este adaptador ARCA se puede quitar f\u00e1cilmente, lo que te permite montar otras jaulas o sistemas de c\u00e1maras directamente mediante dos tornillos de 1\/4\u2033-20.<\/p>\n<p>La placa base est\u00e1 dise\u00f1ada para ser compatible con las colas de milano est\u00e1ndar Tilta y puede alojar una amplia gama de placas de cierre r\u00e1pido mediante roscas de 1\/4\u2033-20 y 3\/8\u2033-16 en la parte inferior.<\/p>\n<p>Con su dise\u00f1o robusto y vers\u00e1til, la placa base Tilta Universal 15mm LWS es la opci\u00f3n ideal para cualquier cineasta o vide\u00f3grafo que quiera ampliar su equipo de c\u00e1mara.<\/p>\n","protected":false},"excerpt":{"rendered":"<p>Esta Placa Base Modular LWS de 15 mm es un nuevo est\u00e1ndar universal que se puede adaptar para acomodar diversos cuerpos de c\u00e1mara con alturas de sensor \u00fanicas en relaci\u00f3n con la posici\u00f3n de la varilla. Esta placa base proporciona [&hellip;]<\/p>\n","protected":false},"featured_media":2004921,"comment_status":"closed","ping_status":"closed","template":"","meta":[],"product_cat":[2833,2831,2744,2734,2877,2864],"product_tag":[],"acf":[],"gallery_images":[2004922,2004923,2004924],"_links":{"self":[{"href":"https:\/\/eu.tilta.com\/es\/wp-json\/wp\/v2\/product\/2004920"}],"collection":[{"href":"https:\/\/eu.tilta.com\/es\/wp-json\/wp\/v2\/product"}],"about":[{"href":"https:\/\/eu.tilta.com\/es\/wp-json\/wp\/v2\/types\/product"}],"replies":[{"embeddable":true,"href":"https:\/\/eu.tilta.com\/es\/wp-json\/wp\/v2\/comments?post=2004920"}],"wp:featuredmedia":[{"embeddable":true,"href":"https:\/\/eu.tilta.com\/es\/wp-json\/wp\/v2\/media\/2004921"}],"wp:attachment":[{"href":"https:\/\/eu.tilta.com\/es\/wp-json\/wp\/v2\/media?parent=2004920"}],"wp:term":[{"taxonomy":"product_cat","embeddable":true,"href":"https:\/\/eu.tilta.com\/es\/wp-json\/wp\/v2\/product_cat?post=2004920"},{"taxonomy":"product_tag","embeddable":true,"href":"https:\/\/eu.tilta.com\/es\/wp-json\/wp\/v2\/product_tag?post=2004920"}],"curies":[{"name":"wp","href":"https:\/\/api.w.org\/{rel}","templated":true}]}}