{"id":2004942,"date":"2023-03-14T17:45:55","date_gmt":"2023-03-14T16:45:55","guid":{"rendered":"https:\/\/de.tilta.com\/shop\/cable-de-control-divisor-de-usb-c-a-usb-c-doble\/"},"modified":"2026-01-19T07:26:04","modified_gmt":"2026-01-19T06:26:04","slug":"usb-c-to-dual-usb-c-splitter-control-cable","status":"publish","type":"product","link":"https:\/\/eu.tilta.com\/es\/shop\/usb-c-to-dual-usb-c-splitter-control-cable\/","title":{"rendered":"Cable de control divisor de USB-C a USB-C doble"},"content":{"rendered":"<p>Este cable de control divisor de USB-C a USB-C doble permite a los usuarios alimentar tanto el DJI RavenEye como un motor DJI Focus a trav\u00e9s del mismo puerto USB-C.<\/p>\n<p>La conexi\u00f3n USB-C dividida es la opci\u00f3n perfecta para quienes buscan alimentar varios accesorios sin necesidad de pasar varios cables.<\/p>\n<p>Esto puede ayudar a mantener la construcci\u00f3n de tu card\u00e1n limpia y r\u00e1pida.<\/p>\n<p><strong>NOTA: Este cable S\u00d3LO es compatible con el RavenEye y el motor DJI Focus y no puede utilizarse para alimentar o cargar otros dispositivos.  <\/strong><\/p>\n","protected":false},"excerpt":{"rendered":"<p>Este cable de control divisor de USB-C a USB-C doble permite a los usuarios alimentar tanto el DJI RavenEye como un motor DJI Focus a trav\u00e9s del mismo puerto USB-C. La conexi\u00f3n USB-C dividida es la opci\u00f3n perfecta para quienes [&hellip;]<\/p>\n","protected":false},"featured_media":2004945,"comment_status":"closed","ping_status":"closed","template":"","meta":[],"product_cat":[3010,2853],"product_tag":[],"acf":[],"gallery_images":[],"_links":{"self":[{"href":"https:\/\/eu.tilta.com\/es\/wp-json\/wp\/v2\/product\/2004942"}],"collection":[{"href":"https:\/\/eu.tilta.com\/es\/wp-json\/wp\/v2\/product"}],"about":[{"href":"https:\/\/eu.tilta.com\/es\/wp-json\/wp\/v2\/types\/product"}],"replies":[{"embeddable":true,"href":"https:\/\/eu.tilta.com\/es\/wp-json\/wp\/v2\/comments?post=2004942"}],"wp:featuredmedia":[{"embeddable":true,"href":"https:\/\/eu.tilta.com\/es\/wp-json\/wp\/v2\/media\/2004945"}],"wp:attachment":[{"href":"https:\/\/eu.tilta.com\/es\/wp-json\/wp\/v2\/media?parent=2004942"}],"wp:term":[{"taxonomy":"product_cat","embeddable":true,"href":"https:\/\/eu.tilta.com\/es\/wp-json\/wp\/v2\/product_cat?post=2004942"},{"taxonomy":"product_tag","embeddable":true,"href":"https:\/\/eu.tilta.com\/es\/wp-json\/wp\/v2\/product_tag?post=2004942"}],"curies":[{"name":"wp","href":"https:\/\/api.w.org\/{rel}","templated":true}]}}