{"id":2004946,"date":"2023-03-14T17:35:42","date_gmt":"2023-03-14T16:35:42","guid":{"rendered":"https:\/\/de.tilta.com\/shop\/cable-de-alimentacion-de-bateria-ficticia-a-usb-c-pd-panasonic-dmw-blf19\/"},"modified":"2026-02-16T09:00:56","modified_gmt":"2026-02-16T08:00:56","slug":"panasonic-dmw-blf19-dummy-battery-to-usb-c-pd-power-cable","status":"publish","type":"product","link":"https:\/\/eu.tilta.com\/es\/shop\/panasonic-dmw-blf19-dummy-battery-to-usb-c-pd-power-cable\/","title":{"rendered":"Cable de alimentaci\u00f3n de bater\u00eda ficticia a USB-C PD Panasonic DMW-BLF19"},"content":{"rendered":"<p>Este cable de alimentaci\u00f3n de bater\u00eda ficticia a USB-C PD de Panasonic DMW-BLF19 te permite alimentar c\u00e1maras y accesorios basados en Panasonic DMW-BLF19 a trav\u00e9s de cualquier puerto USB-C PD.<\/p>\n<p>Se trata de la soluci\u00f3n perfecta para alimentar accesorios o sistemas de c\u00e1maras como determinados cuerpos de c\u00e1mara Panasonic GH4, GH5 y GH5S a trav\u00e9s de nuestra Placa de Bater\u00eda de Montaje V Inteligente, Placa Base de Bater\u00eda de Montaje V Inteligente o Asa PD Lateral Izquierda con Marcha\/Paro Tipo VIII.<\/p>\n<p>Este cable regula el voltaje para proporcionar el mismo voltaje que una bater\u00eda DMW-BLF19 normal.<\/p>\n","protected":false},"excerpt":{"rendered":"<p>Este cable de alimentaci\u00f3n de bater\u00eda ficticia a USB-C PD de Panasonic DMW-BLF19 te permite alimentar c\u00e1maras y accesorios basados en Panasonic DMW-BLF19 a trav\u00e9s de cualquier puerto USB-C PD. Se trata de la soluci\u00f3n perfecta para alimentar accesorios o [&hellip;]<\/p>\n","protected":false},"featured_media":2004947,"comment_status":"closed","ping_status":"closed","template":"","meta":[],"product_cat":[4448,2892],"product_tag":[],"acf":[],"gallery_images":[],"_links":{"self":[{"href":"https:\/\/eu.tilta.com\/es\/wp-json\/wp\/v2\/product\/2004946"}],"collection":[{"href":"https:\/\/eu.tilta.com\/es\/wp-json\/wp\/v2\/product"}],"about":[{"href":"https:\/\/eu.tilta.com\/es\/wp-json\/wp\/v2\/types\/product"}],"replies":[{"embeddable":true,"href":"https:\/\/eu.tilta.com\/es\/wp-json\/wp\/v2\/comments?post=2004946"}],"wp:featuredmedia":[{"embeddable":true,"href":"https:\/\/eu.tilta.com\/es\/wp-json\/wp\/v2\/media\/2004947"}],"wp:attachment":[{"href":"https:\/\/eu.tilta.com\/es\/wp-json\/wp\/v2\/media?parent=2004946"}],"wp:term":[{"taxonomy":"product_cat","embeddable":true,"href":"https:\/\/eu.tilta.com\/es\/wp-json\/wp\/v2\/product_cat?post=2004946"},{"taxonomy":"product_tag","embeddable":true,"href":"https:\/\/eu.tilta.com\/es\/wp-json\/wp\/v2\/product_tag?post=2004946"}],"curies":[{"name":"wp","href":"https:\/\/api.w.org\/{rel}","templated":true}]}}