{"id":2004948,"date":"2023-03-14T17:22:02","date_gmt":"2023-03-14T16:22:02","guid":{"rendered":"https:\/\/de.tilta.com\/shop\/adaptador-de-abrazadera-otan-a-zapata-fria-tilta-negro\/"},"modified":"2025-12-05T13:36:06","modified_gmt":"2025-12-05T12:36:06","slug":"tilta-nato-clamp-to-cold-shoe-adapter-black","status":"publish","type":"product","link":"https:\/\/eu.tilta.com\/es\/shop\/tilta-nato-clamp-to-cold-shoe-adapter-black\/","title":{"rendered":"Adaptador de abrazadera NATO a zapata fr\u00eda Tilta &#8211; Negro"},"content":{"rendered":"<p>Este adaptador de NATO a zapata fr\u00eda permite a los usuarios adaptar los ra\u00edles NATO de la jaula de su c\u00e1mara para montar accesorios basados en zapata fr\u00eda.<\/p>\n<p>El dise\u00f1o ajustable de la conexi\u00f3n NATO permite a los usuarios ajustar f\u00e1cil y r\u00e1pidamente la posici\u00f3n de este adaptador en su jaula, lo que lo convierte en un accesorio ideal para quienes valoran la flexibilidad de sus equipos.<\/p>\n<p>Es la opci\u00f3n perfecta para fijar de forma segura un monitor externo a la parte superior de una de nuestras jaulas de c\u00e1mara basadas en la NATO mediante un <a href=\"https:\/\/de.tilta.com\/shop\/tiltaing-adjustable-cold-shoe-accessory-mounting-bracket\/\">soporte de montaje de accesorios de zapata fr\u00eda ajustable<\/a>. (no incluido)<\/p>\n<p>El pasador de seguridad integrado proporciona seguridad adicional para tus accesorios.<\/p>\n","protected":false},"excerpt":{"rendered":"<p>Este adaptador de NATO a zapata fr\u00eda permite a los usuarios adaptar los ra\u00edles NATO de la jaula de su c\u00e1mara para montar accesorios basados en zapata fr\u00eda. El dise\u00f1o ajustable de la conexi\u00f3n NATO permite a los usuarios ajustar [&hellip;]<\/p>\n","protected":false},"featured_media":2004949,"comment_status":"closed","ping_status":"closed","template":"","meta":[],"product_cat":[2992,2784],"product_tag":[],"acf":[],"gallery_images":[2004950,2004951,2004952,2004953,2004954,2004955],"_links":{"self":[{"href":"https:\/\/eu.tilta.com\/es\/wp-json\/wp\/v2\/product\/2004948"}],"collection":[{"href":"https:\/\/eu.tilta.com\/es\/wp-json\/wp\/v2\/product"}],"about":[{"href":"https:\/\/eu.tilta.com\/es\/wp-json\/wp\/v2\/types\/product"}],"replies":[{"embeddable":true,"href":"https:\/\/eu.tilta.com\/es\/wp-json\/wp\/v2\/comments?post=2004948"}],"wp:featuredmedia":[{"embeddable":true,"href":"https:\/\/eu.tilta.com\/es\/wp-json\/wp\/v2\/media\/2004949"}],"wp:attachment":[{"href":"https:\/\/eu.tilta.com\/es\/wp-json\/wp\/v2\/media?parent=2004948"}],"wp:term":[{"taxonomy":"product_cat","embeddable":true,"href":"https:\/\/eu.tilta.com\/es\/wp-json\/wp\/v2\/product_cat?post=2004948"},{"taxonomy":"product_tag","embeddable":true,"href":"https:\/\/eu.tilta.com\/es\/wp-json\/wp\/v2\/product_tag?post=2004948"}],"curies":[{"name":"wp","href":"https:\/\/api.w.org\/{rel}","templated":true}]}}