{"id":2005095,"date":"2023-02-24T17:16:06","date_gmt":"2023-02-24T16:16:06","guid":{"rendered":"https:\/\/de.tilta.com\/shop\/jaula-de-camara-para-kit-ligero-panasonic-s5-ii-iix\/"},"modified":"2025-12-05T13:36:20","modified_gmt":"2025-12-05T12:36:20","slug":"tilta-panasonic-s5-ii-iix-lightweight-kit","status":"publish","type":"product","link":"https:\/\/eu.tilta.com\/es\/shop\/tilta-panasonic-s5-ii-iix-lightweight-kit\/","title":{"rendered":"Jaula de c\u00e1mara para kit ligero Panasonic S5 II\/IIX"},"content":{"rendered":"<p>Mejora la funcionalidad de tu c\u00e1mara manteniendo tu equipo compacto y m\u00f3vil con nuestro Kit Ligero para Panasonic S5 II o IIX.<\/p>\n<p>La base de este kit es nuestra media jaula, que ofrece una protecci\u00f3n adicional para el cuerpo de tu c\u00e1mara y cuenta con opciones de montaje universales para accesorios como NATO, zapata fr\u00eda y roscas de 1\/4&#8243;-20 con pasadores de localizaci\u00f3n.<\/p>\n<p>La jaula presenta dos conexiones de ra\u00edl NATO que se adaptan perfectamente a nuestras asas laterales opcionales de tipo IV\/VI o a cualquier asa superior que se conecte mediante NATO.<\/p>\n<p>Esta colocaci\u00f3n del ra\u00edl NATO te permite intercambiar f\u00e1cilmente la posici\u00f3n de las empu\u00f1aduras superior y lateral basadas en la NATO para cambiar r\u00e1pidamente entre las configuraciones de disparo vertical y horizontal.<\/p>\n<p>El Kit Ligero incluye la empu\u00f1adura superior NATO y el enganche externo de ra\u00edl NATO, que ofrece un manejo y una manipulaci\u00f3n m\u00e1s flexibles.<\/p>\n<p>La empu\u00f1adura incluye varios puntos de montaje, incluido un receptor de zapata fr\u00eda que puede utilizarse para montar un monitor externo mediante nuestro soporte de montaje de accesorios de zapata fr\u00eda.<\/p>\n<p>Al igual que nuestros otros sistemas, tambi\u00e9n dispondr\u00e1s de m\u00faltiples opciones para montar ca\u00f1as de 15 mm a trav\u00e9s de nuestros nuevos portaca\u00f1as individuales de 15 mm.<\/p>\n<p>Esto te permitir\u00e1 fijar accesorios basados en varillas de 15 mm a trav\u00e9s de la rosca NATO, la rosca doble 1\/4\u2033-20 o a trav\u00e9s de la rosca del soporte de varilla de montaje frontal.<\/p>\n<p>La placa inferior dispone de una conexi\u00f3n Arca Swiss y puede montarse de forma nativa en nuestro a la DJI RS3 Pro \/ RS3 \/ RS2.<\/p>\n<p>Esta jaula tambi\u00e9n puede montarse en nuestro Sistema Modular de Placas Base mediante esta misma conexi\u00f3n ARCA.<\/p>\n","protected":false},"excerpt":{"rendered":"<p>Mejora la funcionalidad de tu c\u00e1mara manteniendo tu equipo compacto y m\u00f3vil con nuestro Kit Ligero para Panasonic S5 II o IIX. La base de este kit es nuestra media jaula, que ofrece una protecci\u00f3n adicional para el cuerpo de [&hellip;]<\/p>\n","protected":false},"featured_media":2005106,"comment_status":"closed","ping_status":"closed","template":"","meta":[],"product_cat":[2744],"product_tag":[],"acf":[],"gallery_images":[1938967,1938968],"_links":{"self":[{"href":"https:\/\/eu.tilta.com\/es\/wp-json\/wp\/v2\/product\/2005095"}],"collection":[{"href":"https:\/\/eu.tilta.com\/es\/wp-json\/wp\/v2\/product"}],"about":[{"href":"https:\/\/eu.tilta.com\/es\/wp-json\/wp\/v2\/types\/product"}],"replies":[{"embeddable":true,"href":"https:\/\/eu.tilta.com\/es\/wp-json\/wp\/v2\/comments?post=2005095"}],"wp:featuredmedia":[{"embeddable":true,"href":"https:\/\/eu.tilta.com\/es\/wp-json\/wp\/v2\/media\/2005106"}],"wp:attachment":[{"href":"https:\/\/eu.tilta.com\/es\/wp-json\/wp\/v2\/media?parent=2005095"}],"wp:term":[{"taxonomy":"product_cat","embeddable":true,"href":"https:\/\/eu.tilta.com\/es\/wp-json\/wp\/v2\/product_cat?post=2005095"},{"taxonomy":"product_tag","embeddable":true,"href":"https:\/\/eu.tilta.com\/es\/wp-json\/wp\/v2\/product_tag?post=2005095"}],"curies":[{"name":"wp","href":"https:\/\/api.w.org\/{rel}","templated":true}]}}