{"id":2005163,"date":"2023-02-21T10:27:37","date_gmt":"2023-02-21T09:27:37","guid":{"rendered":"https:\/\/de.tilta.com\/shop\/kit-ligero-tilta-canon-r6-mark-ii\/"},"modified":"2025-12-22T03:45:12","modified_gmt":"2025-12-22T02:45:12","slug":"tilta-canon-r6-mark-ii-lightweight-kit","status":"publish","type":"product","link":"https:\/\/eu.tilta.com\/es\/shop\/tilta-canon-r6-mark-ii-lightweight-kit\/","title":{"rendered":"Kit Ligero Tilta Canon R6 Mark II"},"content":{"rendered":"<p>Presentamos nuestro Kit Ligero para Canon R6 Mark II, el accesorio perfecto para fot\u00f3grafos y vide\u00f3grafos que buscan mejorar la funcionalidad de su c\u00e1mara manteniendo su equipo compacto y m\u00f3vil.<\/p>\n<p>Dise\u00f1ada espec\u00edficamente para ser compatible con la c\u00e1mara Canon R6 Mark II, esta jaula proporciona protecci\u00f3n adicional al cuerpo de la c\u00e1mara, al tiempo que ofrece m\u00faltiples puntos de montaje para accesorios.<\/p>\n<p>La jaula incluye un ra\u00edl NATO, roscas de 1\/4\u2033-20 con pasadores de localizaci\u00f3n y varios receptores de zapata fr\u00eda, lo que te ofrece muchas opciones para montar tus accesorios con facilidad.<\/p>\n<p>El kit admite varias <a href=\"https:\/\/de.tilta.com\/product-category\/handles\/top-handles\/\">empu\u00f1aduras superiores<\/a> que se montan mediante 1\/4\u2033-20 y se puede utilizar con la <a href=\"https:\/\/de.tilta.com\/shop\/tiltaing-compact-nato-top-handle-black\/\">empu\u00f1adura superior<\/a> <a href=\"https:\/\/de.tilta.com\/shop\/tiltaing-36mm-nato-rail-attachment\/\">OTAN <\/a>incluida mediante un <a href=\"https:\/\/de.tilta.com\/shop\/tiltaing-36mm-nato-rail-attachment\/\">accesorio de ra\u00edl OTAN <\/a>adicional que ofrece un funcionamiento y un manejo m\u00e1s flexibles.<\/p>\n<p>La empu\u00f1adura incluye varios puntos de montaje, incluido un receptor de zapata fr\u00eda que puede utilizarse para montar un monitor externo mediante nuestro soporte de montaje de accesorios de zapata fr\u00eda.<\/p>\n<p>Adem\u00e1s, el kit incluye una abrazadera de cable que ayuda a fijar los cables HDMI y USB-C, y tambi\u00e9n es compatible con nuestro Sistema de placa base modular.<\/p>\n<p>Aunque las medias jaulas ofrecen opciones m\u00e1s limitadas en cuanto al montaje de accesorios, son m\u00e1s ligeras y una gran opci\u00f3n para cineastas o fot\u00f3grafos que s\u00f3lo necesitan unos pocos accesorios.<\/p>\n<p>En general, nuestro Kit Ligero para Canon R6 Mark II mejora la funcionalidad de la c\u00e1mara para la producci\u00f3n de v\u00eddeo sin a\u00f1adir volumen ni peso innecesarios al sistema, lo que lo convierte en el perfecto<\/p>\n","protected":false},"excerpt":{"rendered":"<p>Presentamos nuestro Kit Ligero para Canon R6 Mark II, el accesorio perfecto para fot\u00f3grafos y vide\u00f3grafos que buscan mejorar la funcionalidad de su c\u00e1mara manteniendo su equipo compacto y m\u00f3vil. Dise\u00f1ada espec\u00edficamente para ser compatible con la c\u00e1mara Canon R6 [&hellip;]<\/p>\n","protected":false},"featured_media":2005175,"comment_status":"closed","ping_status":"closed","template":"","meta":[],"product_cat":[2831],"product_tag":[],"acf":[],"gallery_images":[1938706,1938707,1938655,1938777,1938778],"_links":{"self":[{"href":"https:\/\/eu.tilta.com\/es\/wp-json\/wp\/v2\/product\/2005163"}],"collection":[{"href":"https:\/\/eu.tilta.com\/es\/wp-json\/wp\/v2\/product"}],"about":[{"href":"https:\/\/eu.tilta.com\/es\/wp-json\/wp\/v2\/types\/product"}],"replies":[{"embeddable":true,"href":"https:\/\/eu.tilta.com\/es\/wp-json\/wp\/v2\/comments?post=2005163"}],"wp:featuredmedia":[{"embeddable":true,"href":"https:\/\/eu.tilta.com\/es\/wp-json\/wp\/v2\/media\/2005175"}],"wp:attachment":[{"href":"https:\/\/eu.tilta.com\/es\/wp-json\/wp\/v2\/media?parent=2005163"}],"wp:term":[{"taxonomy":"product_cat","embeddable":true,"href":"https:\/\/eu.tilta.com\/es\/wp-json\/wp\/v2\/product_cat?post=2005163"},{"taxonomy":"product_tag","embeddable":true,"href":"https:\/\/eu.tilta.com\/es\/wp-json\/wp\/v2\/product_tag?post=2005163"}],"curies":[{"name":"wp","href":"https:\/\/api.w.org\/{rel}","templated":true}]}}