{"id":2005189,"date":"2023-02-20T10:21:33","date_gmt":"2023-02-20T09:21:33","guid":{"rendered":"https:\/\/de.tilta.com\/shop\/jaula-completa-para-canon-r6-mark-ii\/"},"modified":"2026-02-19T12:42:22","modified_gmt":"2026-02-19T11:42:22","slug":"full-camera-cage-for-canon-r6-mark-ii","status":"publish","type":"product","link":"https:\/\/eu.tilta.com\/es\/shop\/full-camera-cage-for-canon-r6-mark-ii\/","title":{"rendered":"Jaula completa para Canon R6 Mark II"},"content":{"rendered":"<p>Presentamos la Jaula de C\u00e1mara Completa para Canon R6 Mark II, la base definitiva que ofrece m\u00faltiples opciones para montar accesorios y asegurar tu c\u00e1mara.<\/p>\n<p>Esta jaula para c\u00e1mara de alta calidad est\u00e1 especialmente dise\u00f1ada para mejorar la funcionalidad de tu c\u00e1mara a la vez que le proporciona una protecci\u00f3n extra, manteni\u00e9ndola a salvo de ara\u00f1azos y golpes.<\/p>\n<p>La jaula tiene m\u00faltiples puntos de montaje, como una roseta ARRI, un ra\u00edl NATO, una zapata fr\u00eda y roscas de 1\/4&#8243;-20 con pasadores de localizaci\u00f3n, que ofrecen muchas opciones para montar tus accesorios.<\/p>\n<p>Tambi\u00e9n admite nuestro Asa Superior OTAN y es compatible con nuestro nuevo Sistema de Placa Base Modular, lo que permite a\u00fan m\u00e1s opciones de montaje de accesorios.<\/p>\n<p>La abrazadera para cables USB-C incluida con la jaula ayuda a asegurar tus cables, garantizando que no se suelten durante el uso.<\/p>\n<p>Esto es especialmente \u00fatil al grabar v\u00eddeo, ya que garantiza que tus cables no se desconecten accidentalmente y arruinen tu grabaci\u00f3n.<\/p>\n<p>En general, la Jaula de C\u00e1mara Completa para Canon R6 Mark II es una base fant\u00e1stica en la que mejorar a\u00fan m\u00e1s la funcionalidad de la c\u00e1mara para la producci\u00f3n de v\u00eddeo y es el accesorio perfecto para cualquiera que busque elevar su juego de producci\u00f3n de v\u00eddeo.<\/p>\n<p>&nbsp;<\/p>\n","protected":false},"excerpt":{"rendered":"<p>Presentamos la Jaula de C\u00e1mara Completa para Canon R6 Mark II, la base definitiva que ofrece m\u00faltiples opciones para montar accesorios y asegurar tu c\u00e1mara. Esta jaula para c\u00e1mara de alta calidad est\u00e1 especialmente dise\u00f1ada para mejorar la funcionalidad de [&hellip;]<\/p>\n","protected":false},"featured_media":2005196,"comment_status":"closed","ping_status":"closed","template":"","meta":[],"product_cat":[2831],"product_tag":[],"acf":[],"gallery_images":[1938647,1938648,1938655,1938777,1938778],"_links":{"self":[{"href":"https:\/\/eu.tilta.com\/es\/wp-json\/wp\/v2\/product\/2005189"}],"collection":[{"href":"https:\/\/eu.tilta.com\/es\/wp-json\/wp\/v2\/product"}],"about":[{"href":"https:\/\/eu.tilta.com\/es\/wp-json\/wp\/v2\/types\/product"}],"replies":[{"embeddable":true,"href":"https:\/\/eu.tilta.com\/es\/wp-json\/wp\/v2\/comments?post=2005189"}],"wp:featuredmedia":[{"embeddable":true,"href":"https:\/\/eu.tilta.com\/es\/wp-json\/wp\/v2\/media\/2005196"}],"wp:attachment":[{"href":"https:\/\/eu.tilta.com\/es\/wp-json\/wp\/v2\/media?parent=2005189"}],"wp:term":[{"taxonomy":"product_cat","embeddable":true,"href":"https:\/\/eu.tilta.com\/es\/wp-json\/wp\/v2\/product_cat?post=2005189"},{"taxonomy":"product_tag","embeddable":true,"href":"https:\/\/eu.tilta.com\/es\/wp-json\/wp\/v2\/product_tag?post=2005189"}],"curies":[{"name":"wp","href":"https:\/\/api.w.org\/{rel}","templated":true}]}}