{"id":2005190,"date":"2023-02-20T10:18:13","date_gmt":"2023-02-20T09:18:13","guid":{"rendered":"https:\/\/de.tilta.com\/shop\/media-jaula-de-camara-para-canon-r6-mark-ii\/"},"modified":"2026-03-25T11:12:53","modified_gmt":"2026-03-25T10:12:53","slug":"half-camera-cage-for-canon-r6-mark-ii","status":"publish","type":"product","link":"https:\/\/eu.tilta.com\/es\/shop\/half-camera-cage-for-canon-r6-mark-ii\/","title":{"rendered":"Media jaula de c\u00e1mara para Canon R6 Mark II"},"content":{"rendered":"<p>Presentamos nuestra Media Jaula para C\u00e1mara Canon R6 Mark II, el accesorio perfecto para fot\u00f3grafos y vide\u00f3grafos que buscan mejorar la funcionalidad y protecci\u00f3n de su c\u00e1mara.<\/p>\n<p>Dise\u00f1ada espec\u00edficamente para ser compatible con la c\u00e1mara Canon R6 Mark II, esta jaula proporciona protecci\u00f3n adicional al cuerpo de la c\u00e1mara, al tiempo que ofrece m\u00faltiples puntos de montaje para accesorios.<\/p>\n<p>La jaula incluye un ra\u00edl NATO, roscas de 1\/4&#8243;-20 con pasadores de fijaci\u00f3n y varios receptores de zapata fr\u00eda, lo que te ofrece muchas opciones para montar tus accesorios con facilidad.<\/p>\n<p>La jaula admite varias <a href=\"https:\/\/de.tilta.com\/product-category\/handles\/top-handles\/\">empu\u00f1aduras superiores<\/a> que se montan mediante 1\/4&#8243;-20 y se puede utilizar con nuestra <a href=\"https:\/\/de.tilta.com\/shop\/tiltaing-compact-nato-top-handle-black\/\">empu\u00f1adura superior OTAN<\/a> mediante un <a href=\"https:\/\/de.tilta.com\/shop\/tiltaing-36mm-nato-rail-attachment\/\">accesorio<\/a> adicional <a href=\"https:\/\/de.tilta.com\/shop\/tiltaing-36mm-nato-rail-attachment\/\">de ra\u00edl OTAN<\/a>. (no incluido)<\/p>\n<p>Adem\u00e1s, la jaula incluye una abrazadera para cables que ayuda a sujetar los cables HDMI y USB-C, y tambi\u00e9n es compatible con nuestro sistema de placa base modular.<\/p>\n<p>Aunque las medias jaulas ofrecen opciones m\u00e1s limitadas en cuanto al montaje de accesorios, son m\u00e1s ligeras y una gran opci\u00f3n para cineastas o fot\u00f3grafos que s\u00f3lo necesitan unos pocos accesorios.<\/p>\n<p>En general, nuestra Media Jaula de C\u00e1mara para Canon R6 Mark II mejora enormemente la funcionalidad de la c\u00e1mara para la producci\u00f3n de v\u00eddeo, a la vez que proporciona una protecci\u00f3n esencial para el cuerpo de tu c\u00e1mara.<\/p>\n","protected":false},"excerpt":{"rendered":"<p>Presentamos nuestra Media Jaula para C\u00e1mara Canon R6 Mark II, el accesorio perfecto para fot\u00f3grafos y vide\u00f3grafos que buscan mejorar la funcionalidad y protecci\u00f3n de su c\u00e1mara. Dise\u00f1ada espec\u00edficamente para ser compatible con la c\u00e1mara Canon R6 Mark II, esta [&hellip;]<\/p>\n","protected":false},"featured_media":2005195,"comment_status":"closed","ping_status":"closed","template":"","meta":[],"product_cat":[2831],"product_tag":[],"acf":[],"gallery_images":[2005197,2005199,2005178,2005179,2005180],"_links":{"self":[{"href":"https:\/\/eu.tilta.com\/es\/wp-json\/wp\/v2\/product\/2005190"}],"collection":[{"href":"https:\/\/eu.tilta.com\/es\/wp-json\/wp\/v2\/product"}],"about":[{"href":"https:\/\/eu.tilta.com\/es\/wp-json\/wp\/v2\/types\/product"}],"replies":[{"embeddable":true,"href":"https:\/\/eu.tilta.com\/es\/wp-json\/wp\/v2\/comments?post=2005190"}],"wp:featuredmedia":[{"embeddable":true,"href":"https:\/\/eu.tilta.com\/es\/wp-json\/wp\/v2\/media\/2005195"}],"wp:attachment":[{"href":"https:\/\/eu.tilta.com\/es\/wp-json\/wp\/v2\/media?parent=2005190"}],"wp:term":[{"taxonomy":"product_cat","embeddable":true,"href":"https:\/\/eu.tilta.com\/es\/wp-json\/wp\/v2\/product_cat?post=2005190"},{"taxonomy":"product_tag","embeddable":true,"href":"https:\/\/eu.tilta.com\/es\/wp-json\/wp\/v2\/product_tag?post=2005190"}],"curies":[{"name":"wp","href":"https:\/\/api.w.org\/{rel}","templated":true}]}}