{"id":2005231,"date":"2023-02-10T09:30:05","date_gmt":"2023-02-10T08:30:05","guid":{"rendered":"https:\/\/de.tilta.com\/shop\/adaptador-de-montura-pl-tilta-a-montura-lpl\/"},"modified":"2025-12-05T13:36:33","modified_gmt":"2025-12-05T12:36:33","slug":"tilta-pl-mount-to-lpl-mount-adapter","status":"publish","type":"product","link":"https:\/\/eu.tilta.com\/es\/shop\/tilta-pl-mount-to-lpl-mount-adapter\/","title":{"rendered":"Adaptador de montura PL Tilta a montura LPL"},"content":{"rendered":"<p class=\"lead\">Este adaptador de montura PL a montura LPL permite a los usuarios montar objetivos PL en cuerpos de c\u00e1mara que incorporen monturas de objetivo LPL.<\/p>\n<p>Es una gran opci\u00f3n para quienes deseen montar objetivos S35 en sus cuerpos de c\u00e1mara de fotograma completo, como la <a href=\"https:\/\/de.tilta.com\/product-category\/shop-by-camera\/for-arri-cameras\/arri-alexa-mini-lf-mini\/\">Alexa Mini LF<\/a> o la <a href=\"https:\/\/de.tilta.com\/search-results?q=sony+venice\">Sony Venice<\/a>.<\/p>\n","protected":false},"excerpt":{"rendered":"<p>Este adaptador de montura PL a montura LPL permite a los usuarios montar objetivos PL en cuerpos de c\u00e1mara que incorporen monturas de objetivo LPL. Es una gran opci\u00f3n para quienes deseen montar objetivos S35 en sus cuerpos de c\u00e1mara [&hellip;]<\/p>\n","protected":false},"featured_media":2005237,"comment_status":"closed","ping_status":"closed","template":"","meta":[],"product_cat":[2716,2743,2728,3016,2943],"product_tag":[],"acf":[],"gallery_images":[2005238,2005240,2005241,2005243,2005244,2005245],"_links":{"self":[{"href":"https:\/\/eu.tilta.com\/es\/wp-json\/wp\/v2\/product\/2005231"}],"collection":[{"href":"https:\/\/eu.tilta.com\/es\/wp-json\/wp\/v2\/product"}],"about":[{"href":"https:\/\/eu.tilta.com\/es\/wp-json\/wp\/v2\/types\/product"}],"replies":[{"embeddable":true,"href":"https:\/\/eu.tilta.com\/es\/wp-json\/wp\/v2\/comments?post=2005231"}],"wp:featuredmedia":[{"embeddable":true,"href":"https:\/\/eu.tilta.com\/es\/wp-json\/wp\/v2\/media\/2005237"}],"wp:attachment":[{"href":"https:\/\/eu.tilta.com\/es\/wp-json\/wp\/v2\/media?parent=2005231"}],"wp:term":[{"taxonomy":"product_cat","embeddable":true,"href":"https:\/\/eu.tilta.com\/es\/wp-json\/wp\/v2\/product_cat?post=2005231"},{"taxonomy":"product_tag","embeddable":true,"href":"https:\/\/eu.tilta.com\/es\/wp-json\/wp\/v2\/product_tag?post=2005231"}],"curies":[{"name":"wp","href":"https:\/\/api.w.org\/{rel}","templated":true}]}}