{"id":2005263,"date":"2023-01-03T20:44:25","date_gmt":"2023-01-03T19:44:25","guid":{"rendered":"https:\/\/de.tilta.com\/shop\/brazo-hidra-mini\/"},"modified":"2025-12-05T13:36:54","modified_gmt":"2025-12-05T12:36:54","slug":"hydra-arm-mini","status":"publish","type":"product","link":"https:\/\/eu.tilta.com\/es\/shop\/hydra-arm-mini\/","title":{"rendered":"Brazo Hidra Mini"},"content":{"rendered":"<p class=\"lead\"><em>Hydra-Arm Mini es lo \u00faltimo en gr\u00faas de coche para c\u00e1maras de cine. La compleja cinematograf\u00eda montada en veh\u00edculos est\u00e1 ahora m\u00e1s al alcance de los cineastas que nunca.<\/em><\/p>\n<p>El sistema es port\u00e1til, ligero y relativamente f\u00e1cil de usar para filmar veh\u00edculos desde m\u00faltiples \u00e1ngulos mientras est\u00e1n en movimiento.<\/p>\n<p>Dise\u00f1ado espec\u00edficamente para el RS 3 PRO y el RS 2, pero compatible con toda una gama de cardanes y sistemas de c\u00e1mara, como el Ronin 4D, el Ronin MX y el Freefly Movi Pro.<\/p>\n<p>El dise\u00f1o ligero y sin contrapesos hace que el sistema sea m\u00e1s r\u00e1pido de montar y m\u00e1s seguro de manejar, ya que los usuarios s\u00f3lo tendr\u00e1n que concentrarse en un extremo del brazo en cada momento.<\/p>\n<p>El Kit Pro incluye ventosas, ra\u00edl de velocidad y correas de trinquete que te permiten montar el sistema f\u00e1cilmente en la mayor\u00eda de los veh\u00edculos que puedan soportar el peso de 176 lb del brazo, sin incluir un card\u00e1n o una c\u00e1mara.<\/p>\n<p>El Kit B\u00e1sico estar\u00e1 disponible en un futuro pr\u00f3ximo sin herrajes de montaje para los usuarios que ya posean <a href=\"https:\/\/de.tilta.com\/shop\/speed-rail-car-mounting-kit\/\">Speed Rail de 50 mm<\/a> o que deseen construir su propio montaje permanente.<\/p>\n<p>Hay kits de ventosas opcionales para veh\u00edculos con techos solares de distintos tama\u00f1os, incluidos los techos solares panor\u00e1micos, y un kit electr\u00f3nico opcional que permite a los usuarios controlar la presi\u00f3n de las ventosas a distancia para mayor seguridad.<\/p>\n<p>El brazo amortiguador ayuda a estabilizar el card\u00e1n cuando se trabaja en superficies irregulares y puede ajustarse para distintas cargas \u00fatiles.<\/p>\n<p>El cabezal amortiguador del brazo puede ajustarse individualmente tanto para el eje horizontal como para el vertical.<\/p>\n<p>El controlador incluido se conecta mediante una conexi\u00f3n por cable que garantiza una comunicaci\u00f3n fiable con el brazo.<\/p>\n<p>El Controlador da al operador acceso a varias opciones para los ejes de inclinaci\u00f3n y giro, incluyendo limitaciones de velocidad, amortiguaci\u00f3n y amplitud de movimiento para cada eje individualmente.<\/p>\n<p>Los ajustes de usuario personalizados permiten al operador seleccionar entre una serie de configuraciones para que pueda operar de la forma que le resulte m\u00e1s c\u00f3moda.<\/p>\n<p>El Modo Pro es una opci\u00f3n de control ampliada que permite a los usuarios controlar el Hydra Arm Mini y un card\u00e1n RS2\/RS3 Pro simult\u00e1neamente a trav\u00e9s del controlador.<\/p>\n<p>Ten en cuenta que esto no es recomendable para la mayor\u00eda de las situaciones de disparo y s\u00f3lo se aconseja con las debidas precauciones.<\/p>\n<p>El sistema puede soportar velocidades de hasta 120 km\/h (74 mph) en condiciones ideales, pero te recomendamos que mantengas las velocidades por debajo de 60 km\/h (37 mph), especialmente cuando utilices c\u00e1maras m\u00e1s pesadas o cardanes m\u00e1s ligeros.<\/p>\n<p>Los principales factores que influir\u00e1n en la velocidad de funcionamiento son el peso de la c\u00e1mara, la resistencia del card\u00e1n y las condiciones meteorol\u00f3gicas.<\/p>\n<p>Tambi\u00e9n se pueden utilizar otros cardanes, siempre que se puedan montar con roscas de 1\/4&#8243;-20, se alimenten con pilas V-Mount y no superen el l\u00edmite de peso de 22 lb.<\/p>\n<p>El sistema incluye una placa de bater\u00eda V-Mount montada en el extremo del brazo que permite a los usuarios alimentar su card\u00e1n mediante el cable de alimentaci\u00f3n de P-Tap a 2 patillas incluido o con un cable diferente si es necesario.<\/p>\n<p>*En un futuro pr\u00f3ximo estar\u00e1 disponible como compra adicional una placa de bater\u00eda de montaje dorado opcional.<\/p>\n<p>El brazo en s\u00ed no tiene ninguna funci\u00f3n de alimentaci\u00f3n ni de paso de v\u00eddeo, lo que significa que tendr\u00e1s que utilizar un transmisor de v\u00eddeo inal\u00e1mbrico (no incluido) y alimentar tu c\u00e1mara mediante las pilas incorporadas o la placa para pilas Gold\/V-Mount que se encuentra en el brazo.<\/p>\n<p><strong>Para alimentar el sistema, necesitar\u00e1s una fuente de alimentaci\u00f3n de 220V 1800wH+ que NO SE INCLUYE.  <\/strong><\/p>\n<p><strong>Recomendamos el <a href=\"https:\/\/us.ecoflow.com\/products\/delta-portable-power-station?currency=USD&amp;variant=39438995456073\">EcoFlow Delta<\/a> y un <a href=\"https:\/\/www.amazon.com\/Transformer-Converter-VQBAA-Electrical-Equipment\/dp\/B09M3YSVFF\/ref=sr_1_6?crid=3R9U7JTJK39SQ&amp;keywords=110v%2Bto%2B220v%2B3000W&amp;qid=1680727705&amp;s=electronics&amp;sprefix=110v%2Bto%2B220v%2B3000w%2Celectronics%2C168&amp;sr=1-6&amp;ufe=app_do%3Aamzn1.fos.f5122f16-c3e8-4386-bf32-63e904010ad0&amp;th=1\">convertidor de corriente de 110 a 220 V<\/a> (3000 W+) si es necesario.  <\/strong><\/p>\n<p><strong><span style=\"text-decoration: underline;\">POL\u00cdTICA DE DEVOLUCIONES<\/span>: Este sistema puede devolverse en un plazo de 30 d\u00edas, pero estar\u00e1 sujeto a una TASA DE REEMBOLSO del 30% a menos que el sistema llegue defectuoso.  <\/strong><\/p>\n<p><strong>Los env\u00edos de devoluci\u00f3n de unidades no defectuosas no recibir\u00e1n etiquetas de devoluci\u00f3n.  <\/strong><\/p>\n<p>&nbsp;<\/p>\n","protected":false},"excerpt":{"rendered":"<p>Hydra-Arm Mini es lo \u00faltimo en gr\u00faas de coche para c\u00e1maras de cine. La compleja cinematograf\u00eda montada en veh\u00edculos est\u00e1 ahora m\u00e1s al alcance de los cineastas que nunca. El sistema es port\u00e1til, ligero y relativamente f\u00e1cil de usar para [&hellip;]<\/p>\n","protected":false},"featured_media":2005265,"comment_status":"closed","ping_status":"closed","template":"","meta":[],"product_cat":[2703],"product_tag":[],"acf":[],"gallery_images":[2005266,2005267,2005268,2005269,2005270,2005271,2005272,2005273,2005275,2005277,2005279,2005280,2005281],"_links":{"self":[{"href":"https:\/\/eu.tilta.com\/es\/wp-json\/wp\/v2\/product\/2005263"}],"collection":[{"href":"https:\/\/eu.tilta.com\/es\/wp-json\/wp\/v2\/product"}],"about":[{"href":"https:\/\/eu.tilta.com\/es\/wp-json\/wp\/v2\/types\/product"}],"replies":[{"embeddable":true,"href":"https:\/\/eu.tilta.com\/es\/wp-json\/wp\/v2\/comments?post=2005263"}],"wp:featuredmedia":[{"embeddable":true,"href":"https:\/\/eu.tilta.com\/es\/wp-json\/wp\/v2\/media\/2005265"}],"wp:attachment":[{"href":"https:\/\/eu.tilta.com\/es\/wp-json\/wp\/v2\/media?parent=2005263"}],"wp:term":[{"taxonomy":"product_cat","embeddable":true,"href":"https:\/\/eu.tilta.com\/es\/wp-json\/wp\/v2\/product_cat?post=2005263"},{"taxonomy":"product_tag","embeddable":true,"href":"https:\/\/eu.tilta.com\/es\/wp-json\/wp\/v2\/product_tag?post=2005263"}],"curies":[{"name":"wp","href":"https:\/\/api.w.org\/{rel}","templated":true}]}}