{"id":2005300,"date":"2023-01-31T09:20:00","date_gmt":"2023-01-31T08:20:00","guid":{"rendered":"https:\/\/de.tilta.com\/shop\/jaula-de-camara-completa-para-panasonic-s5-ii-iix-g9-ii\/"},"modified":"2025-12-05T13:36:55","modified_gmt":"2025-12-05T12:36:55","slug":"full-camera-cage-for-panasonic-s5-ii-iix","status":"publish","type":"product","link":"https:\/\/eu.tilta.com\/es\/shop\/full-camera-cage-for-panasonic-s5-ii-iix\/","title":{"rendered":"Jaula de c\u00e1mara completa para Panasonic S5 II\/IIX\/G9 II"},"content":{"rendered":"<p><em>Mejora la funcionalidad de tu c\u00e1mara con nuestra Jaula de c\u00e1mara completa para Panasonic S5 II o IIX.  <\/em><\/p>\n<p>Esta jaula completa ofrece protecci\u00f3n adicional para el cuerpo de tu c\u00e1mara y cuenta con opciones de montaje universales para accesorios como OTAN, roseta ARRI, zapata fr\u00eda y roscas de 1\/4&#8243;-20 con pasadores de fijaci\u00f3n.<\/p>\n<p>La jaula presenta dos conexiones de ra\u00edl OTAN que se adaptan perfectamente a nuestras <a href=\"https:\/\/de.tilta.com\/product-category\/handles\/side-handles\/\">asas laterales<\/a> opcionales de tipo IV\/VI o al <a href=\"https:\/\/de.tilta.com\/shop\/tiltaing-compact-nato-top-handle-black\/\">asa superior OTAN compacta<\/a>.<\/p>\n<p>Esta colocaci\u00f3n del ra\u00edl OTAN te permite intercambiar f\u00e1cilmente la posici\u00f3n de las empu\u00f1aduras superior y lateral basadas en la OTAN para cambiar r\u00e1pidamente entre las configuraciones de disparo vertical y horizontal.<\/p>\n<p>Al igual que nuestros otros sistemas, tambi\u00e9n dispondr\u00e1s de m\u00faltiples opciones para montar ca\u00f1as de 15 mm mediante nuestros nuevos <a href=\"https:\/\/de.tilta.com\/product-category\/accessories\/rod-rod-holders\/\">Portaca\u00f1as Individuales de 15 mm.<\/a><\/p>\n<p>Esto te permitir\u00e1 fijar accesorios basados en varillas de 15 mm a trav\u00e9s de <a href=\"https:\/\/de.tilta.com\/shop\/15mm-rod-holder-to-nato-adapter-black\/\">la<\/a> <a href=\"https:\/\/de.tilta.com\/shop\/15mm-rod-holder-to-dual-1-4-20-adapter-black\/\">rosca<\/a> <a href=\"https:\/\/de.tilta.com\/shop\/15mm-rod-holder-to-nato-adapter-black\/\">OTAN<\/a>, la <a href=\"https:\/\/de.tilta.com\/shop\/15mm-rod-holder-to-dual-1-4-20-adapter-black\/\">rosca doble de 1\/4&#8243;-20<\/a> o a trav\u00e9s de <a href=\"https:\/\/de.tilta.com\/shop\/15mm-rod-holder-to-1-4-20-adapter-front-mounted-black\/\">la rosca del portaca\u00f1as de montaje frontal<\/a>.<\/p>\n<p>Este dise\u00f1o actualizado hace hincapi\u00e9 en la accesibilidad, permitiendo un mejor acceso a todos los puertos y controles de las funciones de la c\u00e1mara.<\/p>\n<p>La placa inferior dispone de una conexi\u00f3n Arca Swiss y puede montarse de forma nativa en nuestro a la DJI RS3 Pro \/ RS3 \/ RS2.<\/p>\n<p>Esta jaula tambi\u00e9n puede montarse en nuestro Sistema Modular de Placas Base mediante esta misma conexi\u00f3n ARCA. (m\u00e1s informaci\u00f3n pr\u00f3ximamente)<\/p>\n<p>La abrazadera para cables HDMI y USB-C incluida garantiza que todos los cables conectados queden bien sujetos.<\/p>\n","protected":false},"excerpt":{"rendered":"<p>Mejora la funcionalidad de tu c\u00e1mara con nuestra Jaula de c\u00e1mara completa para Panasonic S5 II o IIX. Esta jaula completa ofrece protecci\u00f3n adicional para el cuerpo de tu c\u00e1mara y cuenta con opciones de montaje universales para accesorios como [&hellip;]<\/p>\n","protected":false},"featured_media":2005320,"comment_status":"closed","ping_status":"closed","template":"","meta":[],"product_cat":[2744],"product_tag":[],"acf":[],"gallery_images":[1937764,1937765,1937769,1937770,1937771],"_links":{"self":[{"href":"https:\/\/eu.tilta.com\/es\/wp-json\/wp\/v2\/product\/2005300"}],"collection":[{"href":"https:\/\/eu.tilta.com\/es\/wp-json\/wp\/v2\/product"}],"about":[{"href":"https:\/\/eu.tilta.com\/es\/wp-json\/wp\/v2\/types\/product"}],"replies":[{"embeddable":true,"href":"https:\/\/eu.tilta.com\/es\/wp-json\/wp\/v2\/comments?post=2005300"}],"wp:featuredmedia":[{"embeddable":true,"href":"https:\/\/eu.tilta.com\/es\/wp-json\/wp\/v2\/media\/2005320"}],"wp:attachment":[{"href":"https:\/\/eu.tilta.com\/es\/wp-json\/wp\/v2\/media?parent=2005300"}],"wp:term":[{"taxonomy":"product_cat","embeddable":true,"href":"https:\/\/eu.tilta.com\/es\/wp-json\/wp\/v2\/product_cat?post=2005300"},{"taxonomy":"product_tag","embeddable":true,"href":"https:\/\/eu.tilta.com\/es\/wp-json\/wp\/v2\/product_tag?post=2005300"}],"curies":[{"name":"wp","href":"https:\/\/api.w.org\/{rel}","templated":true}]}}