{"id":2005328,"date":"2022-12-29T20:33:14","date_gmt":"2022-12-29T19:33:14","guid":{"rendered":"https:\/\/de.tilta.com\/shop\/jaula-de-camara-completa-para-insta360-x3\/"},"modified":"2026-02-11T06:58:56","modified_gmt":"2026-02-11T05:58:56","slug":"full-camera-cage-for-insta360-x3","status":"publish","type":"product","link":"https:\/\/eu.tilta.com\/es\/shop\/full-camera-cage-for-insta360-x3\/","title":{"rendered":"Jaula de c\u00e1mara completa para Insta360 X3"},"content":{"rendered":"<p>Esta Jaula para C\u00e1mara proporciona un blindaje protector para la Insta360 X3 y mejora enormemente la funcionalidad al montar y manejar el sistema de c\u00e1mara de acci\u00f3n.<\/p>\n<p>Esta jaula proporciona m\u00faltiples opciones de montaje para diversos accesorios, como \u00bc&#8221;-20 con pasadores de fijaci\u00f3n y un receptor de zapata fr\u00eda.<\/p>\n<p>El dise\u00f1o de liberaci\u00f3n r\u00e1pida permite instalar y retirar la jaula con rapidez, permitiendo un acceso m\u00e1s r\u00e1pido al cuerpo de la c\u00e1mara.<\/p>\n<p>Un Soporte Giratorio te permite colocar la c\u00e1mara sobre una superficie plana sin rayar el elemento frontal del objetivo esf\u00e9rico.<\/p>\n<p>La jaula incorpora un acolchado amortiguador que ayuda a estabilizar el sistema y proporciona protecci\u00f3n adicional.<\/p>\n<p>La jaula tambi\u00e9n tiene f\u00e1cil acceso a todos los botones de usuario y al compartimento de la pila para cambiarla f\u00e1cilmente.<\/p>\n","protected":false},"excerpt":{"rendered":"<p>Esta Jaula para C\u00e1mara proporciona un blindaje protector para la Insta360 X3 y mejora enormemente la funcionalidad al montar y manejar el sistema de c\u00e1mara de acci\u00f3n. Esta jaula proporciona m\u00faltiples opciones de montaje para diversos accesorios, como \u00bc&#8221;-20 con [&hellip;]<\/p>\n","protected":false},"featured_media":2005333,"comment_status":"closed","ping_status":"closed","template":"","meta":[],"product_cat":[2967],"product_tag":[],"acf":[],"gallery_images":[2005335,2005337,2005338,2005340],"_links":{"self":[{"href":"https:\/\/eu.tilta.com\/es\/wp-json\/wp\/v2\/product\/2005328"}],"collection":[{"href":"https:\/\/eu.tilta.com\/es\/wp-json\/wp\/v2\/product"}],"about":[{"href":"https:\/\/eu.tilta.com\/es\/wp-json\/wp\/v2\/types\/product"}],"replies":[{"embeddable":true,"href":"https:\/\/eu.tilta.com\/es\/wp-json\/wp\/v2\/comments?post=2005328"}],"wp:featuredmedia":[{"embeddable":true,"href":"https:\/\/eu.tilta.com\/es\/wp-json\/wp\/v2\/media\/2005333"}],"wp:attachment":[{"href":"https:\/\/eu.tilta.com\/es\/wp-json\/wp\/v2\/media?parent=2005328"}],"wp:term":[{"taxonomy":"product_cat","embeddable":true,"href":"https:\/\/eu.tilta.com\/es\/wp-json\/wp\/v2\/product_cat?post=2005328"},{"taxonomy":"product_tag","embeddable":true,"href":"https:\/\/eu.tilta.com\/es\/wp-json\/wp\/v2\/product_tag?post=2005328"}],"curies":[{"name":"wp","href":"https:\/\/api.w.org\/{rel}","templated":true}]}}