{"id":2005358,"date":"2023-01-18T14:31:35","date_gmt":"2023-01-18T13:31:35","guid":{"rendered":"https:\/\/de.tilta.com\/shop\/tilta-asa-pd-lateral-izquierda-con-marcha-paro-tipo-viii-negra\/"},"modified":"2026-02-05T17:28:17","modified_gmt":"2026-02-05T16:28:17","slug":"tilta-left-side-pd-handle-with-run-stop-type-viii-black","status":"publish","type":"product","link":"https:\/\/eu.tilta.com\/es\/shop\/tilta-left-side-pd-handle-with-run-stop-type-viii-black\/","title":{"rendered":"Tilta Asa PD Lateral Izquierda con Marcha\/Paro Tipo VIII &#8211; Negra"},"content":{"rendered":"<p class=\"lead\"><em>Esta empu\u00f1adura lateral de nueva generaci\u00f3n es la opci\u00f3n definitiva para alimentar varias c\u00e1maras y accesorios mediante una bater\u00eda interna con salidas de alimentaci\u00f3n avanzadas.<\/em><\/p>\n<p>Con una bater\u00eda interna de gran capacidad, esta empu\u00f1adura ofrece una salida de 60 W de corriente continua para un mayor tiempo de funcionamiento, hasta un 170% m\u00e1s que la bater\u00eda interna media de las c\u00e1maras.<\/p>\n<p>La empu\u00f1adura cuenta con dos puertos USB-C, uno de ellos con protocolo de carga r\u00e1pida PD, que permite a la empu\u00f1adura cargar o alimentar un dispositivo con la m\u00e1xima cantidad de energ\u00eda que el dispositivo espec\u00edfico pueda soportar.<\/p>\n<p>La palanca de desbloqueo permite ajustar con rapidez y precisi\u00f3n el \u00e1ngulo de la empu\u00f1adura, lo que simplifica el manejo y crea un flujo de trabajo m\u00e1s eficaz.<\/p>\n<p>La empu\u00f1adura viene equipada con m\u00faltiples opciones de montaje, incluido un receptor de zapata fr\u00eda y una rosca de 1\/4&#8243;-20 para montar accesorios como <a href=\"https:\/\/de.tilta.com\/shop\/tiltaing-mini-articulating-arm\/\">peque\u00f1os brazos articulados<\/a> o monitores externos.<\/p>\n<p>La empu\u00f1adura tambi\u00e9n cuenta con una correa de mu\u00f1eca para mayor estabilidad y un puerto USB-C est\u00e1ndar para el control de MARCHA\/PARADA.<\/p>\n<p>La construcci\u00f3n met\u00e1lica de alta calidad y la cobertura antideslizante proporcionan mayor seguridad y un manejo c\u00f3modo.<\/p>\n<p><em>Lleva tu equipo de c\u00e1mara al siguiente nivel con la empu\u00f1adura PD lateral izquierda Tilta, un accesorio de c\u00e1mara potente y ergon\u00f3mico dise\u00f1ado para proporcionar una experiencia de disparo sin fisuras.<\/em><\/p>\n<p><strong><span style=\"text-decoration: underline;\">NOTA<\/span>: La carga r\u00e1pida PD <span style=\"text-decoration: underline;\">NO<\/span> es compatible con todas las c\u00e1maras. Confirma la compatibilidad de tu c\u00e1mara antes de utilizar esta empu\u00f1adura.  <\/strong><\/p>\n<p><strong>SE <span style=\"text-decoration: underline;\">NECESITA<\/span> UNA BATER\u00cdA INTERNA DE LA C\u00c1MARA PARA UTILIZAR LA ALIMENTACI\u00d3N PD.<\/strong><\/p>\n<p>&nbsp;<\/p>\n","protected":false},"excerpt":{"rendered":"<p>Esta empu\u00f1adura lateral de nueva generaci\u00f3n es la opci\u00f3n definitiva para alimentar varias c\u00e1maras y accesorios mediante una bater\u00eda interna con salidas de alimentaci\u00f3n avanzadas. Con una bater\u00eda interna de gran capacidad, esta empu\u00f1adura ofrece una salida de 60 W [&hellip;]<\/p>\n","protected":false},"featured_media":2005380,"comment_status":"closed","ping_status":"closed","template":"","meta":[],"product_cat":[2831,2740,2886,2962],"product_tag":[],"acf":[],"gallery_images":[2005383,2005384,2005385,2005386,2005387],"_links":{"self":[{"href":"https:\/\/eu.tilta.com\/es\/wp-json\/wp\/v2\/product\/2005358"}],"collection":[{"href":"https:\/\/eu.tilta.com\/es\/wp-json\/wp\/v2\/product"}],"about":[{"href":"https:\/\/eu.tilta.com\/es\/wp-json\/wp\/v2\/types\/product"}],"replies":[{"embeddable":true,"href":"https:\/\/eu.tilta.com\/es\/wp-json\/wp\/v2\/comments?post=2005358"}],"wp:featuredmedia":[{"embeddable":true,"href":"https:\/\/eu.tilta.com\/es\/wp-json\/wp\/v2\/media\/2005380"}],"wp:attachment":[{"href":"https:\/\/eu.tilta.com\/es\/wp-json\/wp\/v2\/media?parent=2005358"}],"wp:term":[{"taxonomy":"product_cat","embeddable":true,"href":"https:\/\/eu.tilta.com\/es\/wp-json\/wp\/v2\/product_cat?post=2005358"},{"taxonomy":"product_tag","embeddable":true,"href":"https:\/\/eu.tilta.com\/es\/wp-json\/wp\/v2\/product_tag?post=2005358"}],"curies":[{"name":"wp","href":"https:\/\/api.w.org\/{rel}","templated":true}]}}