{"id":2005491,"date":"2022-11-10T13:53:48","date_gmt":"2022-11-10T12:53:48","guid":{"rendered":"https:\/\/de.tilta.com\/shop\/extension-lateral-izquierda-otan-negro\/"},"modified":"2025-12-05T13:36:46","modified_gmt":"2025-12-05T12:36:46","slug":"left-side-nato-extension-attachment-black","status":"publish","type":"product","link":"https:\/\/eu.tilta.com\/es\/shop\/left-side-nato-extension-attachment-black\/","title":{"rendered":"Extensi\u00f3n lateral izquierda OTAN &#8211; Negro"},"content":{"rendered":"<p>Este Accesorio de Extensi\u00f3n OTAN se conecta al Lado Izquierdo de tu Jaula de C\u00e1mara Tilta o <a href=\"https:\/\/de.tilta.com\/shop\/tiltaing-36mm-nato-rail-attachment\/#\">Accesorio de Ra\u00edl OTAN<\/a> compatible y te permite montar cualquiera de nuestras <a href=\"https:\/\/de.tilta.com\/product-category\/handles\/side-handles\/\">Asas Laterales<\/a> Basadas en la OTAN.<\/p>\n<p>Este accesorio proporciona una holgura adicional entre el cuerpo de la c\u00e1mara y la empu\u00f1adura, lo que permite a los usuarios agarrar mejor la empu\u00f1adura y crea la holgura necesaria para las pantallas LCD abatibles de algunos cuerpos de c\u00e1mara.<\/p>\n<p>Es el accesorio perfecto para los usuarios que buscan ampliar sus opciones de montaje de empu\u00f1aduras laterales en sus c\u00e1maras port\u00e1tiles.<\/p>\n<p>&nbsp;<\/p>\n","protected":false},"excerpt":{"rendered":"<p>Este Accesorio de Extensi\u00f3n OTAN se conecta al Lado Izquierdo de tu Jaula de C\u00e1mara Tilta o Accesorio de Ra\u00edl OTAN compatible y te permite montar cualquiera de nuestras Asas Laterales Basadas en la OTAN. Este accesorio proporciona una holgura [&hellip;]<\/p>\n","protected":false},"featured_media":2005495,"comment_status":"closed","ping_status":"closed","template":"","meta":[],"product_cat":[2992,2732,2784],"product_tag":[],"acf":[],"gallery_images":[2005496,2005497,2005498],"_links":{"self":[{"href":"https:\/\/eu.tilta.com\/es\/wp-json\/wp\/v2\/product\/2005491"}],"collection":[{"href":"https:\/\/eu.tilta.com\/es\/wp-json\/wp\/v2\/product"}],"about":[{"href":"https:\/\/eu.tilta.com\/es\/wp-json\/wp\/v2\/types\/product"}],"replies":[{"embeddable":true,"href":"https:\/\/eu.tilta.com\/es\/wp-json\/wp\/v2\/comments?post=2005491"}],"wp:featuredmedia":[{"embeddable":true,"href":"https:\/\/eu.tilta.com\/es\/wp-json\/wp\/v2\/media\/2005495"}],"wp:attachment":[{"href":"https:\/\/eu.tilta.com\/es\/wp-json\/wp\/v2\/media?parent=2005491"}],"wp:term":[{"taxonomy":"product_cat","embeddable":true,"href":"https:\/\/eu.tilta.com\/es\/wp-json\/wp\/v2\/product_cat?post=2005491"},{"taxonomy":"product_tag","embeddable":true,"href":"https:\/\/eu.tilta.com\/es\/wp-json\/wp\/v2\/product_tag?post=2005491"}],"curies":[{"name":"wp","href":"https:\/\/api.w.org\/{rel}","templated":true}]}}