{"id":2005499,"date":"2022-12-28T10:14:27","date_gmt":"2022-12-28T09:14:27","guid":{"rendered":"https:\/\/de.tilta.com\/shop\/adaptador-de-soporte-de-varilla-de-15-mm-a-doble-1-4-20-negro\/"},"modified":"2026-02-13T11:33:43","modified_gmt":"2026-02-13T10:33:43","slug":"15mm-rod-holder-to-dual-1-4-20-adapter-black","status":"publish","type":"product","link":"https:\/\/eu.tilta.com\/es\/shop\/15mm-rod-holder-to-dual-1-4-20-adapter-black\/","title":{"rendered":"Adaptador de soporte de varilla de 15 mm a doble 1\/4&#8243;-20 &#8211; Negro"},"content":{"rendered":"<p>Este soporte de varilla de 15 mm es la opci\u00f3n perfecta para montar de forma segura los accesorios m\u00e1s resistentes basados en varillas en tu sistema de c\u00e1mara a trav\u00e9s de una de nuestras jaulas de c\u00e1mara media o completa.<\/p>\n<p>Esta variante espec\u00edfica se monta mediante dos tornillos de 1\/4\u2033-20, lo que ayuda a evitar que la varilla gire y admite accesorios m\u00e1s pesados, como motores de enfoque de seguimiento inal\u00e1mbricos m\u00e1s grandes.<\/p>\n<p>Este dise\u00f1o permite principalmente montar este Portaca\u00f1as en el lateral de la mayor\u00eda de las jaulas, pero tambi\u00e9n puede montarse en la parte superior de jaulas de c\u00e1maras m\u00e1s grandes que tengan roscas suficientes para soportarlo.<\/p>\n<p>Esto la convierte en la soluci\u00f3n ligera perfecta para montar accesorios basados en varillas que tradicionalmente no pod\u00edan montarse mediante una sola varilla.<\/p>\n","protected":false},"excerpt":{"rendered":"<p>Este soporte de varilla de 15 mm es la opci\u00f3n perfecta para montar de forma segura los accesorios m\u00e1s resistentes basados en varillas en tu sistema de c\u00e1mara a trav\u00e9s de una de nuestras jaulas de c\u00e1mara media o completa. [&hellip;]<\/p>\n","protected":false},"featured_media":2005503,"comment_status":"closed","ping_status":"closed","template":"","meta":[],"product_cat":[3248,2833,2831,2839,2789,2837,2744,2746,2840,2835,2745,2832,2838,2976,2881],"product_tag":[],"acf":[],"gallery_images":[2005505,2005507],"_links":{"self":[{"href":"https:\/\/eu.tilta.com\/es\/wp-json\/wp\/v2\/product\/2005499"}],"collection":[{"href":"https:\/\/eu.tilta.com\/es\/wp-json\/wp\/v2\/product"}],"about":[{"href":"https:\/\/eu.tilta.com\/es\/wp-json\/wp\/v2\/types\/product"}],"replies":[{"embeddable":true,"href":"https:\/\/eu.tilta.com\/es\/wp-json\/wp\/v2\/comments?post=2005499"}],"wp:featuredmedia":[{"embeddable":true,"href":"https:\/\/eu.tilta.com\/es\/wp-json\/wp\/v2\/media\/2005503"}],"wp:attachment":[{"href":"https:\/\/eu.tilta.com\/es\/wp-json\/wp\/v2\/media?parent=2005499"}],"wp:term":[{"taxonomy":"product_cat","embeddable":true,"href":"https:\/\/eu.tilta.com\/es\/wp-json\/wp\/v2\/product_cat?post=2005499"},{"taxonomy":"product_tag","embeddable":true,"href":"https:\/\/eu.tilta.com\/es\/wp-json\/wp\/v2\/product_tag?post=2005499"}],"curies":[{"name":"wp","href":"https:\/\/api.w.org\/{rel}","templated":true}]}}