{"id":2005520,"date":"2022-12-28T10:07:42","date_gmt":"2022-12-28T09:07:42","guid":{"rendered":"https:\/\/de.tilta.com\/shop\/adaptador-de-soporte-de-varilla-de-15-mm-a-1-4-20-montaje-frontal-negro\/"},"modified":"2025-12-05T13:36:47","modified_gmt":"2025-12-05T12:36:47","slug":"15mm-rod-holder-to-1-4-20-adapter-front-mounted-black","status":"publish","type":"product","link":"https:\/\/eu.tilta.com\/es\/shop\/15mm-rod-holder-to-1-4-20-adapter-front-mounted-black\/","title":{"rendered":"Adaptador de soporte de varilla de 15 mm a 1\/4&#8243;-20 (montaje frontal) &#8211; Negro"},"content":{"rendered":"<div class=\"overview-text\">\n<div class=\"overview-text\">\n<p>Este soporte de varilla de 15 mm es la opci\u00f3n perfecta para montar accesorios basados en varillas en tu sistema de c\u00e1mara a trav\u00e9s de una de nuestras jaulas de c\u00e1mara media o completa.<\/p>\n<p>Esta variante espec\u00edfica se monta mediante un tornillo de 1\/4\u2033-20 y utiliza un pasador de fijaci\u00f3n que ayuda a evitar que la varilla gire al utilizar accesorios como motores de enfoque de seguimiento inal\u00e1mbricos.<\/p>\n<p>Este dise\u00f1o permite montar este Portaca\u00f1as en la parte frontal de una jaula, permitiendo que la ca\u00f1a se sit\u00fae m\u00e1s cerca del objetivo de lo que normalmente podr\u00eda hacerlo mediante las placas base tradicionales.<\/p>\n<p>Esto lo convierte en la soluci\u00f3n perfecta para montar sistemas de seguimiento basados en una sola varilla en objetivos compactos.<\/p>\n<\/div>\n<\/div>\n","protected":false},"excerpt":{"rendered":"<p>Este soporte de varilla de 15 mm es la opci\u00f3n perfecta para montar accesorios basados en varillas en tu sistema de c\u00e1mara a trav\u00e9s de una de nuestras jaulas de c\u00e1mara media o completa. Esta variante espec\u00edfica se monta mediante [&hellip;]<\/p>\n","protected":false},"featured_media":2005521,"comment_status":"closed","ping_status":"closed","template":"","meta":[],"product_cat":[3248,2833,2831,2839,2789,2837,2744,2746,2840,2835,2745,2832,2838,2976,2881],"product_tag":[],"acf":[],"gallery_images":[1936841,1936791],"_links":{"self":[{"href":"https:\/\/eu.tilta.com\/es\/wp-json\/wp\/v2\/product\/2005520"}],"collection":[{"href":"https:\/\/eu.tilta.com\/es\/wp-json\/wp\/v2\/product"}],"about":[{"href":"https:\/\/eu.tilta.com\/es\/wp-json\/wp\/v2\/types\/product"}],"replies":[{"embeddable":true,"href":"https:\/\/eu.tilta.com\/es\/wp-json\/wp\/v2\/comments?post=2005520"}],"wp:featuredmedia":[{"embeddable":true,"href":"https:\/\/eu.tilta.com\/es\/wp-json\/wp\/v2\/media\/2005521"}],"wp:attachment":[{"href":"https:\/\/eu.tilta.com\/es\/wp-json\/wp\/v2\/media?parent=2005520"}],"wp:term":[{"taxonomy":"product_cat","embeddable":true,"href":"https:\/\/eu.tilta.com\/es\/wp-json\/wp\/v2\/product_cat?post=2005520"},{"taxonomy":"product_tag","embeddable":true,"href":"https:\/\/eu.tilta.com\/es\/wp-json\/wp\/v2\/product_tag?post=2005520"}],"curies":[{"name":"wp","href":"https:\/\/api.w.org\/{rel}","templated":true}]}}