{"id":2005555,"date":"2022-11-23T16:30:53","date_gmt":"2022-11-23T15:30:53","guid":{"rendered":"https:\/\/de.tilta.com\/shop\/rotula-tilta-para-mini-brazo-articulado\/"},"modified":"2026-04-17T05:32:07","modified_gmt":"2026-04-17T03:32:07","slug":"ball-joint-for-mini-articulating-arm","status":"publish","type":"product","link":"https:\/\/eu.tilta.com\/es\/shop\/ball-joint-for-mini-articulating-arm\/","title":{"rendered":"R\u00f3tula Tilta para Mini Brazo Articulado"},"content":{"rendered":"<p>Personaliza tu <a href=\"https:\/\/de.tilta.com\/shop\/tiltaing-mini-articulating-arm\/\">Mini Brazo Articulado<\/a> con los nuevos enganches de r\u00f3tula. Esta r\u00f3tula puede intercambiarse con las incluidas en el Mini Brazo Articulado y presenta varias opciones que admiten m\u00faltiples tipos de fijaci\u00f3n.<\/p>\n<p>Estos tipos de fijaci\u00f3n incluyen la roseta ARRI, la zapata fr\u00eda, la OTAN, las varillas de 15\/19 mm, la montura GoPro e incluso el tipo de conexi\u00f3n para monitor de SmallHD.<\/p>\n<p>Se puede a\u00f1adir un brazo de r\u00f3tula extendido para ampliar los puntos de articulaci\u00f3n y aumentar el tama\u00f1o del brazo para aplicaciones \u00fanicas.<\/p>\n","protected":false},"excerpt":{"rendered":"<p>Personaliza tu Mini Brazo Articulado con los nuevos enganches de r\u00f3tula. Esta r\u00f3tula puede intercambiarse con las incluidas en el Mini Brazo Articulado y presenta varias opciones que admiten m\u00faltiples tipos de fijaci\u00f3n. Estos tipos de fijaci\u00f3n incluyen la roseta [&hellip;]<\/p>\n","protected":false},"featured_media":2005556,"comment_status":"closed","ping_status":"closed","template":"","meta":[],"product_cat":[3248,3088,2716,2749,2737,2719,2812,2843,2844,2834,2842,2833,2831,2740,2735,2813,2814,2815,2816,3019,3013,3018,2839,2742,2817,2789,2829,2741,2837,2739,2818,2790,2744,2830,2819,2820,2821,2822,2721,2746,3153,2738,2723,2823,2824,2836,2840,2835,2745,2832,2743,2786,2736,2828,2734,2733,2725,2775,2825,2727,2728,2826,2827,2731,2729,2730,2975,3002,2999,2904,2732],"product_tag":[],"acf":[],"gallery_images":[2005557,2005558,2005559,2005560,2005561,2005562,2005563,2005564,2005565],"_links":{"self":[{"href":"https:\/\/eu.tilta.com\/es\/wp-json\/wp\/v2\/product\/2005555"}],"collection":[{"href":"https:\/\/eu.tilta.com\/es\/wp-json\/wp\/v2\/product"}],"about":[{"href":"https:\/\/eu.tilta.com\/es\/wp-json\/wp\/v2\/types\/product"}],"replies":[{"embeddable":true,"href":"https:\/\/eu.tilta.com\/es\/wp-json\/wp\/v2\/comments?post=2005555"}],"wp:featuredmedia":[{"embeddable":true,"href":"https:\/\/eu.tilta.com\/es\/wp-json\/wp\/v2\/media\/2005556"}],"wp:attachment":[{"href":"https:\/\/eu.tilta.com\/es\/wp-json\/wp\/v2\/media?parent=2005555"}],"wp:term":[{"taxonomy":"product_cat","embeddable":true,"href":"https:\/\/eu.tilta.com\/es\/wp-json\/wp\/v2\/product_cat?post=2005555"},{"taxonomy":"product_tag","embeddable":true,"href":"https:\/\/eu.tilta.com\/es\/wp-json\/wp\/v2\/product_tag?post=2005555"}],"curies":[{"name":"wp","href":"https:\/\/api.w.org\/{rel}","templated":true}]}}