{"id":2005636,"date":"2022-11-08T16:09:27","date_gmt":"2022-11-08T15:09:27","guid":{"rendered":"https:\/\/de.tilta.com\/shop\/adaptador-de-rosetas-de-ajuste-rapido-negro\/"},"modified":"2026-04-22T12:11:50","modified_gmt":"2026-04-22T10:11:50","slug":"quick-adjust-rosette-adapter-black","status":"publish","type":"product","link":"https:\/\/eu.tilta.com\/es\/shop\/quick-adjust-rosette-adapter-black\/","title":{"rendered":"Adaptador de rosetas de ajuste r\u00e1pido &#8211; Negro"},"content":{"rendered":"<p class=\"p1\">\u00a1Ampl\u00eda la funcionalidad de tus rosetas con los adaptadores de rosetas de ajuste r\u00e1pido Tilta!<\/p>\n<p class=\"p1\">Estos adaptadores son compatibles con cualquier roseta est\u00e1ndar Arri y funcionan como puente entre la montura de roseta de tu c\u00e1mara o equipo de hombro y el conector de roseta de tu empu\u00f1adura lateral o accesorio.<\/p>\n<p class=\"p1\">Una vez colocada, una palanca de liberaci\u00f3n accesible con el pulgar te permite girar r\u00e1pidamente el \u00e1ngulo de tu roseta sin necesidad de aflojar ning\u00fan tornillo.<\/p>\n<p class=\"p1\">Esto puede hacerse sin dejar de sujetar las empu\u00f1aduras y te permite encontrar r\u00e1pidamente la posici\u00f3n m\u00e1s c\u00f3moda y ajustarla sobre la marcha seg\u00fan necesites.<\/p>\n<p class=\"p1\">Es la opci\u00f3n perfecta para nuestro<a href=\"https:\/\/de.tilta.com\/product-category\/shoulder-rigs\/tilta-lightweight-shoulder-rig\/\"><span class=\"s1\"> Aparejo de hombro ligero<\/span><\/a> o un card\u00e1n RS2\/RS3 Pro mediante nuestros <a href=\"https:\/\/de.tilta.com\/shop\/left-side-nato-rail-to-rosette-adapter\/\"><span class=\"s1\">Adaptadores de roseta<\/span><\/a>.<\/p>\n","protected":false},"excerpt":{"rendered":"<p>\u00a1Ampl\u00eda la funcionalidad de tus rosetas con los adaptadores de rosetas de ajuste r\u00e1pido Tilta! Estos adaptadores son compatibles con cualquier roseta est\u00e1ndar Arri y funcionan como puente entre la montura de roseta de tu c\u00e1mara o equipo de hombro [&hellip;]<\/p>\n","protected":false},"featured_media":2005640,"comment_status":"closed","ping_status":"closed","template":"","meta":[],"product_cat":[3230,2788,3007,2942,2874,2876,2999,2732],"product_tag":[],"acf":[],"gallery_images":[2005641,2005642,2005643,2005644,2005645,2005646,2005647],"_links":{"self":[{"href":"https:\/\/eu.tilta.com\/es\/wp-json\/wp\/v2\/product\/2005636"}],"collection":[{"href":"https:\/\/eu.tilta.com\/es\/wp-json\/wp\/v2\/product"}],"about":[{"href":"https:\/\/eu.tilta.com\/es\/wp-json\/wp\/v2\/types\/product"}],"replies":[{"embeddable":true,"href":"https:\/\/eu.tilta.com\/es\/wp-json\/wp\/v2\/comments?post=2005636"}],"wp:featuredmedia":[{"embeddable":true,"href":"https:\/\/eu.tilta.com\/es\/wp-json\/wp\/v2\/media\/2005640"}],"wp:attachment":[{"href":"https:\/\/eu.tilta.com\/es\/wp-json\/wp\/v2\/media?parent=2005636"}],"wp:term":[{"taxonomy":"product_cat","embeddable":true,"href":"https:\/\/eu.tilta.com\/es\/wp-json\/wp\/v2\/product_cat?post=2005636"},{"taxonomy":"product_tag","embeddable":true,"href":"https:\/\/eu.tilta.com\/es\/wp-json\/wp\/v2\/product_tag?post=2005636"}],"curies":[{"name":"wp","href":"https:\/\/api.w.org\/{rel}","templated":true}]}}