{"id":2005699,"date":"2022-11-02T09:02:53","date_gmt":"2022-11-02T08:02:53","guid":{"rendered":"https:\/\/de.tilta.com\/shop\/soporte-adaptador-de-montura-lpl-para-red-v-raptor-v2\/"},"modified":"2026-02-16T09:00:56","modified_gmt":"2026-02-16T08:00:56","slug":"lpl-mount-adapter-support-for-red-v-raptor-v2","status":"publish","type":"product","link":"https:\/\/eu.tilta.com\/es\/shop\/lpl-mount-adapter-support-for-red-v-raptor-v2\/","title":{"rendered":"Soporte adaptador de montura LPL para RED V-RAPTOR V2"},"content":{"rendered":"<p>Este soporte se fija a la parte delantera del cuerpo de la c\u00e1mara RED V-RAPTOR para proporcionar soporte a un adaptador de montura de objetivo LPL.<\/p>\n<p>Este soporte se fija mediante m\u00faltiples roscas para aumentar la seguridad mediante cuatro puntos de contacto.<\/p>\n<p>Este accesorio es la soluci\u00f3n perfecta para a\u00f1adir mayor seguridad a tu Adaptador LPL, permiti\u00e9ndote soportar objetivos full frame m\u00e1s pesados y aprovechar todo el Sensor V-RAPTOR 8K<\/p>\n","protected":false},"excerpt":{"rendered":"<p>Este soporte se fija a la parte delantera del cuerpo de la c\u00e1mara RED V-RAPTOR para proporcionar soporte a un adaptador de montura de objetivo LPL. Este soporte se fija mediante m\u00faltiples roscas para aumentar la seguridad mediante cuatro puntos [&hellip;]<\/p>\n","protected":false},"featured_media":2005713,"comment_status":"closed","ping_status":"closed","template":"","meta":[],"product_cat":[4448,2738,3153,2943],"product_tag":[],"acf":[],"gallery_images":[2005715],"_links":{"self":[{"href":"https:\/\/eu.tilta.com\/es\/wp-json\/wp\/v2\/product\/2005699"}],"collection":[{"href":"https:\/\/eu.tilta.com\/es\/wp-json\/wp\/v2\/product"}],"about":[{"href":"https:\/\/eu.tilta.com\/es\/wp-json\/wp\/v2\/types\/product"}],"replies":[{"embeddable":true,"href":"https:\/\/eu.tilta.com\/es\/wp-json\/wp\/v2\/comments?post=2005699"}],"wp:featuredmedia":[{"embeddable":true,"href":"https:\/\/eu.tilta.com\/es\/wp-json\/wp\/v2\/media\/2005713"}],"wp:attachment":[{"href":"https:\/\/eu.tilta.com\/es\/wp-json\/wp\/v2\/media?parent=2005699"}],"wp:term":[{"taxonomy":"product_cat","embeddable":true,"href":"https:\/\/eu.tilta.com\/es\/wp-json\/wp\/v2\/product_cat?post=2005699"},{"taxonomy":"product_tag","embeddable":true,"href":"https:\/\/eu.tilta.com\/es\/wp-json\/wp\/v2\/product_tag?post=2005699"}],"curies":[{"name":"wp","href":"https:\/\/api.w.org\/{rel}","templated":true}]}}